{"id":2402,"date":"2025-04-14T10:52:09","date_gmt":"2025-04-14T07:52:09","guid":{"rendered":"https:\/\/fil.ee\/uus\/?post_type=product&#038;p=2402"},"modified":"2025-09-12T16:44:33","modified_gmt":"2025-09-12T13:44:33","slug":"anna-armu","status":"publish","type":"product","link":"https:\/\/fil.ee\/uus\/toode\/anna-armu\/","title":{"rendered":"Anna armu"},"content":{"rendered":"<p>14. aprillil 2025. a. ilmus meie kirjastuselt uus luuleraamat Heili Konsa &#8220;Anna armu&#8221;. Raamat on k\u00f5vade kaante ja mustvalge sisuga. Raamatu m\u00f5\u00f5dud on 125&#215;176 mm, maht 80 lehek\u00fclge. Toimetas Heli Hallik, kaaned kujundas Merje Niinepuu-Rannamets ja k\u00fcljendas Vallo Hallik<\/p>\n<p><strong>Raamatu tutvustus:<br \/>\n<\/strong>Aeg on armutu \u2013 kihutab kannul, p\u00f5geneb eest, pudeneb k\u00e4est. Kes m\u00f5\u00f5dab me aega? Palju seda \u00fcldse on? Kas ta mitte kiirust ei \u00fcleta? Vahel ootajal laseb valjusti tiksuda sekundeil k\u00f5rvus. Vahel kaotame aega, vahel leiame.<br \/>\nAeg annab armu. Arm annab kirge. \u00dcks ei saa ilma teiseta. Nii ka esimene luulekogu igatses enda k\u00f5rvale kaaslast. P\u00fchendan selle s\u00fcdamesoojusega Sulle, hea lugeja, ja v\u00f5tan enesele kingitusena elatud aastate eest. Aeg on hindamatu. Anna armu, kallis aeg!<\/p>\n<p>Raamatusse sisse vaadata saab <a href=\"https:\/\/fil.ee\/sisu\/Anna_armu_esimesed_15lk.pdf\">siin<\/a>.<\/p>\n","protected":false},"excerpt":{"rendered":"<p>14. aprillil 2025. a. ilmus meie kirjastuselt uus luuleraamat Heili Konsa &#8220;Anna armu&#8221;. Raamat on k\u00f5vade kaante ja mustvalge sisuga. Raamatu m\u00f5\u00f5dud on 125&#215;176 mm, maht 80 lehek\u00fclge. Toimetas Heli Hallik, kaaned kujundas Merje Niinepuu-Rannamets ja k\u00fcljendas Vallo Hallik Raamatu tutvustus: Aeg on armutu \u2013 kihutab kannul, p\u00f5geneb eest, pudeneb k\u00e4est. Kes m\u00f5\u00f5dab me aega? [&hellip;]<\/p>\n","protected":false},"featured_media":2403,"comment_status":"open","ping_status":"closed","template":"","meta":[],"product_brand":[],"product_cat":[23],"product_tag":[],"class_list":{"0":"post-2402","1":"product","2":"type-product","3":"status-publish","4":"has-post-thumbnail","6":"product_cat-luule","8":"first","9":"instock","10":"taxable","11":"shipping-taxable","12":"purchasable","13":"product-type-simple"},"_links":{"self":[{"href":"https:\/\/fil.ee\/uus\/wp-json\/wp\/v2\/product\/2402","targetHints":{"allow":["GET"]}}],"collection":[{"href":"https:\/\/fil.ee\/uus\/wp-json\/wp\/v2\/product"}],"about":[{"href":"https:\/\/fil.ee\/uus\/wp-json\/wp\/v2\/types\/product"}],"replies":[{"embeddable":true,"href":"https:\/\/fil.ee\/uus\/wp-json\/wp\/v2\/comments?post=2402"}],"wp:featuredmedia":[{"embeddable":true,"href":"https:\/\/fil.ee\/uus\/wp-json\/wp\/v2\/media\/2403"}],"wp:attachment":[{"href":"https:\/\/fil.ee\/uus\/wp-json\/wp\/v2\/media?parent=2402"}],"wp:term":[{"taxonomy":"product_brand","embeddable":true,"href":"https:\/\/fil.ee\/uus\/wp-json\/wp\/v2\/product_brand?post=2402"},{"taxonomy":"product_cat","embeddable":true,"href":"https:\/\/fil.ee\/uus\/wp-json\/wp\/v2\/product_cat?post=2402"},{"taxonomy":"product_tag","embeddable":true,"href":"https:\/\/fil.ee\/uus\/wp-json\/wp\/v2\/product_tag?post=2402"}],"curies":[{"name":"wp","href":"https:\/\/api.w.org\/{rel}","templated":true}]}}