{"id":2392,"date":"2025-04-01T23:01:04","date_gmt":"2025-04-01T20:01:04","guid":{"rendered":"https:\/\/fil.ee\/uus\/?post_type=product&#038;p=2392"},"modified":"2026-01-29T16:26:16","modified_gmt":"2026-01-29T14:26:16","slug":"esimesed-sada-saatus","status":"publish","type":"product","link":"https:\/\/fil.ee\/uus\/toode\/esimesed-sada-saatus\/","title":{"rendered":"Esimesed sada. Saatus"},"content":{"rendered":"<p>01. aprillil 2025. a. ilmus meie kirjastuselt uus raamat V. L. Konn &#8220;Esimesed sada. Saatus&#8221;. Raamat on k\u00f5vade kaante ja mustvalge sisuga. Raamatu m\u00f5\u00f5dud on 148&#215;210 mm, maht 208 lehek\u00fclge. Toimetas S. Rattiste, k\u00fcljendas ja kaaned kujundas Vallo Hallik<\/p>\n<p><strong>Raamatu tutvustus:<br \/>\n<\/strong>\u201eSina oled minu saatus!\u201d Anjuta, 37-aastane; \u201eSina oled minu saatus!\u201d Ande 46-aastane; \u201eSina oled minu saatus!\u201d Raili 49-aastane; \u201eMina olen sinu saatus!\u201d Reesika 61-aastane.<\/p>\n<p>Raamatusse sisse vaadata saab <a href=\"https:\/\/fil.ee\/sisu\/Esimesed_sada-Saatus-esimesed_15lk.pdf\">siin<\/a>.<\/p>\n","protected":false},"excerpt":{"rendered":"<p>01. aprillil 2025. a. ilmus meie kirjastuselt uus raamat V. L. Konn &#8220;Esimesed sada. Saatus&#8221;. Raamat on k\u00f5vade kaante ja mustvalge sisuga. Raamatu m\u00f5\u00f5dud on 148&#215;210 mm, maht 208 lehek\u00fclge. Toimetas S. Rattiste, k\u00fcljendas ja kaaned kujundas Vallo Hallik Raamatu tutvustus: \u201eSina oled minu saatus!\u201d Anjuta, 37-aastane; \u201eSina oled minu saatus!\u201d Ande 46-aastane; \u201eSina oled [&hellip;]<\/p>\n","protected":false},"featured_media":2393,"comment_status":"open","ping_status":"closed","template":"","meta":[],"product_brand":[],"product_cat":[19],"product_tag":[],"class_list":{"0":"post-2392","1":"product","2":"type-product","3":"status-publish","4":"has-post-thumbnail","6":"product_cat-ilukirjandus","8":"first","9":"instock","10":"taxable","11":"shipping-taxable","12":"purchasable","13":"product-type-simple"},"_links":{"self":[{"href":"https:\/\/fil.ee\/uus\/wp-json\/wp\/v2\/product\/2392","targetHints":{"allow":["GET"]}}],"collection":[{"href":"https:\/\/fil.ee\/uus\/wp-json\/wp\/v2\/product"}],"about":[{"href":"https:\/\/fil.ee\/uus\/wp-json\/wp\/v2\/types\/product"}],"replies":[{"embeddable":true,"href":"https:\/\/fil.ee\/uus\/wp-json\/wp\/v2\/comments?post=2392"}],"wp:featuredmedia":[{"embeddable":true,"href":"https:\/\/fil.ee\/uus\/wp-json\/wp\/v2\/media\/2393"}],"wp:attachment":[{"href":"https:\/\/fil.ee\/uus\/wp-json\/wp\/v2\/media?parent=2392"}],"wp:term":[{"taxonomy":"product_brand","embeddable":true,"href":"https:\/\/fil.ee\/uus\/wp-json\/wp\/v2\/product_brand?post=2392"},{"taxonomy":"product_cat","embeddable":true,"href":"https:\/\/fil.ee\/uus\/wp-json\/wp\/v2\/product_cat?post=2392"},{"taxonomy":"product_tag","embeddable":true,"href":"https:\/\/fil.ee\/uus\/wp-json\/wp\/v2\/product_tag?post=2392"}],"curies":[{"name":"wp","href":"https:\/\/api.w.org\/{rel}","templated":true}]}}