{"id":2390,"date":"2025-04-01T22:55:44","date_gmt":"2025-04-01T19:55:44","guid":{"rendered":"https:\/\/fil.ee\/uus\/?post_type=product&#038;p=2390"},"modified":"2025-08-13T16:02:52","modified_gmt":"2025-08-13T13:02:52","slug":"roovitud-vabadus-kattemaks","status":"publish","type":"product","link":"https:\/\/fil.ee\/uus\/toode\/roovitud-vabadus-kattemaks\/","title":{"rendered":"R\u00f6\u00f6vitud vabadus: K\u00e4ttemaks"},"content":{"rendered":"<p style=\"text-align: justify;\">01. aprillil 2025. a. ilmus meie kirjastuselt uus raamat Kaie Rang &#8220;R\u00f6\u00f6vitud vabadus: K\u00e4ttemaks&#8221;. Raamat on pehmete kaante ja mustvalge sisuga. Raamatu m\u00f5\u00f5dud on 148&#215;210 mm, maht 152 lehek\u00fclge. Toimetas Heli Hallik, k\u00fcljendas ja kaaned kujundas Vallo Hallik<\/p>\n<p style=\"text-align: justify;\"><strong>Raamatu tutvustus:<br \/>\n<\/strong>Aasta \u2013 nii kaua on m\u00f6\u00f6dunud ajast, mil Kirsika ja Janar oma elu eest v\u00f5itlesid ning pimedatest varjudest vabaks said. P\u00fc\u00fcdes oma elusid \u00fcles ehitada nullist tundub, justkui oleks \u00f5nn l\u00f5puks p\u00f6\u00f6rdunud armastajapaari poolele. N\u00e4iliselt t\u00e4iusliku \u00f6\u00f6 varjus ilmub aga nende eludesse salap\u00e4rane k\u00e4ttemaksja minevikust, tuues kaasa reetmise, valu ja leekidesse tuhaks p\u00f5lenud unistused. Kirsika ja Janari elu paisatakse taaskord ohtudesse, mist\u00f5ttu otsustab Janar oma s\u00fc\u00fctundest ja soovist Kirsikat kaitsta, teha m\u00f5tlematu teo. See keerab Kirsika elu aga totaalselt sassi, pannes naise tema s\u00fcngemate deemonitega silmitsi seisma.<br \/>\nKes on salap\u00e4rane k\u00e4ttemaksja minevikust ja mis on tema motiivid? Kas ta saavutab oma soovitud tulemuse v\u00f5i algab n\u00f5iajaht hoopis temale?<br \/>\nMillise m\u00f5eldamatu teo otsustab Janar teha ja miks?<br \/>\nKuidas tuleb Kirsika toime Janari otsusega ja kas k\u00f5ik ikka on nii nagu esmapilgul k\u00f5igile tundunud?<br \/>\nRomaan &#8220;R\u00f6\u00f6vitud vabadus: K\u00e4ttemaks&#8221; on kaasahaarav j\u00e4rg raamatu esimesele osale, mis puudutab s\u00fcgavalt ja valusalt inimlikke tundeid, leina, raevu ning m\u00f5testab lahti selle, milleks v\u00f5ib inimene v\u00f5imeline olla siis, kui tal pole enam elus justkui midagi kaotada.<br \/>\nRaamat on kirjutatud autori isiklike tunnete najal, p\u00f5imides \u00fcheks isikliku kaotusvalu ja fantaasia.<\/p>\n<p>Raamatusse sisse vaadata saab <a href=\"https:\/\/fil.ee\/sisu\/Roovitud_vabadus-kattemaks_esimesed_15lk.pdf\">siin<\/a>.<\/p>\n","protected":false},"excerpt":{"rendered":"<p>01. aprillil 2025. a. ilmus meie kirjastuselt uus raamat Kaie Rang &#8220;R\u00f6\u00f6vitud vabadus: K\u00e4ttemaks&#8221;. Raamat on pehmete kaante ja mustvalge sisuga. Raamatu m\u00f5\u00f5dud on 148&#215;210 mm, maht 152 lehek\u00fclge. Toimetas Heli Hallik, k\u00fcljendas ja kaaned kujundas Vallo Hallik Raamatu tutvustus: Aasta \u2013 nii kaua on m\u00f6\u00f6dunud ajast, mil Kirsika ja Janar oma elu eest v\u00f5itlesid [&hellip;]<\/p>\n","protected":false},"featured_media":2394,"comment_status":"open","ping_status":"closed","template":"","meta":[],"product_brand":[],"product_cat":[19],"product_tag":[],"class_list":{"0":"post-2390","1":"product","2":"type-product","3":"status-publish","4":"has-post-thumbnail","6":"product_cat-ilukirjandus","8":"first","9":"instock","10":"taxable","11":"shipping-taxable","12":"purchasable","13":"product-type-simple"},"_links":{"self":[{"href":"https:\/\/fil.ee\/uus\/wp-json\/wp\/v2\/product\/2390","targetHints":{"allow":["GET"]}}],"collection":[{"href":"https:\/\/fil.ee\/uus\/wp-json\/wp\/v2\/product"}],"about":[{"href":"https:\/\/fil.ee\/uus\/wp-json\/wp\/v2\/types\/product"}],"replies":[{"embeddable":true,"href":"https:\/\/fil.ee\/uus\/wp-json\/wp\/v2\/comments?post=2390"}],"wp:featuredmedia":[{"embeddable":true,"href":"https:\/\/fil.ee\/uus\/wp-json\/wp\/v2\/media\/2394"}],"wp:attachment":[{"href":"https:\/\/fil.ee\/uus\/wp-json\/wp\/v2\/media?parent=2390"}],"wp:term":[{"taxonomy":"product_brand","embeddable":true,"href":"https:\/\/fil.ee\/uus\/wp-json\/wp\/v2\/product_brand?post=2390"},{"taxonomy":"product_cat","embeddable":true,"href":"https:\/\/fil.ee\/uus\/wp-json\/wp\/v2\/product_cat?post=2390"},{"taxonomy":"product_tag","embeddable":true,"href":"https:\/\/fil.ee\/uus\/wp-json\/wp\/v2\/product_tag?post=2390"}],"curies":[{"name":"wp","href":"https:\/\/api.w.org\/{rel}","templated":true}]}}