{"id":2384,"date":"2025-03-12T10:10:57","date_gmt":"2025-03-12T08:10:57","guid":{"rendered":"https:\/\/fil.ee\/uus\/?post_type=product&#038;p=2384"},"modified":"2025-11-04T20:01:10","modified_gmt":"2025-11-04T18:01:10","slug":"sobrad-loomariigist","status":"publish","type":"product","link":"https:\/\/fil.ee\/uus\/toode\/sobrad-loomariigist\/","title":{"rendered":"S\u00f5brad loomariigist"},"content":{"rendered":"<p>11. m\u00e4rtsil 2025. a. ilmus meie kirjastuselt uus lasteraamat Kristina Sepp &#8220;S\u00f5brad loomariigist&#8221;. Raamat on k\u00f5vade kaante ja v\u00e4rvilise sisuga. Raamatu m\u00f5\u00f5dud on 210&#215;297 mm, maht 52 lehek\u00fclge. Illustreeris Kristina Sepp, k\u00fcljendas ja kaaned kujundas Vallo Hallik<\/p>\n<p><strong>Raamatu tutvustus:<br \/>\n<\/strong>Avasta loomariigi pisikesed imed \u2013 armsad loomad, linnud, putukad ja kalad.<\/p>\n<p>Raamatusse sisse vaadata saab <a href=\"https:\/\/fil.ee\/sisu\/Sobrad_loomariigist_esimesed_15lk.pdf\">siin<\/a>.<\/p>\n","protected":false},"excerpt":{"rendered":"<p>11. m\u00e4rtsil 2025. a. ilmus meie kirjastuselt uus lasteraamat Kristina Sepp &#8220;S\u00f5brad loomariigist&#8221;. Raamat on k\u00f5vade kaante ja v\u00e4rvilise sisuga. Raamatu m\u00f5\u00f5dud on 210&#215;297 mm, maht 52 lehek\u00fclge. Illustreeris Kristina Sepp, k\u00fcljendas ja kaaned kujundas Vallo Hallik Raamatu tutvustus: Avasta loomariigi pisikesed imed \u2013 armsad loomad, linnud, putukad ja kalad. Raamatusse sisse vaadata saab siin.<\/p>\n","protected":false},"featured_media":2385,"comment_status":"open","ping_status":"closed","template":"","meta":[],"product_brand":[],"product_cat":[22],"product_tag":[],"class_list":{"0":"post-2384","1":"product","2":"type-product","3":"status-publish","4":"has-post-thumbnail","6":"product_cat-lastele","8":"first","9":"instock","10":"sale","11":"taxable","12":"shipping-taxable","13":"purchasable","14":"product-type-simple"},"_links":{"self":[{"href":"https:\/\/fil.ee\/uus\/wp-json\/wp\/v2\/product\/2384","targetHints":{"allow":["GET"]}}],"collection":[{"href":"https:\/\/fil.ee\/uus\/wp-json\/wp\/v2\/product"}],"about":[{"href":"https:\/\/fil.ee\/uus\/wp-json\/wp\/v2\/types\/product"}],"replies":[{"embeddable":true,"href":"https:\/\/fil.ee\/uus\/wp-json\/wp\/v2\/comments?post=2384"}],"wp:featuredmedia":[{"embeddable":true,"href":"https:\/\/fil.ee\/uus\/wp-json\/wp\/v2\/media\/2385"}],"wp:attachment":[{"href":"https:\/\/fil.ee\/uus\/wp-json\/wp\/v2\/media?parent=2384"}],"wp:term":[{"taxonomy":"product_brand","embeddable":true,"href":"https:\/\/fil.ee\/uus\/wp-json\/wp\/v2\/product_brand?post=2384"},{"taxonomy":"product_cat","embeddable":true,"href":"https:\/\/fil.ee\/uus\/wp-json\/wp\/v2\/product_cat?post=2384"},{"taxonomy":"product_tag","embeddable":true,"href":"https:\/\/fil.ee\/uus\/wp-json\/wp\/v2\/product_tag?post=2384"}],"curies":[{"name":"wp","href":"https:\/\/api.w.org\/{rel}","templated":true}]}}