{"id":2377,"date":"2025-03-06T05:08:21","date_gmt":"2025-03-06T03:08:21","guid":{"rendered":"https:\/\/fil.ee\/uus\/?post_type=product&#038;p=2377"},"modified":"2025-11-04T20:03:03","modified_gmt":"2025-11-04T18:03:03","slug":"minu-salamaa","status":"publish","type":"product","link":"https:\/\/fil.ee\/uus\/toode\/minu-salamaa\/","title":{"rendered":"Minu salamaa"},"content":{"rendered":"<p>6. m\u00e4rtsil 2025. a. ilmus meie kirjastuselt uus raamat Mari Reinap &#8220;Minu salamaa&#8221;. Raamat on k\u00f5vade kaante ja v\u00e4rvilise sisuga. Raamatu m\u00f5\u00f5dud on 140&#215;220 mm, maht 60 lehek\u00fclge. Toimetas Heli Hallik, k\u00fcljendas ja kaaned kujundas Vallo Hallik<\/p>\n<p><strong>Raamatu tutvustus:<br \/>\n<\/strong>See lugu, mida n\u00fc\u00fcd k\u00e4es hoiad, on \u00fcsna ootamatu. Lugu mu armastust t\u00e4is s\u00fcdamest.<br \/>\nK\u00f5ik algas lihtsast v\u00e4ikesest valgest kivist, mille ta mulle s\u00f5pruse m\u00e4rgiks kinkis. Kannan seda kui meie \u00f5nne talismani endaga kaasas.\u00dchel hetkel r\u00f6\u00f6vis ta aga mu s\u00fcdame, see on n\u00fc\u00fcd mu kaaslase k\u00e4es hoolega hoiul. Nii imeliselt, hingep\u00f5hjani, oskas vaid tema mind puudutada. Mu salalaulud tulid minuni kolmel p\u00e4eval turbokiirusel. Siis k\u00fcpsesid omasoodu.<br \/>\nTegelikult on mu Salamaa p\u00e4riselt ka olemas. See on imeline \u00fcksildane koht Eestimaal, keset rabasid ja metsi. Mu esivanemad on sealt p\u00e4rit, olen veetnud seal k\u00f5ik suved. N\u00e4itan teile killukesi oma Salamaast.<br \/>\nOlen oma elus kogenud suurt kaotusvalu. Usun, et kui armastad kedagi v\u00e4ga, j\u00e4\u00e4vad l\u00e4hedaste hinged sinuga alatiseks. Kui palju hingi on mu n\u00e4htamatus paunas! Kummardan teile s\u00fcgavalt, kaasteelised. Olete mulle nii palju elus \u00f5petanud, kannan teid ikka endaga.<br \/>\nSelles raamatus on minu siirad ja ausad m\u00f5tted otse hingep\u00f5hjast. Olen saanud sellega naerda ning valanud pisaraid. Loodan, et see liigutab ka teie s\u00fcdameid.<br \/>\nOma t\u00e4nutunnet ja armastust soovingi teiega jagada.<br \/>\nMari Salamaal<\/p>\n<p>Raamatusse sisse vaadata saab <a href=\"https:\/\/fil.ee\/sisu\/Minu_salamaa_esimesed_15lk.pdf\">siin<\/a>.<\/p>\n","protected":false},"excerpt":{"rendered":"<p>6. m\u00e4rtsil 2025. a. ilmus meie kirjastuselt uus raamat Mari Reinap &#8220;Minu salamaa&#8221;. Raamat on k\u00f5vade kaante ja v\u00e4rvilise sisuga. Raamatu m\u00f5\u00f5dud on 140&#215;220 mm, maht 60 lehek\u00fclge. Toimetas Heli Hallik, k\u00fcljendas ja kaaned kujundas Vallo Hallik Raamatu tutvustus: See lugu, mida n\u00fc\u00fcd k\u00e4es hoiad, on \u00fcsna ootamatu. Lugu mu armastust t\u00e4is s\u00fcdamest. K\u00f5ik algas [&hellip;]<\/p>\n","protected":false},"featured_media":2378,"comment_status":"open","ping_status":"closed","template":"","meta":[],"product_brand":[],"product_cat":[23],"product_tag":[],"class_list":{"0":"post-2377","1":"product","2":"type-product","3":"status-publish","4":"has-post-thumbnail","6":"product_cat-luule","8":"first","9":"instock","10":"taxable","11":"shipping-taxable","12":"purchasable","13":"product-type-simple"},"_links":{"self":[{"href":"https:\/\/fil.ee\/uus\/wp-json\/wp\/v2\/product\/2377","targetHints":{"allow":["GET"]}}],"collection":[{"href":"https:\/\/fil.ee\/uus\/wp-json\/wp\/v2\/product"}],"about":[{"href":"https:\/\/fil.ee\/uus\/wp-json\/wp\/v2\/types\/product"}],"replies":[{"embeddable":true,"href":"https:\/\/fil.ee\/uus\/wp-json\/wp\/v2\/comments?post=2377"}],"wp:featuredmedia":[{"embeddable":true,"href":"https:\/\/fil.ee\/uus\/wp-json\/wp\/v2\/media\/2378"}],"wp:attachment":[{"href":"https:\/\/fil.ee\/uus\/wp-json\/wp\/v2\/media?parent=2377"}],"wp:term":[{"taxonomy":"product_brand","embeddable":true,"href":"https:\/\/fil.ee\/uus\/wp-json\/wp\/v2\/product_brand?post=2377"},{"taxonomy":"product_cat","embeddable":true,"href":"https:\/\/fil.ee\/uus\/wp-json\/wp\/v2\/product_cat?post=2377"},{"taxonomy":"product_tag","embeddable":true,"href":"https:\/\/fil.ee\/uus\/wp-json\/wp\/v2\/product_tag?post=2377"}],"curies":[{"name":"wp","href":"https:\/\/api.w.org\/{rel}","templated":true}]}}