{"id":2375,"date":"2025-03-06T05:04:08","date_gmt":"2025-03-06T03:04:08","guid":{"rendered":"https:\/\/fil.ee\/uus\/?post_type=product&#038;p=2375"},"modified":"2026-03-23T21:34:04","modified_gmt":"2026-03-23T19:34:04","slug":"kelmikas-kevad","status":"publish","type":"product","link":"https:\/\/fil.ee\/uus\/toode\/kelmikas-kevad\/","title":{"rendered":"Kelmikas kevad"},"content":{"rendered":"<p style=\"text-align: justify;\">6. m\u00e4rtsil 2025. a. ilmus meie kirjastuselt uus raamat Merike Kase &#8220;Kelmikas kevad&#8221;. Raamat on k\u00f5vade kaante ja v\u00e4rvilise sisuga. Raamatu m\u00f5\u00f5dud on 170&#215;240 mm, maht 64 lehek\u00fclge. Toimetas Mari-Liis Treial, illustreeris Elerin Valdas, k\u00fcljendas ja kaaned kujundas Vallo Hallik<\/p>\n<p style=\"text-align: justify;\"><strong>Raamatu tutvustus:<br \/>\n<\/strong>Selle raamatu lustakates lugudes seiklevad erilised loomad ning tavalised esemed. Muuhulgas saad teada, kas pingviinid Pille ja Paul leiavad Kevade, kuidas kanamunad oma unistusi p\u00fc\u00fcavad, miks konn Kendra peab l\u00fchikese aja jooksul mitu korda kolima ning mille \u00fcle kobras ja saarmas pead murravad. Teiste seas kohtud nutva pid\u017eaama, iseka suu, r\u00e4nnuhimulise tatikolli ja puhkusele s\u00f5itnud nutitelefoniga. Iga jutukese l\u00f5pus on k\u00fcsimused, mis toetavad lapse (ja miks mitte ka t\u00e4iskasvanu) kujutlusv\u00f5imet, avardavad tema silmaringi ning annavad v\u00f5imaluse avaldada arvamust.<\/p>\n<p>Raamatusse sisse vaadata saab <a href=\"https:\/\/fil.ee\/sisu\/Kelmikas_kevad_esimesed_15lk.pdf\">siin<\/a>.<\/p>\n","protected":false},"excerpt":{"rendered":"<p>6. m\u00e4rtsil 2025. a. ilmus meie kirjastuselt uus raamat Merike Kase &#8220;Kelmikas kevad&#8221;. Raamat on k\u00f5vade kaante ja v\u00e4rvilise sisuga. Raamatu m\u00f5\u00f5dud on 170&#215;240 mm, maht 64 lehek\u00fclge. Toimetas Mari-Liis Treial, illustreeris Elerin Valdas, k\u00fcljendas ja kaaned kujundas Vallo Hallik Raamatu tutvustus: Selle raamatu lustakates lugudes seiklevad erilised loomad ning tavalised esemed. Muuhulgas saad teada, [&hellip;]<\/p>\n","protected":false},"featured_media":2376,"comment_status":"open","ping_status":"closed","template":"","meta":[],"product_brand":[],"product_cat":[22],"product_tag":[],"class_list":{"0":"post-2375","1":"product","2":"type-product","3":"status-publish","4":"has-post-thumbnail","6":"product_cat-lastele","8":"first","9":"instock","10":"taxable","11":"shipping-taxable","12":"purchasable","13":"product-type-simple"},"_links":{"self":[{"href":"https:\/\/fil.ee\/uus\/wp-json\/wp\/v2\/product\/2375","targetHints":{"allow":["GET"]}}],"collection":[{"href":"https:\/\/fil.ee\/uus\/wp-json\/wp\/v2\/product"}],"about":[{"href":"https:\/\/fil.ee\/uus\/wp-json\/wp\/v2\/types\/product"}],"replies":[{"embeddable":true,"href":"https:\/\/fil.ee\/uus\/wp-json\/wp\/v2\/comments?post=2375"}],"wp:featuredmedia":[{"embeddable":true,"href":"https:\/\/fil.ee\/uus\/wp-json\/wp\/v2\/media\/2376"}],"wp:attachment":[{"href":"https:\/\/fil.ee\/uus\/wp-json\/wp\/v2\/media?parent=2375"}],"wp:term":[{"taxonomy":"product_brand","embeddable":true,"href":"https:\/\/fil.ee\/uus\/wp-json\/wp\/v2\/product_brand?post=2375"},{"taxonomy":"product_cat","embeddable":true,"href":"https:\/\/fil.ee\/uus\/wp-json\/wp\/v2\/product_cat?post=2375"},{"taxonomy":"product_tag","embeddable":true,"href":"https:\/\/fil.ee\/uus\/wp-json\/wp\/v2\/product_tag?post=2375"}],"curies":[{"name":"wp","href":"https:\/\/api.w.org\/{rel}","templated":true}]}}