{"id":2369,"date":"2025-02-17T10:00:13","date_gmt":"2025-02-17T08:00:13","guid":{"rendered":"https:\/\/fil.ee\/uus\/?post_type=product&#038;p=2369"},"modified":"2025-11-04T20:01:50","modified_gmt":"2025-11-04T18:01:50","slug":"kui-vanaema-oli-vaike","status":"publish","type":"product","link":"https:\/\/fil.ee\/uus\/toode\/kui-vanaema-oli-vaike\/","title":{"rendered":"Kui vanaema oli v\u00e4ike"},"content":{"rendered":"<p style=\"text-align: justify;\">17. veebruaril 2025. a. ilmus meie kirjastuselt uus raamat Vaike Silmato &#8220;Kui vanaema oli v\u00e4ike&#8221;. Raamat on pehmete kaante ja mustvalge sisuga. Raamatu m\u00f5\u00f5dud on 140&#215;170 mm, maht 104 lehek\u00fclge. Toimetas Heli Hallik, k\u00fcljendas ja kaaned kujundas Kaspar P\u00f5ltsam<\/p>\n<p style=\"text-align: justify;\"><strong>Raamatu tutvustus:<br \/>\n<\/strong>Raamatus olevad lood oma elust on autor kirjutanud eelk\u00f5ige j\u00e4reltulevatele p\u00f5lvedele m\u00f5eldes, aga need pakuvad lugemisr\u00f5\u00f5mu k\u00f5igile, kes v\u00e4hegi huvituvad varasematest oludest ja s\u00fcndmustest.<br \/>\nKuidas elati, kui majas elektrit polnud? Mida s\u00f6\u00f6di? Kuidas kodus leiba tehti, v\u00f5id ja vorste valmistati? Missuguseid m\u00e4nge m\u00e4ngiti? Seda ja palju muudki on autor oma pajatustes meenutanud. K\u00f5ige kohta saab teada, kui raamat avada ja seda lugeda.<\/p>\n<p>Raamatusse sisse vaadata saab <a href=\"https:\/\/fil.ee\/sisu\/Kui_vanaema_oli_vaike_esimesed_15lk.pdf\">siin<\/a>.<\/p>\n","protected":false},"excerpt":{"rendered":"<p>17. veebruaril 2025. a. ilmus meie kirjastuselt uus raamat Vaike Silmato &#8220;Kui vanaema oli v\u00e4ike&#8221;. Raamat on pehmete kaante ja mustvalge sisuga. Raamatu m\u00f5\u00f5dud on 140&#215;170 mm, maht 104 lehek\u00fclge. Toimetas Heli Hallik, k\u00fcljendas ja kaaned kujundas Kaspar P\u00f5ltsam Raamatu tutvustus: Raamatus olevad lood oma elust on autor kirjutanud eelk\u00f5ige j\u00e4reltulevatele p\u00f5lvedele m\u00f5eldes, aga need [&hellip;]<\/p>\n","protected":false},"featured_media":2370,"comment_status":"open","ping_status":"closed","template":"","meta":[],"product_brand":[],"product_cat":[19],"product_tag":[],"class_list":{"0":"post-2369","1":"product","2":"type-product","3":"status-publish","4":"has-post-thumbnail","6":"product_cat-ilukirjandus","8":"first","9":"instock","10":"taxable","11":"shipping-taxable","12":"purchasable","13":"product-type-simple"},"_links":{"self":[{"href":"https:\/\/fil.ee\/uus\/wp-json\/wp\/v2\/product\/2369","targetHints":{"allow":["GET"]}}],"collection":[{"href":"https:\/\/fil.ee\/uus\/wp-json\/wp\/v2\/product"}],"about":[{"href":"https:\/\/fil.ee\/uus\/wp-json\/wp\/v2\/types\/product"}],"replies":[{"embeddable":true,"href":"https:\/\/fil.ee\/uus\/wp-json\/wp\/v2\/comments?post=2369"}],"wp:featuredmedia":[{"embeddable":true,"href":"https:\/\/fil.ee\/uus\/wp-json\/wp\/v2\/media\/2370"}],"wp:attachment":[{"href":"https:\/\/fil.ee\/uus\/wp-json\/wp\/v2\/media?parent=2369"}],"wp:term":[{"taxonomy":"product_brand","embeddable":true,"href":"https:\/\/fil.ee\/uus\/wp-json\/wp\/v2\/product_brand?post=2369"},{"taxonomy":"product_cat","embeddable":true,"href":"https:\/\/fil.ee\/uus\/wp-json\/wp\/v2\/product_cat?post=2369"},{"taxonomy":"product_tag","embeddable":true,"href":"https:\/\/fil.ee\/uus\/wp-json\/wp\/v2\/product_tag?post=2369"}],"curies":[{"name":"wp","href":"https:\/\/api.w.org\/{rel}","templated":true}]}}