{"id":2357,"date":"2024-12-03T09:10:53","date_gmt":"2024-12-03T07:10:53","guid":{"rendered":"https:\/\/fil.ee\/uus\/?post_type=product&#038;p=2357"},"modified":"2025-09-21T23:33:17","modified_gmt":"2025-09-21T20:33:17","slug":"suurimate-riikide-lipud","status":"publish","type":"product","link":"https:\/\/fil.ee\/uus\/toode\/suurimate-riikide-lipud\/","title":{"rendered":"Suurimate riikide lipud"},"content":{"rendered":"<p style=\"text-align: justify;\">3. detsembril 2024. a. ilmus meie kirjastuselt uus v\u00e4rvimiseks m\u00f5eldud lasteraamat &#8220;Suurimate riikide lipud&#8221;, mille koostasid Vallo Hallik ja Jaan Lehismets. Raamat on pehmete kaante ja mustvalge sisuga. Raamatu m\u00f5\u00f5dud on 176&#215;240 mm, maht 16 lehek\u00fclge. Toimetas , kujundas Jaan Lehismets<\/p>\n<p style=\"text-align: justify;\"><strong>Raamatu tutvustus:<br \/>\n<\/strong>Kui suur on rahvaarv riigis? Mis on riigi pealinn? Kui suur on riigi pindala? Kus maailmajaos riik asub? Milline raha on kasutusel? Mis keelt r\u00e4\u00e4gitakse? Millised on lipu proportsioonid?<br \/>\nTegu on rahvaarvult maailma suurimate riikide lipu- ja inforaamatuga.<\/p>\n<p>Raamatusse sisse vaadata saab <a href=\"https:\/\/fil.ee\/sisu\/Maailma_suurimad_lipud_algus.pdf\">siin<\/a>.<\/p>\n","protected":false},"excerpt":{"rendered":"<p>3. detsembril 2024. a. ilmus meie kirjastuselt uus v\u00e4rvimiseks m\u00f5eldud lasteraamat &#8220;Suurimate riikide lipud&#8221;, mille koostasid Vallo Hallik ja Jaan Lehismets. Raamat on pehmete kaante ja mustvalge sisuga. Raamatu m\u00f5\u00f5dud on 176&#215;240 mm, maht 16 lehek\u00fclge. Toimetas , kujundas Jaan Lehismets Raamatu tutvustus: Kui suur on rahvaarv riigis? Mis on riigi pealinn? Kui suur on [&hellip;]<\/p>\n","protected":false},"featured_media":2358,"comment_status":"open","ping_status":"closed","template":"","meta":[],"product_brand":[],"product_cat":[284,22,288],"product_tag":[],"class_list":{"0":"post-2357","1":"product","2":"type-product","3":"status-publish","4":"has-post-thumbnail","6":"product_cat-kasiraamat","7":"product_cat-lastele","8":"product_cat-noortele","10":"first","11":"instock","12":"taxable","13":"shipping-taxable","14":"purchasable","15":"product-type-simple"},"_links":{"self":[{"href":"https:\/\/fil.ee\/uus\/wp-json\/wp\/v2\/product\/2357","targetHints":{"allow":["GET"]}}],"collection":[{"href":"https:\/\/fil.ee\/uus\/wp-json\/wp\/v2\/product"}],"about":[{"href":"https:\/\/fil.ee\/uus\/wp-json\/wp\/v2\/types\/product"}],"replies":[{"embeddable":true,"href":"https:\/\/fil.ee\/uus\/wp-json\/wp\/v2\/comments?post=2357"}],"wp:featuredmedia":[{"embeddable":true,"href":"https:\/\/fil.ee\/uus\/wp-json\/wp\/v2\/media\/2358"}],"wp:attachment":[{"href":"https:\/\/fil.ee\/uus\/wp-json\/wp\/v2\/media?parent=2357"}],"wp:term":[{"taxonomy":"product_brand","embeddable":true,"href":"https:\/\/fil.ee\/uus\/wp-json\/wp\/v2\/product_brand?post=2357"},{"taxonomy":"product_cat","embeddable":true,"href":"https:\/\/fil.ee\/uus\/wp-json\/wp\/v2\/product_cat?post=2357"},{"taxonomy":"product_tag","embeddable":true,"href":"https:\/\/fil.ee\/uus\/wp-json\/wp\/v2\/product_tag?post=2357"}],"curies":[{"name":"wp","href":"https:\/\/api.w.org\/{rel}","templated":true}]}}