{"id":2347,"date":"2024-11-26T08:55:56","date_gmt":"2024-11-26T06:55:56","guid":{"rendered":"https:\/\/fil.ee\/uus\/?post_type=product&#038;p=2347"},"modified":"2025-09-12T16:48:21","modified_gmt":"2025-09-12T13:48:21","slug":"varjatud-toed-ehk-kas-mangime","status":"publish","type":"product","link":"https:\/\/fil.ee\/uus\/toode\/varjatud-toed-ehk-kas-mangime\/","title":{"rendered":"Varjatud t\u00f5ed ehk kas m\u00e4ngime?"},"content":{"rendered":"<p>26. novembril 2024. a. ilmus meie kirjastuselt uus raamat Madis Kivine &#8220;Varjatud t\u00f5ed ehk kas m\u00e4ngime?&#8221;. Raamat on k\u00f5vade kaante ja mustvalge sisuga. Raamatu m\u00f5\u00f5dud on 148&#215;210 mm, maht 240 lehek\u00fclge. Toimetas S. Rattiste, esikaane kujundaja Liis Raadik, k\u00fcljendas ja kujundas Vallo Hallik<\/p>\n<p style=\"text-align: justify;\"><strong>Raamatu tutvustus:<br \/>\n<\/strong>Elus on hetki, kui peame j\u00e4\u00e4ma p\u00fcsti ka siis, kui meil on \u201enuga selga\u201d l\u00f6\u00f6dud. See on protsess, mida vajame, et l\u00e4bi viia puhastus, et meie k\u00f5rvale saaksid j\u00e4\u00e4da vaid need, kes on p\u00e4riselt meie inimesed ja kes ka p\u00e4riselt toetavad meid meie teel.<br \/>\nS\u00f5prus on nagu peegel. Kui see puruneb, j\u00e4\u00e4vad alles vaid killud \u2013 igaveseks. Kui maskid langevad ja peategelast Laurat tabab pettuse valus t\u00f5de, j\u00e4\u00e4b talle k\u00fcsimus \u2013 miks? Miks inimene, keda ta usaldas nagu \u00f5de, tegi midagi nii alatut?<br \/>\nKuidas taastuda hingehaavadest? Kas s\u00fcda suudab kunagi andestada? Mis viib s\u00f5bra pettuse ja manipuleerimiseni?<br \/>\n\u201eVarjatud t\u00f5ed ehk KAS M\u00c4NGIME?\u201d on t\u00f5sielul p\u00f5hinev lugu, kus inimene, keda peeti ingliks, osutub tegelikult &#8230;<\/p>\n<p>Raamatusse sisse vaadata saab<a href=\"https:\/\/fil.ee\/sisu\/Varjatud_toed_ehk_kas_mangime_esimesed15lk.pdf\"> siin<\/a>.<\/p>\n","protected":false},"excerpt":{"rendered":"<p>26. novembril 2024. a. ilmus meie kirjastuselt uus raamat Madis Kivine &#8220;Varjatud t\u00f5ed ehk kas m\u00e4ngime?&#8221;. Raamat on k\u00f5vade kaante ja mustvalge sisuga. Raamatu m\u00f5\u00f5dud on 148&#215;210 mm, maht 240 lehek\u00fclge. Toimetas S. Rattiste, esikaane kujundaja Liis Raadik, k\u00fcljendas ja kujundas Vallo Hallik Raamatu tutvustus: Elus on hetki, kui peame j\u00e4\u00e4ma p\u00fcsti ka siis, kui [&hellip;]<\/p>\n","protected":false},"featured_media":2348,"comment_status":"open","ping_status":"closed","template":"","meta":[],"product_brand":[],"product_cat":[19],"product_tag":[],"class_list":{"0":"post-2347","1":"product","2":"type-product","3":"status-publish","4":"has-post-thumbnail","6":"product_cat-ilukirjandus","8":"first","9":"instock","10":"taxable","11":"shipping-taxable","12":"purchasable","13":"product-type-simple"},"_links":{"self":[{"href":"https:\/\/fil.ee\/uus\/wp-json\/wp\/v2\/product\/2347","targetHints":{"allow":["GET"]}}],"collection":[{"href":"https:\/\/fil.ee\/uus\/wp-json\/wp\/v2\/product"}],"about":[{"href":"https:\/\/fil.ee\/uus\/wp-json\/wp\/v2\/types\/product"}],"replies":[{"embeddable":true,"href":"https:\/\/fil.ee\/uus\/wp-json\/wp\/v2\/comments?post=2347"}],"wp:featuredmedia":[{"embeddable":true,"href":"https:\/\/fil.ee\/uus\/wp-json\/wp\/v2\/media\/2348"}],"wp:attachment":[{"href":"https:\/\/fil.ee\/uus\/wp-json\/wp\/v2\/media?parent=2347"}],"wp:term":[{"taxonomy":"product_brand","embeddable":true,"href":"https:\/\/fil.ee\/uus\/wp-json\/wp\/v2\/product_brand?post=2347"},{"taxonomy":"product_cat","embeddable":true,"href":"https:\/\/fil.ee\/uus\/wp-json\/wp\/v2\/product_cat?post=2347"},{"taxonomy":"product_tag","embeddable":true,"href":"https:\/\/fil.ee\/uus\/wp-json\/wp\/v2\/product_tag?post=2347"}],"curies":[{"name":"wp","href":"https:\/\/api.w.org\/{rel}","templated":true}]}}