{"id":2345,"date":"2024-11-26T08:49:24","date_gmt":"2024-11-26T06:49:24","guid":{"rendered":"https:\/\/fil.ee\/uus\/?post_type=product&#038;p=2345"},"modified":"2025-09-16T08:38:54","modified_gmt":"2025-09-16T05:38:54","slug":"normaalne-on-elada-hasti","status":"publish","type":"product","link":"https:\/\/fil.ee\/uus\/toode\/normaalne-on-elada-hasti\/","title":{"rendered":"Normaalne on elada h\u00e4sti"},"content":{"rendered":"<p>26. novembril 2024. a. ilmus meie kirjastuselt uus raamat Ly Hansti &#8220;Normaalne on elada h\u00e4sti&#8221;. Raamat on pehmete kaante ja mustvalge sisuga. Raamatu m\u00f5\u00f5dud on 148&#215;210 mm, maht 152 lehek\u00fclge. Toimetas Heli Hallik, esikaane foto tegi Sander Toom, k\u00fcljendas ja kaaned kujundas Vallo Hallik<\/p>\n<p style=\"text-align: justify;\"><strong>Raamatu tutvustus:<br \/>\n<\/strong>Raamat \u201eNORMAALNE ON ELADA H\u00c4STI\u201d p\u00f5hineb minu enda p\u00e4ris elul, mis on j\u00e4\u00e4nud 27 eluaasta sisse. Jagan sulle ausaid kirjutisi salap\u00e4evikust, arstidele ning kirja vanglast.<br \/>\nRaamatust saad lugeda selle kohta, millise j\u00e4lje j\u00e4tab endast f\u00fc\u00fcsilise ning vaimse v\u00e4givalla kogemine lapse- ja noorukieas, kui suurt rolli on m\u00e4nginud erinevad mehed ning kui halvasti olen endaga alkoholi m\u00f5jul k\u00e4itunud. Samuti r\u00e4\u00e4gin vaimsetest probleemidest, ATH-st, l\u00e4bip\u00f5lemisest ning abi otsimisest.<br \/>\nKas sellise pagasiga on \u00fcldse v\u00f5imalik h\u00e4sti elada, kuhugi j\u00f5uda v\u00f5i kellekski saada, saad teada raamatust.<br \/>\nMa loodan, et see raamat julgustab otsima vajadusel abi ning annab usu ja lootuse, et \u00fchel p\u00e4eval v\u00f5ib olla k\u00f5ik palju parem, kui n\u00e4ha selleks ka vaeva.<br \/>\nP\u00e4ikesel on komme pilve tagant v\u00e4lja tulla \u2013 \u00fchel hetkel kindlasti.<\/p>\n<p>Raamatusse sisse vaadata saab <a href=\"https:\/\/fil.ee\/sisu\/Normaalne_on_elada_hasti_esimesed15lk.pdf\">siin<\/a>.<\/p>\n","protected":false},"excerpt":{"rendered":"<p>26. novembril 2024. a. ilmus meie kirjastuselt uus raamat Ly Hansti &#8220;Normaalne on elada h\u00e4sti&#8221;. Raamat on pehmete kaante ja mustvalge sisuga. Raamatu m\u00f5\u00f5dud on 148&#215;210 mm, maht 152 lehek\u00fclge. Toimetas Heli Hallik, esikaane foto tegi Sander Toom, k\u00fcljendas ja kaaned kujundas Vallo Hallik Raamatu tutvustus: Raamat \u201eNORMAALNE ON ELADA H\u00c4STI\u201d p\u00f5hineb minu enda p\u00e4ris [&hellip;]<\/p>\n","protected":false},"featured_media":2346,"comment_status":"open","ping_status":"closed","template":"","meta":[],"product_brand":[],"product_cat":[19],"product_tag":[],"class_list":{"0":"post-2345","1":"product","2":"type-product","3":"status-publish","4":"has-post-thumbnail","6":"product_cat-ilukirjandus","8":"first","9":"instock","10":"taxable","11":"shipping-taxable","12":"purchasable","13":"product-type-simple"},"_links":{"self":[{"href":"https:\/\/fil.ee\/uus\/wp-json\/wp\/v2\/product\/2345","targetHints":{"allow":["GET"]}}],"collection":[{"href":"https:\/\/fil.ee\/uus\/wp-json\/wp\/v2\/product"}],"about":[{"href":"https:\/\/fil.ee\/uus\/wp-json\/wp\/v2\/types\/product"}],"replies":[{"embeddable":true,"href":"https:\/\/fil.ee\/uus\/wp-json\/wp\/v2\/comments?post=2345"}],"wp:featuredmedia":[{"embeddable":true,"href":"https:\/\/fil.ee\/uus\/wp-json\/wp\/v2\/media\/2346"}],"wp:attachment":[{"href":"https:\/\/fil.ee\/uus\/wp-json\/wp\/v2\/media?parent=2345"}],"wp:term":[{"taxonomy":"product_brand","embeddable":true,"href":"https:\/\/fil.ee\/uus\/wp-json\/wp\/v2\/product_brand?post=2345"},{"taxonomy":"product_cat","embeddable":true,"href":"https:\/\/fil.ee\/uus\/wp-json\/wp\/v2\/product_cat?post=2345"},{"taxonomy":"product_tag","embeddable":true,"href":"https:\/\/fil.ee\/uus\/wp-json\/wp\/v2\/product_tag?post=2345"}],"curies":[{"name":"wp","href":"https:\/\/api.w.org\/{rel}","templated":true}]}}