{"id":2343,"date":"2024-11-26T04:50:01","date_gmt":"2024-11-26T02:50:01","guid":{"rendered":"https:\/\/fil.ee\/uus\/?post_type=product&#038;p=2343"},"modified":"2025-09-20T08:27:18","modified_gmt":"2025-09-20T05:27:18","slug":"hingeluule","status":"publish","type":"product","link":"https:\/\/fil.ee\/uus\/toode\/hingeluule\/","title":{"rendered":"Hingeluule"},"content":{"rendered":"<p style=\"text-align: justify;\">26. novembril 2024. a. ilmus meie kirjastuselt uus raamat Leelo Naaber &#8220;Hingeluule&#8221;. Raamat on pehmete kaante ja mustvalge sisuga. Raamatu m\u00f5\u00f5dud on 140&#215;180 mm, maht 48 lehek\u00fclge. Toimetas Heli Hallik, kaaned kujundas Kaspar P\u00f5ltsam ja k\u00fcljendas Vallo Hallik<\/p>\n<p style=\"text-align: justify;\"><strong>Raamatu tutvustus:<br \/>\n<\/strong>See luulevihik on saanud alguse usust ja lootusest, mis omakorda on andnud julgust astuda edasi veel tundmata rajal. Usku, lootust ja armastust meile k\u00f5igile.<br \/>\nL.N.<\/p>\n<p>Raamatusse sisse vaadata saab<a href=\"https:\/\/fil.ee\/sisu\/Hingeluule_esimesed15lk.pdf\"> siin<\/a>.<\/p>\n","protected":false},"excerpt":{"rendered":"<p>26. novembril 2024. a. ilmus meie kirjastuselt uus raamat Leelo Naaber &#8220;Hingeluule&#8221;. Raamat on pehmete kaante ja mustvalge sisuga. Raamatu m\u00f5\u00f5dud on 140&#215;180 mm, maht 48 lehek\u00fclge. Toimetas Heli Hallik, kaaned kujundas Kaspar P\u00f5ltsam ja k\u00fcljendas Vallo Hallik Raamatu tutvustus: See luulevihik on saanud alguse usust ja lootusest, mis omakorda on andnud julgust astuda edasi [&hellip;]<\/p>\n","protected":false},"featured_media":2344,"comment_status":"open","ping_status":"closed","template":"","meta":[],"product_brand":[],"product_cat":[23],"product_tag":[],"class_list":{"0":"post-2343","1":"product","2":"type-product","3":"status-publish","4":"has-post-thumbnail","6":"product_cat-luule","8":"first","9":"instock","10":"taxable","11":"shipping-taxable","12":"purchasable","13":"product-type-simple"},"_links":{"self":[{"href":"https:\/\/fil.ee\/uus\/wp-json\/wp\/v2\/product\/2343","targetHints":{"allow":["GET"]}}],"collection":[{"href":"https:\/\/fil.ee\/uus\/wp-json\/wp\/v2\/product"}],"about":[{"href":"https:\/\/fil.ee\/uus\/wp-json\/wp\/v2\/types\/product"}],"replies":[{"embeddable":true,"href":"https:\/\/fil.ee\/uus\/wp-json\/wp\/v2\/comments?post=2343"}],"wp:featuredmedia":[{"embeddable":true,"href":"https:\/\/fil.ee\/uus\/wp-json\/wp\/v2\/media\/2344"}],"wp:attachment":[{"href":"https:\/\/fil.ee\/uus\/wp-json\/wp\/v2\/media?parent=2343"}],"wp:term":[{"taxonomy":"product_brand","embeddable":true,"href":"https:\/\/fil.ee\/uus\/wp-json\/wp\/v2\/product_brand?post=2343"},{"taxonomy":"product_cat","embeddable":true,"href":"https:\/\/fil.ee\/uus\/wp-json\/wp\/v2\/product_cat?post=2343"},{"taxonomy":"product_tag","embeddable":true,"href":"https:\/\/fil.ee\/uus\/wp-json\/wp\/v2\/product_tag?post=2343"}],"curies":[{"name":"wp","href":"https:\/\/api.w.org\/{rel}","templated":true}]}}