{"id":2332,"date":"2024-11-05T16:13:37","date_gmt":"2024-11-05T14:13:37","guid":{"rendered":"https:\/\/fil.ee\/uus\/?post_type=product&#038;p=2332"},"modified":"2025-09-20T04:42:07","modified_gmt":"2025-09-20T01:42:07","slug":"kadunud-joulukuljuse-saladus","status":"publish","type":"product","link":"https:\/\/fil.ee\/uus\/toode\/kadunud-joulukuljuse-saladus\/","title":{"rendered":"Kadunud j\u00f5ulukuljuse saladus"},"content":{"rendered":"<p style=\"text-align: justify;\">5. novembril 2024. a. ilmus meie kirjastuselt uus raamat Anu Laansalu &#8220;Kadunud j\u00f5ulukuljuse saladus&#8221;. Raamat on k\u00f5vade kaante ja v\u00e4rvilise sisuga. Raamatu m\u00f5\u00f5dud on 174&#215;245 mm, maht 48 lehek\u00fclge. Toimetas Heli Hallik, illustreerisid Anu Laansalu ja Eva-Liisa Valdmaa, k\u00fcljendas ja kaaned kujundas Vallo Hallik<\/p>\n<p style=\"text-align: justify;\"><strong>Raamatu tutvustus:<br \/>\n<\/strong>Pisike Pille oli tragi ja tubli, seltsiv ja s\u00f5bralik p\u00e4kapikut\u00fcdruk, kes tahtis k\u00f5igiga s\u00f5ber olla ning teisi aidata.<br \/>\nKui j\u00f5ulusaani varustuse hulgast kadus \u00e4ra \u00fcks kuljus, milleta j\u00f5ulumaagia ei toiminud, l\u00e4ks Pillegi appi kadunud kuljust otsima.<br \/>\nKuidas k\u00f5ik t\u00e4pselt juhtus ja kas j\u00f5ulu\u00f5htuks \u00f5nnestus vajalik maagia taastada, see selgub juba raamatut lugedes.<\/p>\n<p>Raamatusse sisse vaadata saab <a href=\"https:\/\/fil.ee\/sisu\/Kadunud_joulukuljuse_saladus_esimesed15lk.pdf\">siin<\/a>.<\/p>\n","protected":false},"excerpt":{"rendered":"<p>5. novembril 2024. a. ilmus meie kirjastuselt uus raamat Anu Laansalu &#8220;Kadunud j\u00f5ulukuljuse saladus&#8221;. Raamat on k\u00f5vade kaante ja v\u00e4rvilise sisuga. Raamatu m\u00f5\u00f5dud on 174&#215;245 mm, maht 48 lehek\u00fclge. Toimetas Heli Hallik, illustreerisid Anu Laansalu ja Eva-Liisa Valdmaa, k\u00fcljendas ja kaaned kujundas Vallo Hallik Raamatu tutvustus: Pisike Pille oli tragi ja tubli, seltsiv ja s\u00f5bralik [&hellip;]<\/p>\n","protected":false},"featured_media":2333,"comment_status":"open","ping_status":"closed","template":"","meta":[],"product_brand":[],"product_cat":[22],"product_tag":[],"class_list":{"0":"post-2332","1":"product","2":"type-product","3":"status-publish","4":"has-post-thumbnail","6":"product_cat-lastele","8":"first","9":"instock","10":"taxable","11":"shipping-taxable","12":"purchasable","13":"product-type-simple"},"_links":{"self":[{"href":"https:\/\/fil.ee\/uus\/wp-json\/wp\/v2\/product\/2332","targetHints":{"allow":["GET"]}}],"collection":[{"href":"https:\/\/fil.ee\/uus\/wp-json\/wp\/v2\/product"}],"about":[{"href":"https:\/\/fil.ee\/uus\/wp-json\/wp\/v2\/types\/product"}],"replies":[{"embeddable":true,"href":"https:\/\/fil.ee\/uus\/wp-json\/wp\/v2\/comments?post=2332"}],"wp:featuredmedia":[{"embeddable":true,"href":"https:\/\/fil.ee\/uus\/wp-json\/wp\/v2\/media\/2333"}],"wp:attachment":[{"href":"https:\/\/fil.ee\/uus\/wp-json\/wp\/v2\/media?parent=2332"}],"wp:term":[{"taxonomy":"product_brand","embeddable":true,"href":"https:\/\/fil.ee\/uus\/wp-json\/wp\/v2\/product_brand?post=2332"},{"taxonomy":"product_cat","embeddable":true,"href":"https:\/\/fil.ee\/uus\/wp-json\/wp\/v2\/product_cat?post=2332"},{"taxonomy":"product_tag","embeddable":true,"href":"https:\/\/fil.ee\/uus\/wp-json\/wp\/v2\/product_tag?post=2332"}],"curies":[{"name":"wp","href":"https:\/\/api.w.org\/{rel}","templated":true}]}}