{"id":2330,"date":"2024-11-05T16:06:16","date_gmt":"2024-11-05T14:06:16","guid":{"rendered":"https:\/\/fil.ee\/uus\/?post_type=product&#038;p=2330"},"modified":"2025-09-06T02:15:17","modified_gmt":"2025-09-05T23:15:17","slug":"joulud-metsakodus","status":"publish","type":"product","link":"https:\/\/fil.ee\/uus\/toode\/joulud-metsakodus\/","title":{"rendered":"J\u00f5ulud metsakodus"},"content":{"rendered":"<p style=\"text-align: justify;\">5. novembril 2024. a. ilmus meie kirjastuselt uus raamat Tiia P\u00e4rnaste &#8220;J\u00f5ulud metsakodus&#8221;. Raamat on k\u00f5vade kaante ja v\u00e4rvilise sisuga. Raamatu m\u00f5\u00f5dud on 170&#215;240 mm, maht 40 lehek\u00fclge. Toimetas Heli Hallik, illustreeris Krislin Jalakas, k\u00fcljendas ja kaaned kujundas Vallo Hallik<\/p>\n<p style=\"text-align: justify;\"><strong>Raamatu tutvustus:<br \/>\n<\/strong>Elli peab perega just enne j\u00f5ule maale kolima. Maja, kuhu kolitakse, asub metsa sees. Kolimine kurvastab t\u00fcdrukut v\u00e4ga. Maale j\u00f5udes avastab Elli, et elu maal on rohkem kui tavaline. Seal just algab maagiline j\u00f5uluootus.<\/p>\n<p>Raamatusse sisse vaadata saab <a href=\"https:\/\/fil.ee\/sisu\/Joulud_metsakodus_esimesed15lk.pdf\">siin<\/a>.<\/p>\n","protected":false},"excerpt":{"rendered":"<p>5. novembril 2024. a. ilmus meie kirjastuselt uus raamat Tiia P\u00e4rnaste &#8220;J\u00f5ulud metsakodus&#8221;. Raamat on k\u00f5vade kaante ja v\u00e4rvilise sisuga. Raamatu m\u00f5\u00f5dud on 170&#215;240 mm, maht 40 lehek\u00fclge. Toimetas Heli Hallik, illustreeris Krislin Jalakas, k\u00fcljendas ja kaaned kujundas Vallo Hallik Raamatu tutvustus: Elli peab perega just enne j\u00f5ule maale kolima. Maja, kuhu kolitakse, asub metsa [&hellip;]<\/p>\n","protected":false},"featured_media":2331,"comment_status":"open","ping_status":"closed","template":"","meta":[],"product_brand":[],"product_cat":[22],"product_tag":[],"class_list":{"0":"post-2330","1":"product","2":"type-product","3":"status-publish","4":"has-post-thumbnail","6":"product_cat-lastele","8":"first","9":"instock","10":"taxable","11":"shipping-taxable","12":"purchasable","13":"product-type-simple"},"_links":{"self":[{"href":"https:\/\/fil.ee\/uus\/wp-json\/wp\/v2\/product\/2330","targetHints":{"allow":["GET"]}}],"collection":[{"href":"https:\/\/fil.ee\/uus\/wp-json\/wp\/v2\/product"}],"about":[{"href":"https:\/\/fil.ee\/uus\/wp-json\/wp\/v2\/types\/product"}],"replies":[{"embeddable":true,"href":"https:\/\/fil.ee\/uus\/wp-json\/wp\/v2\/comments?post=2330"}],"wp:featuredmedia":[{"embeddable":true,"href":"https:\/\/fil.ee\/uus\/wp-json\/wp\/v2\/media\/2331"}],"wp:attachment":[{"href":"https:\/\/fil.ee\/uus\/wp-json\/wp\/v2\/media?parent=2330"}],"wp:term":[{"taxonomy":"product_brand","embeddable":true,"href":"https:\/\/fil.ee\/uus\/wp-json\/wp\/v2\/product_brand?post=2330"},{"taxonomy":"product_cat","embeddable":true,"href":"https:\/\/fil.ee\/uus\/wp-json\/wp\/v2\/product_cat?post=2330"},{"taxonomy":"product_tag","embeddable":true,"href":"https:\/\/fil.ee\/uus\/wp-json\/wp\/v2\/product_tag?post=2330"}],"curies":[{"name":"wp","href":"https:\/\/api.w.org\/{rel}","templated":true}]}}