{"id":2326,"date":"2024-10-31T21:40:12","date_gmt":"2024-10-31T19:40:12","guid":{"rendered":"https:\/\/fil.ee\/uus\/?post_type=product&#038;p=2326"},"modified":"2025-08-30T19:33:44","modified_gmt":"2025-08-30T16:33:44","slug":"maja-ristteel","status":"publish","type":"product","link":"https:\/\/fil.ee\/uus\/toode\/maja-ristteel\/","title":{"rendered":"Maja ristteel"},"content":{"rendered":"<p>31. oktoobrlil 2024. a. ilmus meie kirjastuselt uus raamat \u00dclle M\u00fc\u00fcrsep &#8220;Maja ristteel&#8221;. Raamat on k\u00f5vade kaante ja mustvalge sisuga. Raamatu m\u00f5\u00f5dud on 148&#215;210 mm, maht 216 lehek\u00fclge. Toimetas Heli Hallik, k\u00fcljendas ja kaaned kujundas Kaspar P\u00f5ltsam<\/p>\n<p><strong>Raamatu tutvustus:<br \/>\n<\/strong>Olen s\u00fcndinud Narvas ja elan Narva-J\u00f5esuus, looduskaunis paigas. Siin on iga aastaaeg ilus ja eriline ning v\u00f5rratud p\u00e4ikeseloojangud mere t\u00fc\u00fcnel pinnal.<br \/>\nSelle raamatu kaante vahel on meie pere saatus ja traagika, kui kolm v\u00e4ikest last j\u00e4id \u00e4kki isata. K\u00f5rgelt \u00f5nnetaevast tagasi maa peale kukkumine oli k\u00f5igile v\u00e4ga valus hoop, mida kanname endas t\u00e4nini.<br \/>\nAga elu on kord juba n\u00f5nda seatud, et pimeda kurvi taga on uus valgustriip &#8230;<\/p>\n<p>Raamatusse sisse vaadata saab <a href=\"https:\/\/fil.ee\/sisu\/Maja%20_Ristteel_esimesed15lk.pdf\">siin<\/a>.<\/p>\n","protected":false},"excerpt":{"rendered":"<p>31. oktoobrlil 2024. a. ilmus meie kirjastuselt uus raamat \u00dclle M\u00fc\u00fcrsep &#8220;Maja ristteel&#8221;. Raamat on k\u00f5vade kaante ja mustvalge sisuga. Raamatu m\u00f5\u00f5dud on 148&#215;210 mm, maht 216 lehek\u00fclge. Toimetas Heli Hallik, k\u00fcljendas ja kaaned kujundas Kaspar P\u00f5ltsam Raamatu tutvustus: Olen s\u00fcndinud Narvas ja elan Narva-J\u00f5esuus, looduskaunis paigas. Siin on iga aastaaeg ilus ja eriline ning [&hellip;]<\/p>\n","protected":false},"featured_media":2327,"comment_status":"open","ping_status":"closed","template":"","meta":[],"product_brand":[],"product_cat":[19],"product_tag":[],"class_list":{"0":"post-2326","1":"product","2":"type-product","3":"status-publish","4":"has-post-thumbnail","6":"product_cat-ilukirjandus","8":"first","9":"instock","10":"taxable","11":"shipping-taxable","12":"purchasable","13":"product-type-simple"},"_links":{"self":[{"href":"https:\/\/fil.ee\/uus\/wp-json\/wp\/v2\/product\/2326","targetHints":{"allow":["GET"]}}],"collection":[{"href":"https:\/\/fil.ee\/uus\/wp-json\/wp\/v2\/product"}],"about":[{"href":"https:\/\/fil.ee\/uus\/wp-json\/wp\/v2\/types\/product"}],"replies":[{"embeddable":true,"href":"https:\/\/fil.ee\/uus\/wp-json\/wp\/v2\/comments?post=2326"}],"wp:featuredmedia":[{"embeddable":true,"href":"https:\/\/fil.ee\/uus\/wp-json\/wp\/v2\/media\/2327"}],"wp:attachment":[{"href":"https:\/\/fil.ee\/uus\/wp-json\/wp\/v2\/media?parent=2326"}],"wp:term":[{"taxonomy":"product_brand","embeddable":true,"href":"https:\/\/fil.ee\/uus\/wp-json\/wp\/v2\/product_brand?post=2326"},{"taxonomy":"product_cat","embeddable":true,"href":"https:\/\/fil.ee\/uus\/wp-json\/wp\/v2\/product_cat?post=2326"},{"taxonomy":"product_tag","embeddable":true,"href":"https:\/\/fil.ee\/uus\/wp-json\/wp\/v2\/product_tag?post=2326"}],"curies":[{"name":"wp","href":"https:\/\/api.w.org\/{rel}","templated":true}]}}