{"id":2322,"date":"2024-10-31T10:11:05","date_gmt":"2024-10-31T08:11:05","guid":{"rendered":"https:\/\/fil.ee\/uus\/?post_type=product&#038;p=2322"},"modified":"2025-11-19T12:40:11","modified_gmt":"2025-11-19T10:40:11","slug":"tiidu-duubel","status":"publish","type":"product","link":"https:\/\/fil.ee\/uus\/toode\/tiidu-duubel\/","title":{"rendered":"Tiidu duubel"},"content":{"rendered":"<p>31. oktoobrlil 2024. a. ilmus meie kirjastuselt uus raamat &#8220;TIidu duubel&#8221;, mille koostasid Ene Michelis ja Jaan Krinal. Raamat on k\u00f5vade kaante ja mustvalge sisuga. Raamatu m\u00f5\u00f5dud on 148&#215;210 mm, maht 400 lehek\u00fclge. Toimetasid Heli Hallik ja Maria Krinal, kaaned ja CD kujundas Jaan Lehismets, k\u00fcljendas ja kujundas Vallo Hallik<\/p>\n<p><strong>Raamatu tutvustus:<br \/>\n<\/strong>Eesti ulmekirjanik Tiit Tarlap (13.11.1954 \u2013 24.02.2017) oli mees, kes eelistas Sindis Karja t\u00e4naval asuvas vanemate eramus rohkem eraklikku olemist ilma suurema v\u00e4lise t\u00e4helepanuta.<br \/>\nPeamiselt seiklus- ja m\u00e4ruliulmet viljelenud Tarlapit avaldasid tema loomeperioodi alguses ajakirjad ja maakonnalehed. 1998. aastal tunnistati tema l\u00fchiromaan \u00abVihkamise suund\u00bb Eesti ulmeauhinna Stalker v\u00e4\u00e4riliseks. 2012. aastal ilmunud romaan \u00abL\u00f5hestusjoon\u00bb t\u00f5i talle teise Stalkeri.<br \/>\nTa k\u00e4is likvideerimas T\u0161ernob\u00f5li tuumaelektrijaama avarii tagaj\u00e4rgi ning see innustas teda 1993. aastal avaldama raamatu ,,T\u0161ernob\u00f5l 1986\u201d.<br \/>\nTiit Tarlap on \u00f6elnud, et tema kirjutamine p\u00f5hineb algfilosoofial. \u201eMillestki peab inimene l\u00e4htuma, kui ta maailma vaatab. On palju ebaharilikke tundmusi, mida ei oska kokku panna, aga pika elu jooksul hakkavad asjad mingiks \u00fchiseks s\u00fcsteemiks kujunema.\u201c<br \/>\nP\u00e4rnumaa T\u0161ernob\u00f5li \u00dchendus \u201cGamma\u201d eestv\u00f5ttel avaldati kaks jutukogu, millele j\u00e4rgnesid tema kirjutatud romaanid ja jutud. K\u00e4esolevas kogumikus on kolm juttu ja pooleli j\u00e4\u00e4nud romaanist 12 peat\u00fckki. Romaan j\u00e4i paraku l\u00f5petamata. Iga tema loomingu austaja saab v\u00f5imaluse ja vabaduse see enda jaoks l\u00f5puni kirjutada.<br \/>\nTiit Tarlap oli ka paljude laulude looja ja esitaja. Need k\u00f5ik v\u00e4ljendavad tema m\u00f5tteid ja arusaamu ning neid v\u00f5ib liigitada nn autorilaulude kategooriasse. Kahjuks on laulud laiemale \u00fcldsusele tundmatud. Tiit oli v\u00e4ga tagasihoidlik mees, ei k\u00e4inud neid laule kuskil raha eest esitamas, vaid laulis oma pisikeses s\u00f5prade ringis. \u00d5nneks suutsid m\u00f5ned s\u00f5brad ta 90-date aastate keskel stuudiosse meelitada ja Tiidu laulud salvestada. Suur t\u00e4nu siinjuures Peeter Popp\u00b4ile ja Meelis Tauk\u00b4ile, et neil j\u00e4tkus kannatlikkust, veenmisj\u00f5udu ja tarmukust need laulud lindile panna.<br \/>\nN\u00fc\u00fcd on ka tema laululooming raamatuga koos k\u00f5ikidele nautimiseks.<\/p>\n<p>Raamatusse sisse vaadata saab <a href=\"https:\/\/fil.ee\/sisu\/Tiidu_Duubel_esimesed_15lk.pdf\">siin<\/a>.<\/p>\n","protected":false},"excerpt":{"rendered":"<p>31. oktoobrlil 2024. a. ilmus meie kirjastuselt uus raamat &#8220;TIidu duubel&#8221;, mille koostasid Ene Michelis ja Jaan Krinal. Raamat on k\u00f5vade kaante ja mustvalge sisuga. Raamatu m\u00f5\u00f5dud on 148&#215;210 mm, maht 400 lehek\u00fclge. Toimetasid Heli Hallik ja Maria Krinal, kaaned ja CD kujundas Jaan Lehismets, k\u00fcljendas ja kujundas Vallo Hallik Raamatu tutvustus: Eesti ulmekirjanik Tiit [&hellip;]<\/p>\n","protected":false},"featured_media":2323,"comment_status":"open","ping_status":"closed","template":"","meta":[],"product_brand":[],"product_cat":[286],"product_tag":[],"class_list":{"0":"post-2322","1":"product","2":"type-product","3":"status-publish","4":"has-post-thumbnail","6":"product_cat-archive","8":"first","9":"outofstock","10":"taxable","11":"shipping-taxable","12":"product-type-simple"},"_links":{"self":[{"href":"https:\/\/fil.ee\/uus\/wp-json\/wp\/v2\/product\/2322","targetHints":{"allow":["GET"]}}],"collection":[{"href":"https:\/\/fil.ee\/uus\/wp-json\/wp\/v2\/product"}],"about":[{"href":"https:\/\/fil.ee\/uus\/wp-json\/wp\/v2\/types\/product"}],"replies":[{"embeddable":true,"href":"https:\/\/fil.ee\/uus\/wp-json\/wp\/v2\/comments?post=2322"}],"wp:featuredmedia":[{"embeddable":true,"href":"https:\/\/fil.ee\/uus\/wp-json\/wp\/v2\/media\/2323"}],"wp:attachment":[{"href":"https:\/\/fil.ee\/uus\/wp-json\/wp\/v2\/media?parent=2322"}],"wp:term":[{"taxonomy":"product_brand","embeddable":true,"href":"https:\/\/fil.ee\/uus\/wp-json\/wp\/v2\/product_brand?post=2322"},{"taxonomy":"product_cat","embeddable":true,"href":"https:\/\/fil.ee\/uus\/wp-json\/wp\/v2\/product_cat?post=2322"},{"taxonomy":"product_tag","embeddable":true,"href":"https:\/\/fil.ee\/uus\/wp-json\/wp\/v2\/product_tag?post=2322"}],"curies":[{"name":"wp","href":"https:\/\/api.w.org\/{rel}","templated":true}]}}