{"id":2317,"date":"2024-10-29T08:26:37","date_gmt":"2024-10-29T06:26:37","guid":{"rendered":"https:\/\/fil.ee\/uus\/?post_type=product&#038;p=2317"},"modified":"2025-08-24T23:40:28","modified_gmt":"2025-08-24T20:40:28","slug":"viguriga-varsid-vigurivantadele","status":"publish","type":"product","link":"https:\/\/fil.ee\/uus\/toode\/viguriga-varsid-vigurivantadele\/","title":{"rendered":"Viguriga v\u00e4rsid viguriv\u00e4ntadele"},"content":{"rendered":"<p style=\"text-align: justify;\">31. oktoobrlil 2024. a. ilmus meie kirjastuselt uus lasteraamat Erle M\u00e4gi &#8220;Viguriga v\u00e4rsid viguriv\u00e4ntadele&#8221;. Raamat on k\u00f5vade kaante ja v\u00e4rvilise sisuga. Raamatu m\u00f5\u00f5dud on 200&#215;200 mm, maht 48 lehek\u00fclge. Toimetas Heli Hallik, illustreeris Liina Lippasaar, k\u00fcljendas ja kaaned kujundas Vallo Hallik<\/p>\n<p style=\"text-align: justify;\"><strong>Raamatu tutvustus:<br \/>\n<\/strong>TERE V\u00c4IKE RAAMATUS\u00d5BER!<br \/>\nKIRJUTASIN SULLE RAAMATU, KUS ON VIGURIGA ARENDAVAD LUULETUSED. KUI \u00d5PID NEID LUULETUSI H\u00c4STI KIIRES TEMPOS LUGEMA, MUUTUB TEKSTI H\u00c4\u00c4LDAMINE SUISA L\u00d5BUSAKS JA SINUST SAABKI V\u00c4IKE VIGURIV\u00c4NT NAGU RAAMATU PEALKIRJAS KENASTI \u00d6ELDUD. LUULETUSED ON PISIKESED, AGA PILDID SUURED. IGAV JUBA EI HAKKA!<br \/>\nVAHVAT LUGEMIST!<\/p>\n<p>Raamatusse sisse vaadata saab <a href=\"https:\/\/fil.ee\/sisu\/Viguriga_varsid_vigurivantadele_esimesed_15lk.pdf\">siin<\/a>.<\/p>\n","protected":false},"excerpt":{"rendered":"<p>31. oktoobrlil 2024. a. ilmus meie kirjastuselt uus lasteraamat Erle M\u00e4gi &#8220;Viguriga v\u00e4rsid viguriv\u00e4ntadele&#8221;. Raamat on k\u00f5vade kaante ja v\u00e4rvilise sisuga. Raamatu m\u00f5\u00f5dud on 200&#215;200 mm, maht 48 lehek\u00fclge. Toimetas Heli Hallik, illustreeris Liina Lippasaar, k\u00fcljendas ja kaaned kujundas Vallo Hallik Raamatu tutvustus: TERE V\u00c4IKE RAAMATUS\u00d5BER! KIRJUTASIN SULLE RAAMATU, KUS ON VIGURIGA ARENDAVAD LUULETUSED. KUI [&hellip;]<\/p>\n","protected":false},"featured_media":2318,"comment_status":"open","ping_status":"closed","template":"","meta":[],"product_brand":[],"product_cat":[22],"product_tag":[],"class_list":{"0":"post-2317","1":"product","2":"type-product","3":"status-publish","4":"has-post-thumbnail","6":"product_cat-lastele","8":"first","9":"instock","10":"taxable","11":"shipping-taxable","12":"purchasable","13":"product-type-simple"},"_links":{"self":[{"href":"https:\/\/fil.ee\/uus\/wp-json\/wp\/v2\/product\/2317","targetHints":{"allow":["GET"]}}],"collection":[{"href":"https:\/\/fil.ee\/uus\/wp-json\/wp\/v2\/product"}],"about":[{"href":"https:\/\/fil.ee\/uus\/wp-json\/wp\/v2\/types\/product"}],"replies":[{"embeddable":true,"href":"https:\/\/fil.ee\/uus\/wp-json\/wp\/v2\/comments?post=2317"}],"wp:featuredmedia":[{"embeddable":true,"href":"https:\/\/fil.ee\/uus\/wp-json\/wp\/v2\/media\/2318"}],"wp:attachment":[{"href":"https:\/\/fil.ee\/uus\/wp-json\/wp\/v2\/media?parent=2317"}],"wp:term":[{"taxonomy":"product_brand","embeddable":true,"href":"https:\/\/fil.ee\/uus\/wp-json\/wp\/v2\/product_brand?post=2317"},{"taxonomy":"product_cat","embeddable":true,"href":"https:\/\/fil.ee\/uus\/wp-json\/wp\/v2\/product_cat?post=2317"},{"taxonomy":"product_tag","embeddable":true,"href":"https:\/\/fil.ee\/uus\/wp-json\/wp\/v2\/product_tag?post=2317"}],"curies":[{"name":"wp","href":"https:\/\/api.w.org\/{rel}","templated":true}]}}