{"id":2315,"date":"2024-10-29T08:22:47","date_gmt":"2024-10-29T06:22:47","guid":{"rendered":"https:\/\/fil.ee\/uus\/?post_type=product&#038;p=2315"},"modified":"2025-08-13T16:01:40","modified_gmt":"2025-08-13T13:01:40","slug":"johanna","status":"publish","type":"product","link":"https:\/\/fil.ee\/uus\/toode\/johanna\/","title":{"rendered":"Johanna"},"content":{"rendered":"<p style=\"text-align: justify;\">31. oktoobrlil 2024. a. ilmus meie kirjastuselt uus lasteraamat Irene \u00d5mblus &#8220;Johanna&#8221;. Raamat on k\u00f5vade kaante ja v\u00e4rvilise sisuga. Raamatu m\u00f5\u00f5dud on 174&#215;245 mm, maht 40 lehek\u00fclge. Toimetas Heli Hallik, illustreeris Kaie Lilleorg, k\u00fcljendas ja kaaned kujundas Kaie Lilleorg<\/p>\n<p style=\"text-align: justify;\"><strong>Raamatu tutvustus:<br \/>\n<\/strong>Johanna on v\u00e4ike heleda peaga t\u00fcdruk. Ta elab koos ema ja isaga suures linnas. Johanna isa on meremees ja kodus v\u00e4ga harva. Piiga on \u00fcsna iseseisev ja sellep\u00e4rast juhtub temaga ka igasuguseid asju. Siiski l\u00f5peb k\u00f5ik alati h\u00e4sti ja ta on j\u00e4lle natuke targem.<\/p>\n<p style=\"text-align: justify;\">K\u00f5ik lood p\u00e4rinevad autori lapsep\u00f5lvest, eelmise sajandi 70ndate algusest, ja on p\u00e4riselt juhtunud.<\/p>\n<p>Raamatusse sisse vaadata saab <a href=\"https:\/\/fil.ee\/sisu\/Johanna_esimesed_15lk.pdf\">siin<\/a>.<\/p>\n","protected":false},"excerpt":{"rendered":"<p>31. oktoobrlil 2024. a. ilmus meie kirjastuselt uus lasteraamat Irene \u00d5mblus &#8220;Johanna&#8221;. Raamat on k\u00f5vade kaante ja v\u00e4rvilise sisuga. Raamatu m\u00f5\u00f5dud on 174&#215;245 mm, maht 40 lehek\u00fclge. Toimetas Heli Hallik, illustreeris Kaie Lilleorg, k\u00fcljendas ja kaaned kujundas Kaie Lilleorg Raamatu tutvustus: Johanna on v\u00e4ike heleda peaga t\u00fcdruk. Ta elab koos ema ja isaga suures linnas. [&hellip;]<\/p>\n","protected":false},"featured_media":2316,"comment_status":"open","ping_status":"closed","template":"","meta":[],"product_brand":[],"product_cat":[22],"product_tag":[],"class_list":{"0":"post-2315","1":"product","2":"type-product","3":"status-publish","4":"has-post-thumbnail","6":"product_cat-lastele","8":"first","9":"instock","10":"taxable","11":"shipping-taxable","12":"purchasable","13":"product-type-simple"},"_links":{"self":[{"href":"https:\/\/fil.ee\/uus\/wp-json\/wp\/v2\/product\/2315","targetHints":{"allow":["GET"]}}],"collection":[{"href":"https:\/\/fil.ee\/uus\/wp-json\/wp\/v2\/product"}],"about":[{"href":"https:\/\/fil.ee\/uus\/wp-json\/wp\/v2\/types\/product"}],"replies":[{"embeddable":true,"href":"https:\/\/fil.ee\/uus\/wp-json\/wp\/v2\/comments?post=2315"}],"wp:featuredmedia":[{"embeddable":true,"href":"https:\/\/fil.ee\/uus\/wp-json\/wp\/v2\/media\/2316"}],"wp:attachment":[{"href":"https:\/\/fil.ee\/uus\/wp-json\/wp\/v2\/media?parent=2315"}],"wp:term":[{"taxonomy":"product_brand","embeddable":true,"href":"https:\/\/fil.ee\/uus\/wp-json\/wp\/v2\/product_brand?post=2315"},{"taxonomy":"product_cat","embeddable":true,"href":"https:\/\/fil.ee\/uus\/wp-json\/wp\/v2\/product_cat?post=2315"},{"taxonomy":"product_tag","embeddable":true,"href":"https:\/\/fil.ee\/uus\/wp-json\/wp\/v2\/product_tag?post=2315"}],"curies":[{"name":"wp","href":"https:\/\/api.w.org\/{rel}","templated":true}]}}