{"id":2309,"date":"2024-10-08T05:51:46","date_gmt":"2024-10-08T02:51:46","guid":{"rendered":"https:\/\/fil.ee\/uus\/?post_type=product&#038;p=2309"},"modified":"2025-07-15T22:36:06","modified_gmt":"2025-07-15T19:36:06","slug":"edre-ja-tollo-uletavad-hirme","status":"publish","type":"product","link":"https:\/\/fil.ee\/uus\/toode\/edre-ja-tollo-uletavad-hirme\/","title":{"rendered":"Edre ja Tollo \u00fcletavad hirme"},"content":{"rendered":"<p>8. oktoobrlil 2024. a. ilmus meie kirjastuselt uus lasteraamat Erle M\u00e4gi &#8220;Edre ja Tollo \u00fcletavad hirme&#8221;. Raamat on k\u00f5vade kaante ja v\u00e4rvilise sisuga. Raamatu m\u00f5\u00f5dud on 170&#215;240 mm, maht 32 lehek\u00fclge. Toimetas Heli Hallik, illustreeris Jana Valge, k\u00fcljendas ja kaaned kujundas Vallo Hallik<\/p>\n<p style=\"text-align: justify;\"><strong>Raamatu tutvustus:<br \/>\n<\/strong>Rebasekutsikas Edre, taadike Tollo, j\u00e4nkut\u00fcdruk Petu ning siilipoisid Keiro, K\u00e4iro ja Kuiro on j\u00e4lle kohal. Selles raamatus saad kaasa elada s\u00f5prade uutele vahvatele tegemistele, mille k\u00e4igus semud \u00fcletavad pisikesi hirme. Igal lool on \u00f5nnelik l\u00f5pp, aga kuidas selleni j\u00f5utakse, saate teada vaid neid lugusid lugedes.<br \/>\nNalja saab ka \u2013 nagu ikka Edre ja Tollo seiklustes.<br \/>\nP\u00f5nevat lugemist!<\/p>\n<p>Raamatusse sisse vaadata saab <a href=\"https:\/\/fil.ee\/sisu\/Edre_ja_Tollo_yletavad_hirme_esimesed_15lk.pdf\">siin<\/a>.<\/p>\n","protected":false},"excerpt":{"rendered":"<p>8. oktoobrlil 2024. a. ilmus meie kirjastuselt uus lasteraamat Erle M\u00e4gi &#8220;Edre ja Tollo \u00fcletavad hirme&#8221;. Raamat on k\u00f5vade kaante ja v\u00e4rvilise sisuga. Raamatu m\u00f5\u00f5dud on 170&#215;240 mm, maht 32 lehek\u00fclge. Toimetas Heli Hallik, illustreeris Jana Valge, k\u00fcljendas ja kaaned kujundas Vallo Hallik Raamatu tutvustus: Rebasekutsikas Edre, taadike Tollo, j\u00e4nkut\u00fcdruk Petu ning siilipoisid Keiro, K\u00e4iro [&hellip;]<\/p>\n","protected":false},"featured_media":2310,"comment_status":"open","ping_status":"closed","template":"","meta":[],"product_brand":[],"product_cat":[22],"product_tag":[],"class_list":{"0":"post-2309","1":"product","2":"type-product","3":"status-publish","4":"has-post-thumbnail","6":"product_cat-lastele","8":"first","9":"instock","10":"taxable","11":"shipping-taxable","12":"purchasable","13":"product-type-simple"},"_links":{"self":[{"href":"https:\/\/fil.ee\/uus\/wp-json\/wp\/v2\/product\/2309","targetHints":{"allow":["GET"]}}],"collection":[{"href":"https:\/\/fil.ee\/uus\/wp-json\/wp\/v2\/product"}],"about":[{"href":"https:\/\/fil.ee\/uus\/wp-json\/wp\/v2\/types\/product"}],"replies":[{"embeddable":true,"href":"https:\/\/fil.ee\/uus\/wp-json\/wp\/v2\/comments?post=2309"}],"wp:featuredmedia":[{"embeddable":true,"href":"https:\/\/fil.ee\/uus\/wp-json\/wp\/v2\/media\/2310"}],"wp:attachment":[{"href":"https:\/\/fil.ee\/uus\/wp-json\/wp\/v2\/media?parent=2309"}],"wp:term":[{"taxonomy":"product_brand","embeddable":true,"href":"https:\/\/fil.ee\/uus\/wp-json\/wp\/v2\/product_brand?post=2309"},{"taxonomy":"product_cat","embeddable":true,"href":"https:\/\/fil.ee\/uus\/wp-json\/wp\/v2\/product_cat?post=2309"},{"taxonomy":"product_tag","embeddable":true,"href":"https:\/\/fil.ee\/uus\/wp-json\/wp\/v2\/product_tag?post=2309"}],"curies":[{"name":"wp","href":"https:\/\/api.w.org\/{rel}","templated":true}]}}