{"id":2300,"date":"2024-10-02T20:51:41","date_gmt":"2024-10-02T17:51:41","guid":{"rendered":"https:\/\/fil.ee\/uus\/?post_type=product&#038;p=2300"},"modified":"2025-07-15T22:37:47","modified_gmt":"2025-07-15T19:37:47","slug":"ei-mingit-leppimist-vahemaga-kui-onn","status":"publish","type":"product","link":"https:\/\/fil.ee\/uus\/toode\/ei-mingit-leppimist-vahemaga-kui-onn\/","title":{"rendered":"Ei mingit leppimist v\u00e4hemaga kui \u00f5nn"},"content":{"rendered":"<p style=\"text-align: justify;\">2. oktoobrlil 2024. a. ilmus meie kirjastuselt uus raamat Helina Kuusem\u00e4e &#8220;Ei mingit leppimist v\u00e4hemaga kui \u00f5nn&#8221;. Raamat on k\u00f5vade kaante ja mustvalge sisuga. Raamatu m\u00f5\u00f5dud on 148&#215;210 mm, maht 192 lehek\u00fclge. Toimetas Irene \u00d5mblus, k\u00fcljendas ja kaaned kujundas Vallo Hallik<\/p>\n<p style=\"text-align: justify;\"><strong>Raamatu tutvustus:<br \/>\n<\/strong>See autobiograafiline lugu on naisest, kelle inimsuhted kiskusid kiiva juba lapsep\u00f5lvekodus. Elades \u00fcle oma lapse- ja noorukiea ja suundudes n\u00fc\u00fcd isiklikku ellu, saab ta tunda vaid pettumust, valu ja v\u00e4givalda selle k\u00f5ikv\u00f5imalikes variatsioonides. Lugu on omavahel l\u00e4bi p\u00f5imunud kogemustest, m\u00e4lestustest, valusatest \u00f5ppetundidest, enesevigastamistest ja hetkedest, mis aitavad tal raskustes ellu j\u00e4\u00e4da, mitte alla anda, ja v\u00f5idelda enda \u00f5iguse eest olemas olla. Kukkudes uuesti p\u00fcsti t\u00f5usta ja kindlasti oma \u00f5nne leida. Lugu algab suure valuga ja l\u00f5peb j\u00f5ulise natuuri kasvamisega varemetelt kokku korjatud rusudest.<\/p>\n<p>Raamatusse sisse vaadata saab <a href=\"https:\/\/fil.ee\/sisu\/Ei_mingit_leppimist_vahemaga_kui_onn_esimesed_15lk.pdf\">siin<\/a>.<\/p>\n","protected":false},"excerpt":{"rendered":"<p>2. oktoobrlil 2024. a. ilmus meie kirjastuselt uus raamat Helina Kuusem\u00e4e &#8220;Ei mingit leppimist v\u00e4hemaga kui \u00f5nn&#8221;. Raamat on k\u00f5vade kaante ja mustvalge sisuga. Raamatu m\u00f5\u00f5dud on 148&#215;210 mm, maht 192 lehek\u00fclge. Toimetas Irene \u00d5mblus, k\u00fcljendas ja kaaned kujundas Vallo Hallik Raamatu tutvustus: See autobiograafiline lugu on naisest, kelle inimsuhted kiskusid kiiva juba lapsep\u00f5lvekodus. Elades [&hellip;]<\/p>\n","protected":false},"featured_media":2301,"comment_status":"open","ping_status":"closed","template":"","meta":[],"product_brand":[],"product_cat":[19],"product_tag":[],"class_list":{"0":"post-2300","1":"product","2":"type-product","3":"status-publish","4":"has-post-thumbnail","6":"product_cat-ilukirjandus","8":"first","9":"instock","10":"taxable","11":"shipping-taxable","12":"purchasable","13":"product-type-simple"},"_links":{"self":[{"href":"https:\/\/fil.ee\/uus\/wp-json\/wp\/v2\/product\/2300","targetHints":{"allow":["GET"]}}],"collection":[{"href":"https:\/\/fil.ee\/uus\/wp-json\/wp\/v2\/product"}],"about":[{"href":"https:\/\/fil.ee\/uus\/wp-json\/wp\/v2\/types\/product"}],"replies":[{"embeddable":true,"href":"https:\/\/fil.ee\/uus\/wp-json\/wp\/v2\/comments?post=2300"}],"wp:featuredmedia":[{"embeddable":true,"href":"https:\/\/fil.ee\/uus\/wp-json\/wp\/v2\/media\/2301"}],"wp:attachment":[{"href":"https:\/\/fil.ee\/uus\/wp-json\/wp\/v2\/media?parent=2300"}],"wp:term":[{"taxonomy":"product_brand","embeddable":true,"href":"https:\/\/fil.ee\/uus\/wp-json\/wp\/v2\/product_brand?post=2300"},{"taxonomy":"product_cat","embeddable":true,"href":"https:\/\/fil.ee\/uus\/wp-json\/wp\/v2\/product_cat?post=2300"},{"taxonomy":"product_tag","embeddable":true,"href":"https:\/\/fil.ee\/uus\/wp-json\/wp\/v2\/product_tag?post=2300"}],"curies":[{"name":"wp","href":"https:\/\/api.w.org\/{rel}","templated":true}]}}