{"id":2292,"date":"2024-09-23T00:45:50","date_gmt":"2024-09-22T21:45:50","guid":{"rendered":"https:\/\/fil.ee\/uus\/?post_type=product&#038;p=2292"},"modified":"2025-07-15T22:37:47","modified_gmt":"2025-07-15T19:37:47","slug":"lugu-kassipojast-kes-otsib-sopra","status":"publish","type":"product","link":"https:\/\/fil.ee\/uus\/toode\/lugu-kassipojast-kes-otsib-sopra\/","title":{"rendered":"Unelugu kassipojast, kes otsis s\u00f5pra"},"content":{"rendered":"<p style=\"text-align: justify;\">23. septembrlil 2024. a. ilmus meie kirjastuselt uus lasteraamat Karin Tuvikene &#8220;Unelugu kassipojast, kes otsis s\u00f5pra&#8221;. Raamat on k\u00f5vade kaante ja v\u00e4rvilise sisuga. Raamatu m\u00f5\u00f5dud on 170&#215;240 mm, maht 24 lehek\u00fclge. Toimetas Heli Hallik, illustreeris Gaira Liiver, k\u00fcljendas ja kaaned kujundas Vallo Hallik<\/p>\n<p style=\"text-align: justify;\"><strong>Raamatu tutvustus:<br \/>\n<\/strong>Lasteaia\u00f5petajana olen m\u00e4rganud, et lapse k\u00f5ne arendamine on oluline. Mida saab teha, et aidata kaasa lapse k\u00f5ne arengule? \u00dcks hea v\u00f5imalus on unejutu lugemise traditsioon, mis annab lapsele v\u00f5imaluse nautida koosolemise aega ema v\u00f5i isaga. Unejutu lugemist on soovitav j\u00e4tkata ka siis, kui laps on \u00f5ppinud ise lugema. Lapsega saab arutada, mis talle meeldis ja mis loetust meelde j\u00e4i.<br \/>\nKuna laps on pidevas liikumises, siis ette lugemisega saab aja maha v\u00f5tta ja on v\u00f5imalus p\u00e4evas\u00fcndmustest rahuneda.<br \/>\nKui lapsele lugeda enne kooli raamatuid, siis suurendab see nende \u00f5ppimisv\u00f5imet. Laps oskab ennast paremini v\u00e4ljendada ja m\u00f5istab teisi paremini, \u00f5pib suhtlemisoskusi. Loo kuulamise ajal \u00f5pib laps paremini keskenduma. Selle raamatu teemaks on s\u00f5prus. S\u00f5braga on \u00fchised huvid ja s\u00f5ber toetab nii r\u00f5\u00f5msatel kui ka rasketel hetkedel. S\u00f5prus on \u00f5nneliku elu jaoks oluline, sest koos s\u00f5prade ja l\u00e4hedastega veedetud aeg on parim.<br \/>\nKinkige lapsele raamat! P\u00f5nevaid hetki koos raamatuga!<\/p>\n","protected":false},"excerpt":{"rendered":"<p>23. septembrlil 2024. a. ilmus meie kirjastuselt uus lasteraamat Karin Tuvikene &#8220;Unelugu kassipojast, kes otsis s\u00f5pra&#8221;. Raamat on k\u00f5vade kaante ja v\u00e4rvilise sisuga. Raamatu m\u00f5\u00f5dud on 170&#215;240 mm, maht 24 lehek\u00fclge. Toimetas Heli Hallik, illustreeris Gaira Liiver, k\u00fcljendas ja kaaned kujundas Vallo Hallik Raamatu tutvustus: Lasteaia\u00f5petajana olen m\u00e4rganud, et lapse k\u00f5ne arendamine on oluline. Mida [&hellip;]<\/p>\n","protected":false},"featured_media":2293,"comment_status":"open","ping_status":"closed","template":"","meta":[],"product_brand":[],"product_cat":[22],"product_tag":[],"class_list":{"0":"post-2292","1":"product","2":"type-product","3":"status-publish","4":"has-post-thumbnail","6":"product_cat-lastele","8":"first","9":"instock","10":"taxable","11":"shipping-taxable","12":"purchasable","13":"product-type-simple"},"_links":{"self":[{"href":"https:\/\/fil.ee\/uus\/wp-json\/wp\/v2\/product\/2292","targetHints":{"allow":["GET"]}}],"collection":[{"href":"https:\/\/fil.ee\/uus\/wp-json\/wp\/v2\/product"}],"about":[{"href":"https:\/\/fil.ee\/uus\/wp-json\/wp\/v2\/types\/product"}],"replies":[{"embeddable":true,"href":"https:\/\/fil.ee\/uus\/wp-json\/wp\/v2\/comments?post=2292"}],"wp:featuredmedia":[{"embeddable":true,"href":"https:\/\/fil.ee\/uus\/wp-json\/wp\/v2\/media\/2293"}],"wp:attachment":[{"href":"https:\/\/fil.ee\/uus\/wp-json\/wp\/v2\/media?parent=2292"}],"wp:term":[{"taxonomy":"product_brand","embeddable":true,"href":"https:\/\/fil.ee\/uus\/wp-json\/wp\/v2\/product_brand?post=2292"},{"taxonomy":"product_cat","embeddable":true,"href":"https:\/\/fil.ee\/uus\/wp-json\/wp\/v2\/product_cat?post=2292"},{"taxonomy":"product_tag","embeddable":true,"href":"https:\/\/fil.ee\/uus\/wp-json\/wp\/v2\/product_tag?post=2292"}],"curies":[{"name":"wp","href":"https:\/\/api.w.org\/{rel}","templated":true}]}}