{"id":2282,"date":"2024-09-07T12:06:43","date_gmt":"2024-09-07T09:06:43","guid":{"rendered":"https:\/\/fil.ee\/uus\/?post_type=product&#038;p=2282"},"modified":"2025-07-15T22:37:24","modified_gmt":"2025-07-15T19:37:24","slug":"rutmi-ja-plaksuluulet-ponnidele","status":"publish","type":"product","link":"https:\/\/fil.ee\/uus\/toode\/rutmi-ja-plaksuluulet-ponnidele\/","title":{"rendered":"R\u00fctmi- ja plaksuluulet p\u00f5nnidele"},"content":{"rendered":"<p>7. septembril 2024. a. ilmus meie kirjastuselt uus raamat Erle M\u00e4gi &#8220;R\u00fctmi- ja Plaksuluulet p\u00f5nnidele&#8221;. Raamat on k\u00f5vade kaante ja v\u00e4rvilise sisuga. Raamatu m\u00f5\u00f5dud on 148&#215;210 mm, maht 48 lehek\u00fclge. Toimetas S. Rattiste, k\u00fcljendas ja kaaned kujundas Vallo Hallik<\/p>\n<p><strong>Raamatu tutvustus:<br \/>\n<\/strong>Raamat \u201eR\u00fctmi &#8211; ja plaksuluulet p\u00f5nnidele\u201d sisaldab vahvaid ning arendavaid luuletusi, mida lugedes kasutavad lapsed kehapilli. Kehapill on k\u00f5ige lihtsam pill, mille saad m\u00e4ngima panna juba k\u00e4si plaksutades. Selles pisikeses raamatus saabki luuletust lugedes panna oma keha nipse, patse ja plakse tehes toredalt liikuma. Selline tegevus julgustab esinemisel, suhtlemisel ja lisab lapsele seel\u00e4bi palju enesekindlust! R\u00fctmi &#8211; ja plaksuluulet on eriti vahva lugeda mitmekesi koos. Seet\u00f5ttu aitab l\u00f5busalt aega sisustada nii pereringis kui ka n\u00e4iteks s\u00f5bra s\u00fcnnip\u00e4eval v\u00f5i lasteaias. Hoogsat tegutsemislusti!<\/p>\n<p>https:\/\/fil.ee\/sisu\/Rytmi-ja_plaksuluulet_ponnidele_esimesed_15lk.pdf<\/p>\n","protected":false},"excerpt":{"rendered":"<p>7. septembril 2024. a. ilmus meie kirjastuselt uus raamat Erle M\u00e4gi &#8220;R\u00fctmi- ja Plaksuluulet p\u00f5nnidele&#8221;. Raamat on k\u00f5vade kaante ja v\u00e4rvilise sisuga. Raamatu m\u00f5\u00f5dud on 148&#215;210 mm, maht 48 lehek\u00fclge. Toimetas S. Rattiste, k\u00fcljendas ja kaaned kujundas Vallo Hallik Raamatu tutvustus: Raamat \u201eR\u00fctmi &#8211; ja plaksuluulet p\u00f5nnidele\u201d sisaldab vahvaid ning arendavaid luuletusi, mida lugedes kasutavad [&hellip;]<\/p>\n","protected":false},"featured_media":2283,"comment_status":"open","ping_status":"closed","template":"","meta":[],"product_brand":[],"product_cat":[286],"product_tag":[],"class_list":{"0":"post-2282","1":"product","2":"type-product","3":"status-publish","4":"has-post-thumbnail","6":"product_cat-archive","8":"first","9":"instock","10":"taxable","11":"shipping-taxable","12":"purchasable","13":"product-type-simple"},"_links":{"self":[{"href":"https:\/\/fil.ee\/uus\/wp-json\/wp\/v2\/product\/2282","targetHints":{"allow":["GET"]}}],"collection":[{"href":"https:\/\/fil.ee\/uus\/wp-json\/wp\/v2\/product"}],"about":[{"href":"https:\/\/fil.ee\/uus\/wp-json\/wp\/v2\/types\/product"}],"replies":[{"embeddable":true,"href":"https:\/\/fil.ee\/uus\/wp-json\/wp\/v2\/comments?post=2282"}],"wp:featuredmedia":[{"embeddable":true,"href":"https:\/\/fil.ee\/uus\/wp-json\/wp\/v2\/media\/2283"}],"wp:attachment":[{"href":"https:\/\/fil.ee\/uus\/wp-json\/wp\/v2\/media?parent=2282"}],"wp:term":[{"taxonomy":"product_brand","embeddable":true,"href":"https:\/\/fil.ee\/uus\/wp-json\/wp\/v2\/product_brand?post=2282"},{"taxonomy":"product_cat","embeddable":true,"href":"https:\/\/fil.ee\/uus\/wp-json\/wp\/v2\/product_cat?post=2282"},{"taxonomy":"product_tag","embeddable":true,"href":"https:\/\/fil.ee\/uus\/wp-json\/wp\/v2\/product_tag?post=2282"}],"curies":[{"name":"wp","href":"https:\/\/api.w.org\/{rel}","templated":true}]}}