{"id":2277,"date":"2024-08-30T08:51:32","date_gmt":"2024-08-30T05:51:32","guid":{"rendered":"https:\/\/fil.ee\/uus\/?post_type=product&#038;p=2277"},"modified":"2025-07-15T22:34:46","modified_gmt":"2025-07-15T19:34:46","slug":"krutskitega-joulusoovid","status":"publish","type":"product","link":"https:\/\/fil.ee\/uus\/toode\/krutskitega-joulusoovid\/","title":{"rendered":"Krutskitega j\u00f5ulusoovid"},"content":{"rendered":"<p>30. augustil 2024. a. ilmus meie kirjastuselt uus lasteraamat Kristina Sepp &#8220;Krutskitega j\u00f5ulusoovid&#8221;. Raamat on k\u00f5vade kaante ja v\u00e4rvilise sisuga. Raamatu m\u00f5\u00f5dud on 210&#215;297 mm, maht 36 lehek\u00fclge. Toimetas Heli Hallik, illustreeris Kristina Sepp, k\u00fcljendas Vallo Hallik<\/p>\n<p style=\"text-align: justify;\"><strong>Raamatu tutvustus:<br \/>\n<\/strong>Igal s\u00e4rasilmsel lapsel on oma salajane j\u00f5ulusoov ja kingituste ootus. See tore luuleraamatuke aitab sind m\u00f5elda valgesse ja helgesse j\u00f5uluimede aega.<\/p>\n<p>Raamatusse sisse vaadata saab <a href=\"https:\/\/fil.ee\/sisu\/Krutskitega_joulusoovid_esimesed_15lk.pdf\">siin<\/a>.<\/p>\n","protected":false},"excerpt":{"rendered":"<p>30. augustil 2024. a. ilmus meie kirjastuselt uus lasteraamat Kristina Sepp &#8220;Krutskitega j\u00f5ulusoovid&#8221;. Raamat on k\u00f5vade kaante ja v\u00e4rvilise sisuga. Raamatu m\u00f5\u00f5dud on 210&#215;297 mm, maht 36 lehek\u00fclge. Toimetas Heli Hallik, illustreeris Kristina Sepp, k\u00fcljendas Vallo Hallik Raamatu tutvustus: Igal s\u00e4rasilmsel lapsel on oma salajane j\u00f5ulusoov ja kingituste ootus. See tore luuleraamatuke aitab sind m\u00f5elda [&hellip;]<\/p>\n","protected":false},"featured_media":2278,"comment_status":"open","ping_status":"closed","template":"","meta":[],"product_brand":[],"product_cat":[22,23],"product_tag":[],"class_list":{"0":"post-2277","1":"product","2":"type-product","3":"status-publish","4":"has-post-thumbnail","6":"product_cat-lastele","7":"product_cat-luule","9":"first","10":"instock","11":"taxable","12":"shipping-taxable","13":"purchasable","14":"product-type-simple"},"_links":{"self":[{"href":"https:\/\/fil.ee\/uus\/wp-json\/wp\/v2\/product\/2277","targetHints":{"allow":["GET"]}}],"collection":[{"href":"https:\/\/fil.ee\/uus\/wp-json\/wp\/v2\/product"}],"about":[{"href":"https:\/\/fil.ee\/uus\/wp-json\/wp\/v2\/types\/product"}],"replies":[{"embeddable":true,"href":"https:\/\/fil.ee\/uus\/wp-json\/wp\/v2\/comments?post=2277"}],"wp:featuredmedia":[{"embeddable":true,"href":"https:\/\/fil.ee\/uus\/wp-json\/wp\/v2\/media\/2278"}],"wp:attachment":[{"href":"https:\/\/fil.ee\/uus\/wp-json\/wp\/v2\/media?parent=2277"}],"wp:term":[{"taxonomy":"product_brand","embeddable":true,"href":"https:\/\/fil.ee\/uus\/wp-json\/wp\/v2\/product_brand?post=2277"},{"taxonomy":"product_cat","embeddable":true,"href":"https:\/\/fil.ee\/uus\/wp-json\/wp\/v2\/product_cat?post=2277"},{"taxonomy":"product_tag","embeddable":true,"href":"https:\/\/fil.ee\/uus\/wp-json\/wp\/v2\/product_tag?post=2277"}],"curies":[{"name":"wp","href":"https:\/\/api.w.org\/{rel}","templated":true}]}}