{"id":2273,"date":"2024-08-21T16:51:37","date_gmt":"2024-08-21T13:51:37","guid":{"rendered":"https:\/\/fil.ee\/uus\/?post_type=product&#038;p=2273"},"modified":"2025-07-15T22:36:39","modified_gmt":"2025-07-15T19:36:39","slug":"lihtsad-sonad-elus-enesest","status":"publish","type":"product","link":"https:\/\/fil.ee\/uus\/toode\/lihtsad-sonad-elus-enesest\/","title":{"rendered":"Lihtsad s\u00f5nad. Elust enesest"},"content":{"rendered":"<p style=\"text-align: justify;\">21. augustil 2024. a. ilmus meie kirjastuselt uus raamat Tarmo Selter &#8220;Lihtsad s\u00f5nad. Elust enesest&#8221;. Raamat on k\u00f5vade kaante ja mustvalge sisuga. Raamatu m\u00f5\u00f5dud on 148&#215;210 mm, maht 104 lehek\u00fclge. Toimetas Heli Hallik, illustreeris Tarmo Selter, k\u00fcljendas ja kaaned kujundas Vallo Hallik<\/p>\n<p style=\"text-align: justify;\"><strong>Raamatu tutvustus:<br \/>\n<\/strong>Aasta 2022 oli kogu maailmale p\u00f6\u00f6rdeline ning see kajastub m\u00f5neti ka minu lihtsalt s\u00f5nastatud ridades selles raamatus.<br \/>\nTihti muutuvad mu read l\u00e4bi kitarri ka muusikaks meist \u00fcmbritsevast elust, ilust, valust ja v\u00f5lust.<br \/>\nElu on puutumatu ja seda tuleb austada ning hoida.<br \/>\nEi tohi unustada iseennast, oma hinge ja s\u00fcdant ka k\u00f5ige keerulisemas olukorras.<br \/>\nOtsides leiad endast ja enda \u00fcmbert alati midagi, mis Sul s\u00e4ra silma toob.<br \/>\nKa k\u00f5ige pilvisemast taevast v\u00f5ib leida p\u00e4ikesekiiri.<\/p>\n<p>Raamatusse sisse saab vaadata <a href=\"https:\/\/fil.ee\/sisu\/Lihtsad_sonad_elust_enesest_esimesed_15lk.pdf\">siin<\/a>.<\/p>\n","protected":false},"excerpt":{"rendered":"<p>21. augustil 2024. a. ilmus meie kirjastuselt uus raamat Tarmo Selter &#8220;Lihtsad s\u00f5nad. Elust enesest&#8221;. Raamat on k\u00f5vade kaante ja mustvalge sisuga. Raamatu m\u00f5\u00f5dud on 148&#215;210 mm, maht 104 lehek\u00fclge. Toimetas Heli Hallik, illustreeris Tarmo Selter, k\u00fcljendas ja kaaned kujundas Vallo Hallik Raamatu tutvustus: Aasta 2022 oli kogu maailmale p\u00f6\u00f6rdeline ning see kajastub m\u00f5neti ka [&hellip;]<\/p>\n","protected":false},"featured_media":2274,"comment_status":"open","ping_status":"closed","template":"","meta":[],"product_brand":[],"product_cat":[23],"product_tag":[],"class_list":{"0":"post-2273","1":"product","2":"type-product","3":"status-publish","4":"has-post-thumbnail","6":"product_cat-luule","8":"first","9":"instock","10":"taxable","11":"shipping-taxable","12":"purchasable","13":"product-type-simple"},"_links":{"self":[{"href":"https:\/\/fil.ee\/uus\/wp-json\/wp\/v2\/product\/2273","targetHints":{"allow":["GET"]}}],"collection":[{"href":"https:\/\/fil.ee\/uus\/wp-json\/wp\/v2\/product"}],"about":[{"href":"https:\/\/fil.ee\/uus\/wp-json\/wp\/v2\/types\/product"}],"replies":[{"embeddable":true,"href":"https:\/\/fil.ee\/uus\/wp-json\/wp\/v2\/comments?post=2273"}],"wp:featuredmedia":[{"embeddable":true,"href":"https:\/\/fil.ee\/uus\/wp-json\/wp\/v2\/media\/2274"}],"wp:attachment":[{"href":"https:\/\/fil.ee\/uus\/wp-json\/wp\/v2\/media?parent=2273"}],"wp:term":[{"taxonomy":"product_brand","embeddable":true,"href":"https:\/\/fil.ee\/uus\/wp-json\/wp\/v2\/product_brand?post=2273"},{"taxonomy":"product_cat","embeddable":true,"href":"https:\/\/fil.ee\/uus\/wp-json\/wp\/v2\/product_cat?post=2273"},{"taxonomy":"product_tag","embeddable":true,"href":"https:\/\/fil.ee\/uus\/wp-json\/wp\/v2\/product_tag?post=2273"}],"curies":[{"name":"wp","href":"https:\/\/api.w.org\/{rel}","templated":true}]}}