{"id":2270,"date":"2024-08-21T10:08:31","date_gmt":"2024-08-21T07:08:31","guid":{"rendered":"https:\/\/fil.ee\/uus\/?post_type=product&#038;p=2270"},"modified":"2025-10-16T17:25:07","modified_gmt":"2025-10-16T14:25:07","slug":"minu-leelo","status":"publish","type":"product","link":"https:\/\/fil.ee\/uus\/toode\/minu-leelo\/","title":{"rendered":"Minu Leelo"},"content":{"rendered":"<p style=\"text-align: justify;\">21. augustil 2024. a. ilmus meie kirjastuselt uus raamat Virve Saar &#8220;Minu Leelo&#8221;. Raamat on k\u00f5vade kaante ja mustvalge sisuga. Raamatu m\u00f5\u00f5dud on 145&#215;200 mm, maht 160 lehek\u00fclge. Toimetas S. Rattiste, illustreeris Virve Saar, k\u00fcljendas Vallo Hallik<\/p>\n<p style=\"text-align: justify;\"><strong>Raamatu tutvustus:<br \/>\n<\/strong>See on lugu ema rollist oma haige t\u00fctre elus, mis on kui keerlev karusell, kus haigushood vahelduvad r\u00f5\u00f5msamate seikadega. Ema elu varjutavad hingeliselt traumeerivad l\u00e4bielamised t\u00fctre haiguse p\u00e4rast. L\u00f5puks leiab ta siiski rahu enda sees ja viisi, kuidas harmooniliselt \u00fchendada oma elu t\u00fctre omaga.<br \/>\nLugejatele lohutuseks v\u00f5in \u00f6elda, et alati ei ole k\u00f5ik nii lootusetu, ikka leidub m\u00f5ni seik, mis p\u00e4eva paremaks teeb. Tuleb vaid leida oma tee.<br \/>\nVirve Saar<\/p>\n<p>Raamatusse sisse vaadata saab <a href=\"https:\/\/fil.ee\/sisu\/Minu_Leelo_esimesed_15lk.pdf\">siin<\/a>.<\/p>\n","protected":false},"excerpt":{"rendered":"<p>21. augustil 2024. a. ilmus meie kirjastuselt uus raamat Virve Saar &#8220;Minu Leelo&#8221;. Raamat on k\u00f5vade kaante ja mustvalge sisuga. Raamatu m\u00f5\u00f5dud on 145&#215;200 mm, maht 160 lehek\u00fclge. Toimetas S. Rattiste, illustreeris Virve Saar, k\u00fcljendas Vallo Hallik Raamatu tutvustus: See on lugu ema rollist oma haige t\u00fctre elus, mis on kui keerlev karusell, kus haigushood [&hellip;]<\/p>\n","protected":false},"featured_media":2271,"comment_status":"open","ping_status":"closed","template":"","meta":[],"product_brand":[],"product_cat":[19],"product_tag":[],"class_list":{"0":"post-2270","1":"product","2":"type-product","3":"status-publish","4":"has-post-thumbnail","6":"product_cat-ilukirjandus","8":"first","9":"instock","10":"sale","11":"taxable","12":"shipping-taxable","13":"purchasable","14":"product-type-simple"},"_links":{"self":[{"href":"https:\/\/fil.ee\/uus\/wp-json\/wp\/v2\/product\/2270","targetHints":{"allow":["GET"]}}],"collection":[{"href":"https:\/\/fil.ee\/uus\/wp-json\/wp\/v2\/product"}],"about":[{"href":"https:\/\/fil.ee\/uus\/wp-json\/wp\/v2\/types\/product"}],"replies":[{"embeddable":true,"href":"https:\/\/fil.ee\/uus\/wp-json\/wp\/v2\/comments?post=2270"}],"wp:featuredmedia":[{"embeddable":true,"href":"https:\/\/fil.ee\/uus\/wp-json\/wp\/v2\/media\/2271"}],"wp:attachment":[{"href":"https:\/\/fil.ee\/uus\/wp-json\/wp\/v2\/media?parent=2270"}],"wp:term":[{"taxonomy":"product_brand","embeddable":true,"href":"https:\/\/fil.ee\/uus\/wp-json\/wp\/v2\/product_brand?post=2270"},{"taxonomy":"product_cat","embeddable":true,"href":"https:\/\/fil.ee\/uus\/wp-json\/wp\/v2\/product_cat?post=2270"},{"taxonomy":"product_tag","embeddable":true,"href":"https:\/\/fil.ee\/uus\/wp-json\/wp\/v2\/product_tag?post=2270"}],"curies":[{"name":"wp","href":"https:\/\/api.w.org\/{rel}","templated":true}]}}