{"id":2264,"date":"2024-07-18T08:57:13","date_gmt":"2024-07-18T05:57:13","guid":{"rendered":"https:\/\/fil.ee\/uus\/?post_type=product&#038;p=2264"},"modified":"2025-07-15T22:37:23","modified_gmt":"2025-07-15T19:37:23","slug":"vorkpall-labi-lapse-silmade","status":"publish","type":"product","link":"https:\/\/fil.ee\/uus\/toode\/vorkpall-labi-lapse-silmade\/","title":{"rendered":"V\u00f5rkpall l\u00e4bi lapse silmade"},"content":{"rendered":"<p style=\"text-align: justify;\">18. juulil 2024. a. ilmus meie kirjastuselt uus lasteraamat fil \u201cV\u00f5rkpall l\u00e4bi lapse silmade\u201d. Raamat on k\u00f5vade kaante ja v\u00e4rvilise sisuga. Raamatu m\u00f5\u00f5dud on 150\u00d7150 mm, maht 22 lehek\u00fclge. Toimetas Heli Hallik, illustreeris Liina Lippasaar, k\u00fcljendas ja kaaned kujundas Jaan Lehismets<\/p>\n<p style=\"text-align: justify;\"><strong>Raamatu tutvustus:<br \/>\n<\/strong>SEE RAAMAT KUTSUB LAPSI V\u00d5RKPALLITRENNI JA AITAB LASTEL TEISTELE SELGITADA, MIS M\u00c4NG SEE V\u00d5RKPALL IKKAGI ON.<\/p>\n<p>Raamatusse sisse vaadata saab <a href=\"https:\/\/fil.ee\/sisu\/vorkpall_1-15.pdf\">siin<\/a>.<\/p>\n","protected":false},"excerpt":{"rendered":"<p>18. juulil 2024. a. ilmus meie kirjastuselt uus lasteraamat fil \u201cV\u00f5rkpall l\u00e4bi lapse silmade\u201d. Raamat on k\u00f5vade kaante ja v\u00e4rvilise sisuga. Raamatu m\u00f5\u00f5dud on 150\u00d7150 mm, maht 22 lehek\u00fclge. Toimetas Heli Hallik, illustreeris Liina Lippasaar, k\u00fcljendas ja kaaned kujundas Jaan Lehismets Raamatu tutvustus: SEE RAAMAT KUTSUB LAPSI V\u00d5RKPALLITRENNI JA AITAB LASTEL TEISTELE SELGITADA, MIS M\u00c4NG [&hellip;]<\/p>\n","protected":false},"featured_media":2265,"comment_status":"open","ping_status":"closed","template":"","meta":[],"product_brand":[],"product_cat":[22],"product_tag":[],"class_list":{"0":"post-2264","1":"product","2":"type-product","3":"status-publish","4":"has-post-thumbnail","6":"product_cat-lastele","8":"first","9":"instock","10":"taxable","11":"shipping-taxable","12":"purchasable","13":"product-type-simple"},"_links":{"self":[{"href":"https:\/\/fil.ee\/uus\/wp-json\/wp\/v2\/product\/2264","targetHints":{"allow":["GET"]}}],"collection":[{"href":"https:\/\/fil.ee\/uus\/wp-json\/wp\/v2\/product"}],"about":[{"href":"https:\/\/fil.ee\/uus\/wp-json\/wp\/v2\/types\/product"}],"replies":[{"embeddable":true,"href":"https:\/\/fil.ee\/uus\/wp-json\/wp\/v2\/comments?post=2264"}],"wp:featuredmedia":[{"embeddable":true,"href":"https:\/\/fil.ee\/uus\/wp-json\/wp\/v2\/media\/2265"}],"wp:attachment":[{"href":"https:\/\/fil.ee\/uus\/wp-json\/wp\/v2\/media?parent=2264"}],"wp:term":[{"taxonomy":"product_brand","embeddable":true,"href":"https:\/\/fil.ee\/uus\/wp-json\/wp\/v2\/product_brand?post=2264"},{"taxonomy":"product_cat","embeddable":true,"href":"https:\/\/fil.ee\/uus\/wp-json\/wp\/v2\/product_cat?post=2264"},{"taxonomy":"product_tag","embeddable":true,"href":"https:\/\/fil.ee\/uus\/wp-json\/wp\/v2\/product_tag?post=2264"}],"curies":[{"name":"wp","href":"https:\/\/api.w.org\/{rel}","templated":true}]}}