{"id":2262,"date":"2024-07-18T08:49:29","date_gmt":"2024-07-18T05:49:29","guid":{"rendered":"https:\/\/fil.ee\/uus\/?post_type=product&#038;p=2262"},"modified":"2025-07-15T22:37:23","modified_gmt":"2025-07-15T19:37:23","slug":"paras-annus-pastat","status":"publish","type":"product","link":"https:\/\/fil.ee\/uus\/toode\/paras-annus-pastat\/","title":{"rendered":"Paras annus pastat"},"content":{"rendered":"<p style=\"text-align: justify;\">18. juulil 2024. a. ilmus meie kirjastuselt uus raamat Madis Kivine &#8220;Paras annus pastat&#8221;. Raamat on pehmete kaante ja mustvalge sisuga. Raamatu m\u00f5\u00f5dud on 148&#215;210 mm, maht 192 lehek\u00fclge. Toimetas S. Rattiste, k\u00fcljendas ja kaaned kujundas Vallo Hallik<\/p>\n<p style=\"text-align: justify;\"><strong>Raamatu tutvustus:<br \/>\n<\/strong>Kaks meest, Andres ja Leo, olid koolis pinginaabrid. Koos sirguti ning aastate jooksul kasvatati endile tubli ports lihasmassi luudele juurde.<br \/>\nNende elulugudes on palju \u00fchist ja maailma asjade \u00fcle filosofeeritakse koos. Arutatakse ka, kuidas minna eluga edasi nii, et kui iga juba sealmaal, kus hambutu suu enam vett ei pea ja p\u00fcksid t\u00e4is kohevat vatti, siis mitte j\u00e4\u00e4da koleda ja paksuna p\u00f5dema oma valesti elatud elu, kui sa enam mitte kellelegi korda ei l\u00e4he.<br \/>\nNii Andres kui Leo on otsustanud end selles muutuvas maailmas t\u00f5estada, luues meestevahelise v\u00f5imsa sideme, kus teinekord ei kohelda teineteist kuigi lahkelt.<br \/>\nLehek\u00fclgedele j\u00e4tkub k\u00fcllaga lusti ja vahel kisuvad olukorrad lausa jantlikeks. Huumoriga j\u00e4lgitakse pingsalt teineteise toimetulekut, sest m\u00f5lemad mehed teavad, kuidas on \u00f5ige elada.<br \/>\nMis aga juhtub siis, kui s\u00f5prusesse on segatud naine? Kas see j\u00e4\u00e4b p\u00fcsima?<\/p>\n<p>Raamatusse sisse vaadata saab <a href=\"https:\/\/fil.ee\/sisu\/Paras_annus_pastat_esimesed_15lk.pdf\">siin<\/a>.<\/p>\n","protected":false},"excerpt":{"rendered":"<p>18. juulil 2024. a. ilmus meie kirjastuselt uus raamat Madis Kivine &#8220;Paras annus pastat&#8221;. Raamat on pehmete kaante ja mustvalge sisuga. Raamatu m\u00f5\u00f5dud on 148&#215;210 mm, maht 192 lehek\u00fclge. Toimetas S. Rattiste, k\u00fcljendas ja kaaned kujundas Vallo Hallik Raamatu tutvustus: Kaks meest, Andres ja Leo, olid koolis pinginaabrid. Koos sirguti ning aastate jooksul kasvatati endile [&hellip;]<\/p>\n","protected":false},"featured_media":2263,"comment_status":"open","ping_status":"closed","template":"","meta":[],"product_brand":[],"product_cat":[19],"product_tag":[],"class_list":{"0":"post-2262","1":"product","2":"type-product","3":"status-publish","4":"has-post-thumbnail","6":"product_cat-ilukirjandus","8":"first","9":"instock","10":"taxable","11":"shipping-taxable","12":"purchasable","13":"product-type-simple"},"_links":{"self":[{"href":"https:\/\/fil.ee\/uus\/wp-json\/wp\/v2\/product\/2262","targetHints":{"allow":["GET"]}}],"collection":[{"href":"https:\/\/fil.ee\/uus\/wp-json\/wp\/v2\/product"}],"about":[{"href":"https:\/\/fil.ee\/uus\/wp-json\/wp\/v2\/types\/product"}],"replies":[{"embeddable":true,"href":"https:\/\/fil.ee\/uus\/wp-json\/wp\/v2\/comments?post=2262"}],"wp:featuredmedia":[{"embeddable":true,"href":"https:\/\/fil.ee\/uus\/wp-json\/wp\/v2\/media\/2263"}],"wp:attachment":[{"href":"https:\/\/fil.ee\/uus\/wp-json\/wp\/v2\/media?parent=2262"}],"wp:term":[{"taxonomy":"product_brand","embeddable":true,"href":"https:\/\/fil.ee\/uus\/wp-json\/wp\/v2\/product_brand?post=2262"},{"taxonomy":"product_cat","embeddable":true,"href":"https:\/\/fil.ee\/uus\/wp-json\/wp\/v2\/product_cat?post=2262"},{"taxonomy":"product_tag","embeddable":true,"href":"https:\/\/fil.ee\/uus\/wp-json\/wp\/v2\/product_tag?post=2262"}],"curies":[{"name":"wp","href":"https:\/\/api.w.org\/{rel}","templated":true}]}}