{"id":2260,"date":"2024-07-18T08:44:06","date_gmt":"2024-07-18T05:44:06","guid":{"rendered":"https:\/\/fil.ee\/uus\/?post_type=product&#038;p=2260"},"modified":"2024-07-18T08:44:06","modified_gmt":"2024-07-18T05:44:06","slug":"mia-marta-ja-monus-maa","status":"publish","type":"product","link":"https:\/\/fil.ee\/uus\/toode\/mia-marta-ja-monus-maa\/","title":{"rendered":"Mia Marta ja M\u00f5nus maa"},"content":{"rendered":"<p style=\"text-align: justify;\">18. juulil 2024. a. ilmus meie kirjastuselt uus lasteraamat Helina Kuusem\u00e4e &#8220;Mia Marta ja M\u00f5nus Maa&#8221;. Raamat on k\u00f5vade kaante ja v\u00e4rvilise sisuga. Raamatu m\u00f5\u00f5dud on 170&#215;240 mm, maht 120 lehek\u00fclge. Toimetas Heli Hallik, illustreeris Mia Marta M\u00e4emurd, k\u00fcljendas ja kaaned kujundas Vallo Hallik<\/p>\n<p style=\"text-align: justify;\"><strong>Raamatu tutvustus:<br \/>\n<\/strong>Mia Marta ja M\u00f5nus Maa on raamat v\u00e4ikesest linnat\u00fcdrukust, kes koos vanematega maale elama potsatas. Tema toredatest seiklustest uues elukeskkonnas, naljakatest tegemistest armsate s\u00f5pade ja v\u00e4rvikate tegelastega. Raamat sobib h\u00e4sti \u00f5htuseks ettelugemisteks, p\u00e4evaseks meelelahutuseks ja miks ka mitte vanematele lugejatele m\u00e4lestuste radadele naasmiseks.<\/p>\n<p>Raamatusse sisse vaadata saab <a href=\"https:\/\/fil.ee\/sisu\/Mia_Marta_ja_monus_maa_esimesed_15lk.pdf\">siin<\/a>.<\/p>\n","protected":false},"excerpt":{"rendered":"<p>18. juulil 2024. a. ilmus meie kirjastuselt uus lasteraamat Helina Kuusem\u00e4e &#8220;Mia Marta ja M\u00f5nus Maa&#8221;. Raamat on k\u00f5vade kaante ja v\u00e4rvilise sisuga. Raamatu m\u00f5\u00f5dud on 170&#215;240 mm, maht 120 lehek\u00fclge. Toimetas Heli Hallik, illustreeris Mia Marta M\u00e4emurd, k\u00fcljendas ja kaaned kujundas Vallo Hallik Raamatu tutvustus: Mia Marta ja M\u00f5nus Maa on raamat v\u00e4ikesest linnat\u00fcdrukust, [&hellip;]<\/p>\n","protected":false},"featured_media":2261,"comment_status":"open","ping_status":"closed","template":"","meta":[],"product_brand":[],"product_cat":[22],"product_tag":[],"class_list":{"0":"post-2260","1":"product","2":"type-product","3":"status-publish","4":"has-post-thumbnail","6":"product_cat-lastele","8":"first","9":"instock","10":"taxable","11":"shipping-taxable","12":"purchasable","13":"product-type-simple"},"_links":{"self":[{"href":"https:\/\/fil.ee\/uus\/wp-json\/wp\/v2\/product\/2260","targetHints":{"allow":["GET"]}}],"collection":[{"href":"https:\/\/fil.ee\/uus\/wp-json\/wp\/v2\/product"}],"about":[{"href":"https:\/\/fil.ee\/uus\/wp-json\/wp\/v2\/types\/product"}],"replies":[{"embeddable":true,"href":"https:\/\/fil.ee\/uus\/wp-json\/wp\/v2\/comments?post=2260"}],"wp:featuredmedia":[{"embeddable":true,"href":"https:\/\/fil.ee\/uus\/wp-json\/wp\/v2\/media\/2261"}],"wp:attachment":[{"href":"https:\/\/fil.ee\/uus\/wp-json\/wp\/v2\/media?parent=2260"}],"wp:term":[{"taxonomy":"product_brand","embeddable":true,"href":"https:\/\/fil.ee\/uus\/wp-json\/wp\/v2\/product_brand?post=2260"},{"taxonomy":"product_cat","embeddable":true,"href":"https:\/\/fil.ee\/uus\/wp-json\/wp\/v2\/product_cat?post=2260"},{"taxonomy":"product_tag","embeddable":true,"href":"https:\/\/fil.ee\/uus\/wp-json\/wp\/v2\/product_tag?post=2260"}],"curies":[{"name":"wp","href":"https:\/\/api.w.org\/{rel}","templated":true}]}}