{"id":2250,"date":"2024-06-17T10:00:10","date_gmt":"2024-06-17T07:00:10","guid":{"rendered":"https:\/\/fil.ee\/uus\/?post_type=product&#038;p=2250"},"modified":"2025-07-15T22:37:23","modified_gmt":"2025-07-15T19:37:23","slug":"maikuu-uni","status":"publish","type":"product","link":"https:\/\/fil.ee\/uus\/toode\/maikuu-uni\/","title":{"rendered":"Maikuu uni"},"content":{"rendered":"<p style=\"text-align: justify;\">17. juunil 2024. a. ilmus meie kirjastuselt uus luuleraamat Heli Peets &#8220;Maikuu uni&#8221;. Raamat on k\u00f5vade kaante ja mustvalge sisuga. Raamatu m\u00f5\u00f5dud on 129&#215;200 mm, maht 136 lehek\u00fclge. Toimetas Heli Hallik, k\u00fcljendas ja kaaned kujundas Vallo Hallik<\/p>\n<p style=\"text-align: justify;\"><strong>Raamatu tutvustus:<br \/>\n<\/strong>Elu on t\u00e4is muutusi. Me liugleme l\u00e4bi lainete, et naasta kuhugi ilusasse paika, mida kutsume armastuseks. Armastus ei ole sihtkoht, vaid teekond. Sellel on t\u00f5use ja m\u00f5\u00f5ne, v\u00f5ite ja kaotusi &#8230;<br \/>\nSee raamat sisaldab endas luuletusi muutuste laineharjade tippudest, mida olen l\u00e4binud, kogenud erinevaid etappe teekonnal armastusse ja armastusest eemale. Hoidnud kinni \u201emaikuu unen\u00e4ost\u201d, \u00f5ppides laskma lahti &#8230;<\/p>\n<p>Raamatusse sisse vaadata saab <a href=\"https:\/\/fil.ee\/sisu\/Maikuu_uni_esimesed_15lk.pdf\">siin<\/a>.<\/p>\n","protected":false},"excerpt":{"rendered":"<p>17. juunil 2024. a. ilmus meie kirjastuselt uus luuleraamat Heli Peets &#8220;Maikuu uni&#8221;. Raamat on k\u00f5vade kaante ja mustvalge sisuga. Raamatu m\u00f5\u00f5dud on 129&#215;200 mm, maht 136 lehek\u00fclge. Toimetas Heli Hallik, k\u00fcljendas ja kaaned kujundas Vallo Hallik Raamatu tutvustus: Elu on t\u00e4is muutusi. Me liugleme l\u00e4bi lainete, et naasta kuhugi ilusasse paika, mida kutsume armastuseks. [&hellip;]<\/p>\n","protected":false},"featured_media":2251,"comment_status":"open","ping_status":"closed","template":"","meta":[],"product_brand":[],"product_cat":[23],"product_tag":[],"class_list":{"0":"post-2250","1":"product","2":"type-product","3":"status-publish","4":"has-post-thumbnail","6":"product_cat-luule","8":"first","9":"instock","10":"taxable","11":"shipping-taxable","12":"purchasable","13":"product-type-simple"},"_links":{"self":[{"href":"https:\/\/fil.ee\/uus\/wp-json\/wp\/v2\/product\/2250","targetHints":{"allow":["GET"]}}],"collection":[{"href":"https:\/\/fil.ee\/uus\/wp-json\/wp\/v2\/product"}],"about":[{"href":"https:\/\/fil.ee\/uus\/wp-json\/wp\/v2\/types\/product"}],"replies":[{"embeddable":true,"href":"https:\/\/fil.ee\/uus\/wp-json\/wp\/v2\/comments?post=2250"}],"wp:featuredmedia":[{"embeddable":true,"href":"https:\/\/fil.ee\/uus\/wp-json\/wp\/v2\/media\/2251"}],"wp:attachment":[{"href":"https:\/\/fil.ee\/uus\/wp-json\/wp\/v2\/media?parent=2250"}],"wp:term":[{"taxonomy":"product_brand","embeddable":true,"href":"https:\/\/fil.ee\/uus\/wp-json\/wp\/v2\/product_brand?post=2250"},{"taxonomy":"product_cat","embeddable":true,"href":"https:\/\/fil.ee\/uus\/wp-json\/wp\/v2\/product_cat?post=2250"},{"taxonomy":"product_tag","embeddable":true,"href":"https:\/\/fil.ee\/uus\/wp-json\/wp\/v2\/product_tag?post=2250"}],"curies":[{"name":"wp","href":"https:\/\/api.w.org\/{rel}","templated":true}]}}