{"id":2248,"date":"2024-06-15T20:50:18","date_gmt":"2024-06-15T17:50:18","guid":{"rendered":"https:\/\/fil.ee\/uus\/?post_type=product&#038;p=2248"},"modified":"2025-07-15T22:37:23","modified_gmt":"2025-07-15T19:37:23","slug":"seiklevad-dinosaurused","status":"publish","type":"product","link":"https:\/\/fil.ee\/uus\/toode\/seiklevad-dinosaurused\/","title":{"rendered":"Seiklevad dinosaurused"},"content":{"rendered":"<p style=\"text-align: justify;\">16. juunil 2024. a. ilmus meie kirjastuselt uus lasteraamat Kristel K\u00e4rner &#8220;Seiklevad Dinosaurused&#8221;. Raamat on pehmete kaante ja v\u00e4rvilise sisuga. Raamatu m\u00f5\u00f5dud on 170&#215;240 mm, maht 32 lehek\u00fclge. Toimetas Heli Hallik, illustreeris Taavi K\u00e4rner, k\u00fcljendas ja kaaned kujundas Kaspar P\u00f5ltsam<\/p>\n<p style=\"text-align: justify;\"><strong>Raamatu tutvustus:<br \/>\n<\/strong>Tritseeratops Teodor on \u00fcks v\u00e4ike uudishimulik dinosaurus, kes hiilib ilma vanemate loata kodust kaugele. Oma teel kohtub ta t\u00fcrannosaurus Villemi, brontosaurus Roosi ja stegosaurus Nooraga. Noored dinosaurused seiklevad ja avastavad koos suurt maailma ning leiavad uusi s\u00f5pru.<\/p>\n<p>Raamatusse sisse piiluda saab <a href=\"https:\/\/fil.ee\/sisu\/Seiklevad_Dinosaurused_esimesed_15lk.pdf\">siin<\/a>.<\/p>\n","protected":false},"excerpt":{"rendered":"<p>16. juunil 2024. a. ilmus meie kirjastuselt uus lasteraamat Kristel K\u00e4rner &#8220;Seiklevad Dinosaurused&#8221;. Raamat on pehmete kaante ja v\u00e4rvilise sisuga. Raamatu m\u00f5\u00f5dud on 170&#215;240 mm, maht 32 lehek\u00fclge. Toimetas Heli Hallik, illustreeris Taavi K\u00e4rner, k\u00fcljendas ja kaaned kujundas Kaspar P\u00f5ltsam Raamatu tutvustus: Tritseeratops Teodor on \u00fcks v\u00e4ike uudishimulik dinosaurus, kes hiilib ilma vanemate loata kodust [&hellip;]<\/p>\n","protected":false},"featured_media":2249,"comment_status":"open","ping_status":"closed","template":"","meta":[],"product_brand":[],"product_cat":[22],"product_tag":[],"class_list":{"0":"post-2248","1":"product","2":"type-product","3":"status-publish","4":"has-post-thumbnail","6":"product_cat-lastele","8":"first","9":"instock","10":"taxable","11":"shipping-taxable","12":"purchasable","13":"product-type-simple"},"_links":{"self":[{"href":"https:\/\/fil.ee\/uus\/wp-json\/wp\/v2\/product\/2248","targetHints":{"allow":["GET"]}}],"collection":[{"href":"https:\/\/fil.ee\/uus\/wp-json\/wp\/v2\/product"}],"about":[{"href":"https:\/\/fil.ee\/uus\/wp-json\/wp\/v2\/types\/product"}],"replies":[{"embeddable":true,"href":"https:\/\/fil.ee\/uus\/wp-json\/wp\/v2\/comments?post=2248"}],"wp:featuredmedia":[{"embeddable":true,"href":"https:\/\/fil.ee\/uus\/wp-json\/wp\/v2\/media\/2249"}],"wp:attachment":[{"href":"https:\/\/fil.ee\/uus\/wp-json\/wp\/v2\/media?parent=2248"}],"wp:term":[{"taxonomy":"product_brand","embeddable":true,"href":"https:\/\/fil.ee\/uus\/wp-json\/wp\/v2\/product_brand?post=2248"},{"taxonomy":"product_cat","embeddable":true,"href":"https:\/\/fil.ee\/uus\/wp-json\/wp\/v2\/product_cat?post=2248"},{"taxonomy":"product_tag","embeddable":true,"href":"https:\/\/fil.ee\/uus\/wp-json\/wp\/v2\/product_tag?post=2248"}],"curies":[{"name":"wp","href":"https:\/\/api.w.org\/{rel}","templated":true}]}}