{"id":224,"date":"2017-05-22T20:34:50","date_gmt":"2017-05-22T17:34:50","guid":{"rendered":"http:\/\/fil.ee\/uus\/?post_type=product&#038;p=224"},"modified":"2023-01-29T14:10:53","modified_gmt":"2023-01-29T12:10:53","slug":"avali-aegadesse","status":"publish","type":"product","link":"https:\/\/fil.ee\/uus\/toode\/avali-aegadesse\/","title":{"rendered":"Avali aegadesse"},"content":{"rendered":"<p style=\"text-align: justify;\">2012. aasta 30. juunil ilmus poetess Margit Petersoni teine luulekogumik \u201c<strong>Avali aegadesse<\/strong>\u201c. Raamat on A5 formaadis, pehmete kaantega ja selle maht on 96 lehek\u00fclge.<\/p>\n<p style=\"text-align: justify;\"><strong>Sisututvustus:<br \/>\n<\/strong>Teadvuseseisundeid on rohkem kui s\u00f5nu, millega neid kirjeldada. S\u00f5nu m\u00f5tlevad v\u00e4lja inimesed, aga teadvuseseisundeid vahel inimesed isegi ei valda, ei suuda valida hetke, kus \u201carmastus nende peale tuleb\u201d, ei kontrolli, ei vali, ei kirjelda neid, nii et tundub, et m\u00f5ned teadvuseseisundid on saadetud kusagilt inimv\u00e4lisest paigast. See k\u00e4ib \u00fche osa selle raamatu luuletuste kohta, mis r\u00e4\u00e4givad armastusest ja p\u00fc\u00fcavad tabade selle tunde hajuvaid piirjooni. Teine, hoopis erinev osa on sotsiaalselt tundlikud luuletused elust t\u00e4nase Eesti Vabariigi \u00f5\u00f5vastavates tagahoovides, kus lokkavad vaesus, viletsus, r\u00f5vedus ja harimatus. Luuletaja r\u00e4\u00e4gib sellest \u00fcsna otse\u00fctlevalt, metafoorideta.<\/p>\n","protected":false},"excerpt":{"rendered":"<p>2012. aasta 30. juunil ilmus poetess Margit Petersoni teine luulekogumik \u201cAvali aegadesse\u201c. Raamat on A5 formaadis, pehmete kaantega ja selle maht on 96 lehek\u00fclge. Sisututvustus: Teadvuseseisundeid on rohkem kui s\u00f5nu, millega neid kirjeldada. S\u00f5nu m\u00f5tlevad v\u00e4lja inimesed, aga teadvuseseisundeid vahel inimesed isegi ei valda, ei suuda valida hetke, kus \u201carmastus nende peale tuleb\u201d, ei kontrolli, [&hellip;]<\/p>\n","protected":false},"featured_media":122,"comment_status":"open","ping_status":"closed","template":"","meta":[],"product_brand":[],"product_cat":[23],"product_tag":[],"class_list":{"0":"post-224","1":"product","2":"type-product","3":"status-publish","4":"has-post-thumbnail","6":"product_cat-luule","8":"first","9":"instock","10":"taxable","11":"shipping-taxable","12":"purchasable","13":"product-type-simple"},"_links":{"self":[{"href":"https:\/\/fil.ee\/uus\/wp-json\/wp\/v2\/product\/224","targetHints":{"allow":["GET"]}}],"collection":[{"href":"https:\/\/fil.ee\/uus\/wp-json\/wp\/v2\/product"}],"about":[{"href":"https:\/\/fil.ee\/uus\/wp-json\/wp\/v2\/types\/product"}],"replies":[{"embeddable":true,"href":"https:\/\/fil.ee\/uus\/wp-json\/wp\/v2\/comments?post=224"}],"wp:featuredmedia":[{"embeddable":true,"href":"https:\/\/fil.ee\/uus\/wp-json\/wp\/v2\/media\/122"}],"wp:attachment":[{"href":"https:\/\/fil.ee\/uus\/wp-json\/wp\/v2\/media?parent=224"}],"wp:term":[{"taxonomy":"product_brand","embeddable":true,"href":"https:\/\/fil.ee\/uus\/wp-json\/wp\/v2\/product_brand?post=224"},{"taxonomy":"product_cat","embeddable":true,"href":"https:\/\/fil.ee\/uus\/wp-json\/wp\/v2\/product_cat?post=224"},{"taxonomy":"product_tag","embeddable":true,"href":"https:\/\/fil.ee\/uus\/wp-json\/wp\/v2\/product_tag?post=224"}],"curies":[{"name":"wp","href":"https:\/\/api.w.org\/{rel}","templated":true}]}}