{"id":2238,"date":"2024-04-17T00:15:29","date_gmt":"2024-04-16T21:15:29","guid":{"rendered":"https:\/\/fil.ee\/uus\/?post_type=product&#038;p=2238"},"modified":"2025-07-15T22:48:09","modified_gmt":"2025-07-15T19:48:09","slug":"heike-laheb-raamatukokku","status":"publish","type":"product","link":"https:\/\/fil.ee\/uus\/toode\/heike-laheb-raamatukokku\/","title":{"rendered":"Heike l\u00e4heb raamatukokku"},"content":{"rendered":"<p>17. aprillil 2024. aastal ilmus meie kirjastuselt uus lasteraamat Maria Lepmaa &#8220;Heike l\u00e4heb raamatukokku&#8221;. Raamat on k\u00f5vade kaante ja v\u00e4rvilise sisuga. Raamatu m\u00f5\u00f5dud on 135&#215;180 mm, maht 32 lehek\u00fclge. Toimetas Irene \u00d5mblus, illustreeris Merle Laht, k\u00fcljendas ja kaaned kujundas Vallo Hallik<\/p>\n<p><strong>Raamatu tutvustus:<br \/>\n<\/strong>Heike armastab v\u00e4ga raamatuid lugeda. Kui tal \u00fchel p\u00e4eval kodus k\u00f5ik raamatud l\u00e4bi on loetud, viib ema Heike raamatukokku. Seal on palju huvitavaid raamatuid. Heikele meeldib raamatukogus v\u00e4ga. Ta tahab peagi sinna tagasi minna, sest seal on nii p\u00f5nev.<\/p>\n<p>Raamatusse sisse vaadata saab <a href=\"https:\/\/fil.ee\/sisu\/Heike_laheb_raamatukokku_esimesed_15lk.pdf\">siin<\/a>.<\/p>\n","protected":false},"excerpt":{"rendered":"<p>17. aprillil 2024. aastal ilmus meie kirjastuselt uus lasteraamat Maria Lepmaa &#8220;Heike l\u00e4heb raamatukokku&#8221;. Raamat on k\u00f5vade kaante ja v\u00e4rvilise sisuga. Raamatu m\u00f5\u00f5dud on 135&#215;180 mm, maht 32 lehek\u00fclge. Toimetas Irene \u00d5mblus, illustreeris Merle Laht, k\u00fcljendas ja kaaned kujundas Vallo Hallik Raamatu tutvustus: Heike armastab v\u00e4ga raamatuid lugeda. Kui tal \u00fchel p\u00e4eval kodus k\u00f5ik raamatud [&hellip;]<\/p>\n","protected":false},"featured_media":2239,"comment_status":"open","ping_status":"closed","template":"","meta":[],"product_brand":[],"product_cat":[22],"product_tag":[],"class_list":{"0":"post-2238","1":"product","2":"type-product","3":"status-publish","4":"has-post-thumbnail","6":"product_cat-lastele","8":"first","9":"instock","10":"taxable","11":"shipping-taxable","12":"purchasable","13":"product-type-simple"},"_links":{"self":[{"href":"https:\/\/fil.ee\/uus\/wp-json\/wp\/v2\/product\/2238","targetHints":{"allow":["GET"]}}],"collection":[{"href":"https:\/\/fil.ee\/uus\/wp-json\/wp\/v2\/product"}],"about":[{"href":"https:\/\/fil.ee\/uus\/wp-json\/wp\/v2\/types\/product"}],"replies":[{"embeddable":true,"href":"https:\/\/fil.ee\/uus\/wp-json\/wp\/v2\/comments?post=2238"}],"wp:featuredmedia":[{"embeddable":true,"href":"https:\/\/fil.ee\/uus\/wp-json\/wp\/v2\/media\/2239"}],"wp:attachment":[{"href":"https:\/\/fil.ee\/uus\/wp-json\/wp\/v2\/media?parent=2238"}],"wp:term":[{"taxonomy":"product_brand","embeddable":true,"href":"https:\/\/fil.ee\/uus\/wp-json\/wp\/v2\/product_brand?post=2238"},{"taxonomy":"product_cat","embeddable":true,"href":"https:\/\/fil.ee\/uus\/wp-json\/wp\/v2\/product_cat?post=2238"},{"taxonomy":"product_tag","embeddable":true,"href":"https:\/\/fil.ee\/uus\/wp-json\/wp\/v2\/product_tag?post=2238"}],"curies":[{"name":"wp","href":"https:\/\/api.w.org\/{rel}","templated":true}]}}