{"id":223,"date":"2017-05-22T20:31:19","date_gmt":"2017-05-22T17:31:19","guid":{"rendered":"http:\/\/fil.ee\/uus\/?post_type=product&#038;p=223"},"modified":"2023-02-23T12:18:01","modified_gmt":"2023-02-23T10:18:01","slug":"sonaga-nakku","status":"publish","type":"product","link":"https:\/\/fil.ee\/uus\/toode\/sonaga-nakku\/","title":{"rendered":"S\u00f5naga n\u00e4kku"},"content":{"rendered":"<p style=\"text-align: justify;\">2012.\u00a0 aasta 11. mail ilmus sotsiaal-punkluule kogumik \u201c<strong>S\u00f5naga n\u00e4kku<\/strong>\u201c. Raamatu maht on 116 lk.<\/p>\n<p style=\"text-align: justify;\"><strong>Sisututvustus:<br \/>\n<\/strong>Tegu on P\u00e4rnumaa parimate poeetide sotsiaal-punk kogumikuga. 13 autori poolt on raamatus esitletud iga\u00fchelt 6 luuletust. Raamat on t\u00e4ielikult koostatud heategevuslikel eesm\u00e4rkidel, k\u00f5ik autorid on loobunud autoritasudest ning kogu raamatu m\u00fc\u00fcgist saadav tulu l\u00e4heb 100% j\u00e4rgmise analoogse kogumiku koostamiseks. \u201cS\u00f5naga n\u00e4kku\u201d autorid on: (:)Kivisildnik, Papa, Fil, Kaupo Meiel, T\u00f5nu Kann, Annika Lainela, Evelin Laanesaar, Mait Karuk\u00e4pp, Albert Marginal, Belka, Za-za, Ulakas T\u00e4hes\u00f5dalane ja Margit Peterson.<\/p>\n","protected":false},"excerpt":{"rendered":"<p>2012.\u00a0 aasta 11. mail ilmus sotsiaal-punkluule kogumik \u201cS\u00f5naga n\u00e4kku\u201c. Raamatu maht on 116 lk. Sisututvustus: Tegu on P\u00e4rnumaa parimate poeetide sotsiaal-punk kogumikuga. 13 autori poolt on raamatus esitletud iga\u00fchelt 6 luuletust. Raamat on t\u00e4ielikult koostatud heategevuslikel eesm\u00e4rkidel, k\u00f5ik autorid on loobunud autoritasudest ning kogu raamatu m\u00fc\u00fcgist saadav tulu l\u00e4heb 100% j\u00e4rgmise analoogse kogumiku koostamiseks. \u201cS\u00f5naga [&hellip;]<\/p>\n","protected":false},"featured_media":187,"comment_status":"open","ping_status":"closed","template":"","meta":[],"product_brand":[],"product_cat":[286],"product_tag":[],"class_list":{"0":"post-223","1":"product","2":"type-product","3":"status-publish","4":"has-post-thumbnail","6":"product_cat-archive","8":"first","9":"outofstock","10":"taxable","11":"shipping-taxable","12":"product-type-simple"},"_links":{"self":[{"href":"https:\/\/fil.ee\/uus\/wp-json\/wp\/v2\/product\/223","targetHints":{"allow":["GET"]}}],"collection":[{"href":"https:\/\/fil.ee\/uus\/wp-json\/wp\/v2\/product"}],"about":[{"href":"https:\/\/fil.ee\/uus\/wp-json\/wp\/v2\/types\/product"}],"replies":[{"embeddable":true,"href":"https:\/\/fil.ee\/uus\/wp-json\/wp\/v2\/comments?post=223"}],"wp:featuredmedia":[{"embeddable":true,"href":"https:\/\/fil.ee\/uus\/wp-json\/wp\/v2\/media\/187"}],"wp:attachment":[{"href":"https:\/\/fil.ee\/uus\/wp-json\/wp\/v2\/media?parent=223"}],"wp:term":[{"taxonomy":"product_brand","embeddable":true,"href":"https:\/\/fil.ee\/uus\/wp-json\/wp\/v2\/product_brand?post=223"},{"taxonomy":"product_cat","embeddable":true,"href":"https:\/\/fil.ee\/uus\/wp-json\/wp\/v2\/product_cat?post=223"},{"taxonomy":"product_tag","embeddable":true,"href":"https:\/\/fil.ee\/uus\/wp-json\/wp\/v2\/product_tag?post=223"}],"curies":[{"name":"wp","href":"https:\/\/api.w.org\/{rel}","templated":true}]}}