{"id":2228,"date":"2024-03-13T01:55:14","date_gmt":"2024-03-12T23:55:14","guid":{"rendered":"https:\/\/fil.ee\/uus\/?post_type=product&#038;p=2228"},"modified":"2025-12-11T12:19:51","modified_gmt":"2025-12-11T10:19:51","slug":"minu-esimene-kakskeelne-raamat","status":"publish","type":"product","link":"https:\/\/fil.ee\/uus\/toode\/minu-esimene-kakskeelne-raamat\/","title":{"rendered":"Minu esimene kakskeelne raamat"},"content":{"rendered":"<p style=\"text-align: justify;\">11. m\u00e4rtsil ilmus meie kirjastuselt uus lasteraamat Kadi Levo Bosnjak &#8220;Minu esimene kakskeelne raamat&#8221;. Raamat on k\u00f5vade kaante ja v\u00e4rvilise sisuga. Raamatu m\u00f5\u00f5dud on 200&#215;200 mm, maht 24 lehek\u00fclge. Toimetas Heli Hallik, illustreeris Kadi Levo Bosnjak, k\u00fcljendas ja kaaned kujundas Vallo Hallik<\/p>\n<p style=\"text-align: justify;\"><strong>Raamatu tutvustus:<br \/>\n<\/strong>ARMSAD VESIV\u00c4RVIDEGA JOONISTATUD PILDID AITAVAD LASTEL \u00d5PPIDA S\u00d5NU KAHES ERINEVAS KEELES. S\u00d5NAD ON JAGATUD R\u00dcHMADEKS, MIS TEEB \u00d5PPIMISE KERGEMAKS JA L\u00d5BUSAMAKS.<br \/>\nCUTE WATERCOLOR PICTURES HELP CHILDREN LEARN WORDS IN TWO DIFFERENT LANGUAGES. THE WORDS ARE DIVIDED INTO GROUPS, WHICH MAKES LEARNING EASIER AND MORE FUN.<\/p>\n<p>Raamatusse sisse vaadata saab <a href=\"https:\/\/fil.ee\/sisu\/Minu_esimene_kakskeelne_raamat_esimesed_15lk.pdf\">siin<\/a>.<\/p>\n","protected":false},"excerpt":{"rendered":"<p>11. m\u00e4rtsil ilmus meie kirjastuselt uus lasteraamat Kadi Levo Bosnjak &#8220;Minu esimene kakskeelne raamat&#8221;. Raamat on k\u00f5vade kaante ja v\u00e4rvilise sisuga. Raamatu m\u00f5\u00f5dud on 200&#215;200 mm, maht 24 lehek\u00fclge. Toimetas Heli Hallik, illustreeris Kadi Levo Bosnjak, k\u00fcljendas ja kaaned kujundas Vallo Hallik Raamatu tutvustus: ARMSAD VESIV\u00c4RVIDEGA JOONISTATUD PILDID AITAVAD LASTEL \u00d5PPIDA S\u00d5NU KAHES ERINEVAS KEELES. [&hellip;]<\/p>\n","protected":false},"featured_media":2229,"comment_status":"open","ping_status":"closed","template":"","meta":[],"product_brand":[],"product_cat":[22],"product_tag":[],"class_list":{"0":"post-2228","1":"product","2":"type-product","3":"status-publish","4":"has-post-thumbnail","6":"product_cat-lastele","8":"first","9":"instock","10":"taxable","11":"shipping-taxable","12":"purchasable","13":"product-type-simple"},"_links":{"self":[{"href":"https:\/\/fil.ee\/uus\/wp-json\/wp\/v2\/product\/2228","targetHints":{"allow":["GET"]}}],"collection":[{"href":"https:\/\/fil.ee\/uus\/wp-json\/wp\/v2\/product"}],"about":[{"href":"https:\/\/fil.ee\/uus\/wp-json\/wp\/v2\/types\/product"}],"replies":[{"embeddable":true,"href":"https:\/\/fil.ee\/uus\/wp-json\/wp\/v2\/comments?post=2228"}],"wp:featuredmedia":[{"embeddable":true,"href":"https:\/\/fil.ee\/uus\/wp-json\/wp\/v2\/media\/2229"}],"wp:attachment":[{"href":"https:\/\/fil.ee\/uus\/wp-json\/wp\/v2\/media?parent=2228"}],"wp:term":[{"taxonomy":"product_brand","embeddable":true,"href":"https:\/\/fil.ee\/uus\/wp-json\/wp\/v2\/product_brand?post=2228"},{"taxonomy":"product_cat","embeddable":true,"href":"https:\/\/fil.ee\/uus\/wp-json\/wp\/v2\/product_cat?post=2228"},{"taxonomy":"product_tag","embeddable":true,"href":"https:\/\/fil.ee\/uus\/wp-json\/wp\/v2\/product_tag?post=2228"}],"curies":[{"name":"wp","href":"https:\/\/api.w.org\/{rel}","templated":true}]}}