{"id":222,"date":"2017-05-22T20:27:24","date_gmt":"2017-05-22T17:27:24","guid":{"rendered":"http:\/\/fil.ee\/uus\/?post_type=product&#038;p=222"},"modified":"2023-01-29T14:07:25","modified_gmt":"2023-01-29T12:07:25","slug":"oitsvate-parnade-alleel","status":"publish","type":"product","link":"https:\/\/fil.ee\/uus\/toode\/oitsvate-parnade-alleel\/","title":{"rendered":"\u00d5itsvate p\u00e4rnade alleel"},"content":{"rendered":"<p style=\"text-align: justify;\"><span style=\"font-family: 'comic sans ms', sans-serif;\">2011. aasta detsembri l\u00f5pus ilmus autori esimene luulekogu, \u201c<strong>\u00d5itsvate p\u00e4rnade alleel<\/strong>\u201c. Raamat on 92 lehek\u00fcljeline, pehmete kaanetaga ja A5 formaadis.<\/span><\/p>\n<p style=\"text-align: justify;\"><span style=\"font-family: 'comic sans ms', sans-serif;\"><strong>Sisututvustus:<br \/>\n<\/strong>Autor on Margit Peterson. Tegu on P\u00e4rnu \u00fche enim tuntud poetessi esimese luulekogumikuga.<\/span><\/p>\n","protected":false},"excerpt":{"rendered":"<p>2011. aasta detsembri l\u00f5pus ilmus autori esimene luulekogu, \u201c\u00d5itsvate p\u00e4rnade alleel\u201c. Raamat on 92 lehek\u00fcljeline, pehmete kaanetaga ja A5 formaadis. Sisututvustus: Autor on Margit Peterson. Tegu on P\u00e4rnu \u00fche enim tuntud poetessi esimese luulekogumikuga.<\/p>\n","protected":false},"featured_media":171,"comment_status":"open","ping_status":"closed","template":"","meta":[],"product_brand":[],"product_cat":[23],"product_tag":[],"class_list":{"0":"post-222","1":"product","2":"type-product","3":"status-publish","4":"has-post-thumbnail","6":"product_cat-luule","8":"first","9":"instock","10":"taxable","11":"shipping-taxable","12":"purchasable","13":"product-type-simple"},"_links":{"self":[{"href":"https:\/\/fil.ee\/uus\/wp-json\/wp\/v2\/product\/222","targetHints":{"allow":["GET"]}}],"collection":[{"href":"https:\/\/fil.ee\/uus\/wp-json\/wp\/v2\/product"}],"about":[{"href":"https:\/\/fil.ee\/uus\/wp-json\/wp\/v2\/types\/product"}],"replies":[{"embeddable":true,"href":"https:\/\/fil.ee\/uus\/wp-json\/wp\/v2\/comments?post=222"}],"wp:featuredmedia":[{"embeddable":true,"href":"https:\/\/fil.ee\/uus\/wp-json\/wp\/v2\/media\/171"}],"wp:attachment":[{"href":"https:\/\/fil.ee\/uus\/wp-json\/wp\/v2\/media?parent=222"}],"wp:term":[{"taxonomy":"product_brand","embeddable":true,"href":"https:\/\/fil.ee\/uus\/wp-json\/wp\/v2\/product_brand?post=222"},{"taxonomy":"product_cat","embeddable":true,"href":"https:\/\/fil.ee\/uus\/wp-json\/wp\/v2\/product_cat?post=222"},{"taxonomy":"product_tag","embeddable":true,"href":"https:\/\/fil.ee\/uus\/wp-json\/wp\/v2\/product_tag?post=222"}],"curies":[{"name":"wp","href":"https:\/\/api.w.org\/{rel}","templated":true}]}}