{"id":2209,"date":"2024-01-18T08:58:38","date_gmt":"2024-01-18T06:58:38","guid":{"rendered":"https:\/\/fil.ee\/uus\/?post_type=product&#038;p=2209"},"modified":"2026-04-05T17:22:24","modified_gmt":"2026-04-05T14:22:24","slug":"uks-ja-ainuke","status":"publish","type":"product","link":"https:\/\/fil.ee\/uus\/toode\/uks-ja-ainuke\/","title":{"rendered":"\u00dcks ja ainuke"},"content":{"rendered":"<p style=\"text-align: justify;\">18. jaanuaril 2024. aastal ilmus meie kirjastuselt uus raamat, Silja Vaher &#8220;\u00dcks ja ainuke&#8221;. Raamat on pehmete kaante ja mustvalge sisuga. Raamatu m\u00f5\u00f5dud on 130x200mm, maht 288 lehek\u00fclge. Toimetaja Irene \u00d5mblus, kaanefoto Tiit-Tambet Marrandi, kujundus ja k\u00fcljendus Jaan Lehismets<\/p>\n<p style=\"text-align: justify;\"><strong>Raamatu tutvustus:<br \/>\n<\/strong>\u2026 \u00c4kitselt t\u00f5usis noor naine p\u00f5lvili, roomas minu juurde, p\u00f5imis kiiresti k\u00e4ed \u00fcmber mu jalgade. Alex oli kohe mu k\u00f5rval. K\u00e4skisin tal tasa olla. \u201ePalun sind, Ingel, kogu oma s\u00fcdamevaluga, anna minu lapsed minule tagasi. Sina pole oma lapsi kunagi surnuna n\u00e4inud. Sa ei tea, mida see minuga teeb. P\u00f5rgus on ka kergem olla kui sellise tulega, mis minu sisemust k\u00f5rvetab. Anna tagasi \u2026\u201c<\/p>\n<p>Raamatusse sisse vaadata saab <a href=\"https:\/\/fil.ee\/sisu\/Yks_ja_ainuke_130x200_lk1-15.pdf\">siin<\/a>:<\/p>\n","protected":false},"excerpt":{"rendered":"<p>18. jaanuaril 2024. aastal ilmus meie kirjastuselt uus raamat, Silja Vaher &#8220;\u00dcks ja ainuke&#8221;. Raamat on pehmete kaante ja mustvalge sisuga. Raamatu m\u00f5\u00f5dud on 130x200mm, maht 288 lehek\u00fclge. Toimetaja Irene \u00d5mblus, kaanefoto Tiit-Tambet Marrandi, kujundus ja k\u00fcljendus Jaan Lehismets Raamatu tutvustus: \u2026 \u00c4kitselt t\u00f5usis noor naine p\u00f5lvili, roomas minu juurde, p\u00f5imis kiiresti k\u00e4ed \u00fcmber mu [&hellip;]<\/p>\n","protected":false},"featured_media":2210,"comment_status":"open","ping_status":"closed","template":"","meta":[],"product_brand":[],"product_cat":[19,21],"product_tag":[],"class_list":{"0":"post-2209","1":"product","2":"type-product","3":"status-publish","4":"has-post-thumbnail","6":"product_cat-ilukirjandus","7":"product_cat-kriminaalromaan","9":"first","10":"instock","11":"taxable","12":"shipping-taxable","13":"purchasable","14":"product-type-simple"},"_links":{"self":[{"href":"https:\/\/fil.ee\/uus\/wp-json\/wp\/v2\/product\/2209","targetHints":{"allow":["GET"]}}],"collection":[{"href":"https:\/\/fil.ee\/uus\/wp-json\/wp\/v2\/product"}],"about":[{"href":"https:\/\/fil.ee\/uus\/wp-json\/wp\/v2\/types\/product"}],"replies":[{"embeddable":true,"href":"https:\/\/fil.ee\/uus\/wp-json\/wp\/v2\/comments?post=2209"}],"wp:featuredmedia":[{"embeddable":true,"href":"https:\/\/fil.ee\/uus\/wp-json\/wp\/v2\/media\/2210"}],"wp:attachment":[{"href":"https:\/\/fil.ee\/uus\/wp-json\/wp\/v2\/media?parent=2209"}],"wp:term":[{"taxonomy":"product_brand","embeddable":true,"href":"https:\/\/fil.ee\/uus\/wp-json\/wp\/v2\/product_brand?post=2209"},{"taxonomy":"product_cat","embeddable":true,"href":"https:\/\/fil.ee\/uus\/wp-json\/wp\/v2\/product_cat?post=2209"},{"taxonomy":"product_tag","embeddable":true,"href":"https:\/\/fil.ee\/uus\/wp-json\/wp\/v2\/product_tag?post=2209"}],"curies":[{"name":"wp","href":"https:\/\/api.w.org\/{rel}","templated":true}]}}