{"id":2199,"date":"2023-12-18T22:06:27","date_gmt":"2023-12-18T20:06:27","guid":{"rendered":"https:\/\/fil.ee\/uus\/?post_type=product&#038;p=2199"},"modified":"2025-07-15T22:49:20","modified_gmt":"2025-07-15T19:49:20","slug":"muriaad","status":"publish","type":"product","link":"https:\/\/fil.ee\/uus\/toode\/muriaad\/","title":{"rendered":"M\u00fcriaad"},"content":{"rendered":"<p style=\"text-align: justify;\">18. detsembril 2023. aastal ilmus meie kirjastuselt uus p\u00f5nevusromaan, Madis Kivine &#8220;M\u00fcriaad&#8221;. Raamat on pehmete kaante ja mustvalge sisuga. Raamatu m\u00f5\u00f5dud on 148&#215;210 mm, maht 216 lehek\u00fclge. Toimetas S. Rattiste, k\u00fcljendas ja kaaned kujundas Vallo Hallik<\/p>\n<p style=\"text-align: justify;\"><strong>Raamatu tutvustus:<br \/>\n<\/strong>Kriminaalsete sugemetega pinevas arenguromaanis on s\u00f5prust, armastust ja elujanu, aga ka ohverdamisi ja vargusi ning saatuslik m\u00f5rv. N\u00e4eme, kui kaugele v\u00f5ib minna \u00fcks mees, kes on kaotanud k\u00f5ik, ka oma k\u00f5ige kallimad.<br \/>\nKaks s\u00f5pra, Rainer ja Lembit, erinevad teineteisest nagu \u00f6\u00f6 ja p\u00e4ev, kuid m\u00f5lemal on unistus saada \u00f5nnelikuks ja rikkaks meheks. 80-ndatel, kui k\u00e4ibevahendiks on rubla, jooksevad 13-aastased mehehakatised kodust \u00e4ra, soovides leida ja kogeda naudinguid t\u00e4is ilusat elu. Kaasav\u00f5etud pagasiks on meeletu tahe, kuid ka m\u00e4rkamatult kammitsev hirm, mida nad endale tunnistada ei julge.<br \/>\nNoormeeste tee on \u00fcks lakkamatu t\u00f5usude ja m\u00f5\u00f5nade heitlus ja toimetulek tunnetega, mida ennem pole kogetud. \u00dcks s\u00f5pradest kasvab edukaks ja oskab muretumalt elada, kuid teine pettub elus korduvalt, otsides oma teed t\u00e4iuslikkuse poole. Kummalgi mehel tuleb seista valiku ees, kas teha seda, mida hing tahab, v\u00f5i seda, mis on \u00f5ige.<\/p>\n","protected":false},"excerpt":{"rendered":"<p>18. detsembril 2023. aastal ilmus meie kirjastuselt uus p\u00f5nevusromaan, Madis Kivine &#8220;M\u00fcriaad&#8221;. Raamat on pehmete kaante ja mustvalge sisuga. Raamatu m\u00f5\u00f5dud on 148&#215;210 mm, maht 216 lehek\u00fclge. Toimetas S. Rattiste, k\u00fcljendas ja kaaned kujundas Vallo Hallik Raamatu tutvustus: Kriminaalsete sugemetega pinevas arenguromaanis on s\u00f5prust, armastust ja elujanu, aga ka ohverdamisi ja vargusi ning saatuslik m\u00f5rv. [&hellip;]<\/p>\n","protected":false},"featured_media":2200,"comment_status":"open","ping_status":"closed","template":"","meta":[],"product_brand":[],"product_cat":[19],"product_tag":[],"class_list":{"0":"post-2199","1":"product","2":"type-product","3":"status-publish","4":"has-post-thumbnail","6":"product_cat-ilukirjandus","8":"first","9":"instock","10":"taxable","11":"shipping-taxable","12":"purchasable","13":"product-type-simple"},"_links":{"self":[{"href":"https:\/\/fil.ee\/uus\/wp-json\/wp\/v2\/product\/2199","targetHints":{"allow":["GET"]}}],"collection":[{"href":"https:\/\/fil.ee\/uus\/wp-json\/wp\/v2\/product"}],"about":[{"href":"https:\/\/fil.ee\/uus\/wp-json\/wp\/v2\/types\/product"}],"replies":[{"embeddable":true,"href":"https:\/\/fil.ee\/uus\/wp-json\/wp\/v2\/comments?post=2199"}],"wp:featuredmedia":[{"embeddable":true,"href":"https:\/\/fil.ee\/uus\/wp-json\/wp\/v2\/media\/2200"}],"wp:attachment":[{"href":"https:\/\/fil.ee\/uus\/wp-json\/wp\/v2\/media?parent=2199"}],"wp:term":[{"taxonomy":"product_brand","embeddable":true,"href":"https:\/\/fil.ee\/uus\/wp-json\/wp\/v2\/product_brand?post=2199"},{"taxonomy":"product_cat","embeddable":true,"href":"https:\/\/fil.ee\/uus\/wp-json\/wp\/v2\/product_cat?post=2199"},{"taxonomy":"product_tag","embeddable":true,"href":"https:\/\/fil.ee\/uus\/wp-json\/wp\/v2\/product_tag?post=2199"}],"curies":[{"name":"wp","href":"https:\/\/api.w.org\/{rel}","templated":true}]}}