{"id":2194,"date":"2023-12-06T09:32:22","date_gmt":"2023-12-06T07:32:22","guid":{"rendered":"https:\/\/fil.ee\/uus\/?post_type=product&#038;p=2194"},"modified":"2025-07-15T22:49:53","modified_gmt":"2025-07-15T19:49:53","slug":"kullakaevurid","status":"publish","type":"product","link":"https:\/\/fil.ee\/uus\/toode\/kullakaevurid\/","title":{"rendered":"Kullakaevurid"},"content":{"rendered":"<p style=\"text-align: justify;\">6. detsembril 2023. aastal ilmus meie kirjastuselt uus raamat, Heido S\u00f5na &#8220;Kullakaevurid&#8221;. Raamat on pehmete kaante ja mustvalge sisuga. Raamatu m\u00f5\u00f5dud on 148&#215;210 mm, maht 92 lehek\u00fclge. Toimetas Kristi Roots, k\u00fcljendas Vallo Hallik ja kaaned kujundas Jaan Lehismets<\/p>\n<p style=\"text-align: justify;\"><strong>Raamatu tutvustus:<br \/>\n<\/strong>Kullakaevurite t\u00f6\u00f6 on raske amet. Loodad parimat ning r\u00fcgad nii, et veri ninast v\u00e4ljas. Pole aega puhata ega ninagi p\u00fchkida, sest mis siis saab, kui sinu l\u00fchikesel puhkehetkel keegi teine omale just sinu kaevatud august kollaselt kiiskava kullakamaka k\u00e4tte saab. Hetkekski ei tohi t\u00e4helepanu \u00e4ra kaotada. Hetkekski ei tohi end l\u00f5dvaks lasta. Kaevad nii kaua, kuni oled oma kalli kullakoorma k\u00e4tte saanud. Selline on siis nende elu, kes t\u00f5esti v\u00e4\u00e4rtmetalli maa seest leida p\u00fc\u00fcavad. Ja andke n\u00fc\u00fcd, kallid feministid, mulle andeks, aga \u00fcldjuhul on sellise raske t\u00f6\u00f6 tegijad ikka t\u00e4iseluj\u00f5us mehed. Mehed, kes tahavad rikkust ja omale paremat elu. Omale ja oma perele. Omaette klass on naissoost kullakaevurid, kelle puhul \u201ekulla\u201c k\u00e4ttesaamine on vaid aja k\u00fcsimus. Kaarti neil vaja pole, kuulujuttudest piisab. Eks neil ole ka vaja hinge sees hoida, eelmistest suhetest lapsi karjatada ja kasvatada ning k\u00f5ige kiirem ja kindlam viis on omale \u00fcks lihtsameelne ja edukas mees leida. Mees, kes ei ole kooner oma raske t\u00f6\u00f6ga teenitud raha kulutama oma kallimale, tema v\u00f5imalikele lastele ja kingitustele. V\u00f5ibolla saab loodetud kullale lisaks ka teemandiga kihlas\u00f5rmuse, mis juba suurematele varakambritele ukse avab. Ja siis pole muud, kui pulmi planeerima hakata, kulukaid ja kadedust tekitavaid. Nii lihtne see ongi, samm sammu haaval ikka varanduse suunas.<\/p>\n<p>Raamatusse sisse vaadata saab <a href=\"https:\/\/fil.ee\/sisu\/Kullakaevurid_esimesed_15lk.pdf\">siit<\/a>.<\/p>\n","protected":false},"excerpt":{"rendered":"<p>6. detsembril 2023. aastal ilmus meie kirjastuselt uus raamat, Heido S\u00f5na &#8220;Kullakaevurid&#8221;. Raamat on pehmete kaante ja mustvalge sisuga. Raamatu m\u00f5\u00f5dud on 148&#215;210 mm, maht 92 lehek\u00fclge. Toimetas Kristi Roots, k\u00fcljendas Vallo Hallik ja kaaned kujundas Jaan Lehismets Raamatu tutvustus: Kullakaevurite t\u00f6\u00f6 on raske amet. Loodad parimat ning r\u00fcgad nii, et veri ninast v\u00e4ljas. Pole [&hellip;]<\/p>\n","protected":false},"featured_media":2195,"comment_status":"open","ping_status":"closed","template":"","meta":[],"product_brand":[],"product_cat":[19],"product_tag":[],"class_list":{"0":"post-2194","1":"product","2":"type-product","3":"status-publish","4":"has-post-thumbnail","6":"product_cat-ilukirjandus","8":"first","9":"instock","10":"taxable","11":"shipping-taxable","12":"purchasable","13":"product-type-simple"},"_links":{"self":[{"href":"https:\/\/fil.ee\/uus\/wp-json\/wp\/v2\/product\/2194","targetHints":{"allow":["GET"]}}],"collection":[{"href":"https:\/\/fil.ee\/uus\/wp-json\/wp\/v2\/product"}],"about":[{"href":"https:\/\/fil.ee\/uus\/wp-json\/wp\/v2\/types\/product"}],"replies":[{"embeddable":true,"href":"https:\/\/fil.ee\/uus\/wp-json\/wp\/v2\/comments?post=2194"}],"wp:featuredmedia":[{"embeddable":true,"href":"https:\/\/fil.ee\/uus\/wp-json\/wp\/v2\/media\/2195"}],"wp:attachment":[{"href":"https:\/\/fil.ee\/uus\/wp-json\/wp\/v2\/media?parent=2194"}],"wp:term":[{"taxonomy":"product_brand","embeddable":true,"href":"https:\/\/fil.ee\/uus\/wp-json\/wp\/v2\/product_brand?post=2194"},{"taxonomy":"product_cat","embeddable":true,"href":"https:\/\/fil.ee\/uus\/wp-json\/wp\/v2\/product_cat?post=2194"},{"taxonomy":"product_tag","embeddable":true,"href":"https:\/\/fil.ee\/uus\/wp-json\/wp\/v2\/product_tag?post=2194"}],"curies":[{"name":"wp","href":"https:\/\/api.w.org\/{rel}","templated":true}]}}