{"id":2183,"date":"2023-11-16T13:42:21","date_gmt":"2023-11-16T11:42:21","guid":{"rendered":"https:\/\/fil.ee\/uus\/?post_type=product&#038;p=2183"},"modified":"2025-07-15T22:49:20","modified_gmt":"2025-07-15T19:49:20","slug":"vaata-ja-marka","status":"publish","type":"product","link":"https:\/\/fil.ee\/uus\/toode\/vaata-ja-marka\/","title":{"rendered":"Vaata ja m\u00e4rka"},"content":{"rendered":"<p style=\"text-align: justify;\">16. novembril 2023. aastal ilmus meie kirjastuselt uus raamat, Maria Lepmaa &#8220;Vaata ja m\u00e4rka&#8221;. Raamat on pehmete kaante ja mustvalge sisuga. Raamatu m\u00f5\u00f5dud on 135&#215;180 mm, maht 96 lehek\u00fclge. Toimetas Irene \u00d5mblus, k\u00fcljendas ja kaaned kujundas Vallo Hallik<\/p>\n<p style=\"text-align: justify;\"><strong>Raamatu tutvustus:<br \/>\n<\/strong>Autor on v\u00f5tnud aega, peatunud ja t\u00e4hele pannud neid, kes meid \u00fcmbritsevad, kuid keda me oma kiirustamises sageli ise ei m\u00e4rka. Ta on kirjutanud lihtsatest inimestest, keda on n\u00e4inud igap\u00e4evaseid toimetusi tegemas, oma elu elamas. Sellesse raamatusse on autor kogunud enda elust m\u00f5ned hetked ja m\u00e4lestused, mis teda s\u00fcgavalt on puudutanud.<\/p>\n<p>Raamatusse sisse vaadata saab <a href=\"https:\/\/fil.ee\/sisu\/Vaata_ja_marka_esimesed_15lk.pdf\">siit<\/a>.<\/p>\n","protected":false},"excerpt":{"rendered":"<p>16. novembril 2023. aastal ilmus meie kirjastuselt uus raamat, Maria Lepmaa &#8220;Vaata ja m\u00e4rka&#8221;. Raamat on pehmete kaante ja mustvalge sisuga. Raamatu m\u00f5\u00f5dud on 135&#215;180 mm, maht 96 lehek\u00fclge. Toimetas Irene \u00d5mblus, k\u00fcljendas ja kaaned kujundas Vallo Hallik Raamatu tutvustus: Autor on v\u00f5tnud aega, peatunud ja t\u00e4hele pannud neid, kes meid \u00fcmbritsevad, kuid keda me [&hellip;]<\/p>\n","protected":false},"featured_media":2184,"comment_status":"open","ping_status":"closed","template":"","meta":[],"product_brand":[],"product_cat":[19],"product_tag":[],"class_list":{"0":"post-2183","1":"product","2":"type-product","3":"status-publish","4":"has-post-thumbnail","6":"product_cat-ilukirjandus","8":"first","9":"instock","10":"taxable","11":"shipping-taxable","12":"purchasable","13":"product-type-simple"},"_links":{"self":[{"href":"https:\/\/fil.ee\/uus\/wp-json\/wp\/v2\/product\/2183","targetHints":{"allow":["GET"]}}],"collection":[{"href":"https:\/\/fil.ee\/uus\/wp-json\/wp\/v2\/product"}],"about":[{"href":"https:\/\/fil.ee\/uus\/wp-json\/wp\/v2\/types\/product"}],"replies":[{"embeddable":true,"href":"https:\/\/fil.ee\/uus\/wp-json\/wp\/v2\/comments?post=2183"}],"wp:featuredmedia":[{"embeddable":true,"href":"https:\/\/fil.ee\/uus\/wp-json\/wp\/v2\/media\/2184"}],"wp:attachment":[{"href":"https:\/\/fil.ee\/uus\/wp-json\/wp\/v2\/media?parent=2183"}],"wp:term":[{"taxonomy":"product_brand","embeddable":true,"href":"https:\/\/fil.ee\/uus\/wp-json\/wp\/v2\/product_brand?post=2183"},{"taxonomy":"product_cat","embeddable":true,"href":"https:\/\/fil.ee\/uus\/wp-json\/wp\/v2\/product_cat?post=2183"},{"taxonomy":"product_tag","embeddable":true,"href":"https:\/\/fil.ee\/uus\/wp-json\/wp\/v2\/product_tag?post=2183"}],"curies":[{"name":"wp","href":"https:\/\/api.w.org\/{rel}","templated":true}]}}