{"id":2181,"date":"2023-11-16T13:35:09","date_gmt":"2023-11-16T11:35:09","guid":{"rendered":"https:\/\/fil.ee\/uus\/?post_type=product&#038;p=2181"},"modified":"2025-07-15T22:49:20","modified_gmt":"2025-07-15T19:49:20","slug":"sisesilma-sina","status":"publish","type":"product","link":"https:\/\/fil.ee\/uus\/toode\/sisesilma-sina\/","title":{"rendered":"Sisesilma sina"},"content":{"rendered":"<p style=\"text-align: justify;\">16. novembril 2023. aastal ilmus meie kirjastuselt uus luuleraamat, Silver Teinbas &#8220;Sisesilma sina&#8221;. Raamat on k\u00f5vade kaante ja mustvalge sisuga. Raamatu m\u00f5\u00f5dud on 128&#215;210 mm, maht 120 lehek\u00fclge. Toimetas Heli Hallik, k\u00fcljendas ja kaaned kujundas Vallo Hallik<\/p>\n<p>&nbsp;<\/p>\n<p><strong>Raamatu tutvustus:<br \/>\n<\/strong>S\u00f5nad vajuvad maailma pealt<br \/>\nmaailma \u00fcmbert<br \/>\nj\u00e4\u00e4b sisemine aimdus<br \/>\nvaikiv ja habras<br \/>\nettevaatlik<br \/>\nliig inimlik hingus<br \/>\nselle suure maailma l\u00e4vel<br \/>\n\u00fclal maailmaruum<br \/>\nja sees \u2013 siin keskel \u2013 vaid<br \/>\nsina<\/p>\n<p>Raamatusse sisse vaadata saab <a href=\"https:\/\/fil.ee\/sisu\/Sisesilma_sina_esimesed_15lk.pdf\">siit<\/a>.<\/p>\n","protected":false},"excerpt":{"rendered":"<p>16. novembril 2023. aastal ilmus meie kirjastuselt uus luuleraamat, Silver Teinbas &#8220;Sisesilma sina&#8221;. Raamat on k\u00f5vade kaante ja mustvalge sisuga. Raamatu m\u00f5\u00f5dud on 128&#215;210 mm, maht 120 lehek\u00fclge. Toimetas Heli Hallik, k\u00fcljendas ja kaaned kujundas Vallo Hallik &nbsp; Raamatu tutvustus: S\u00f5nad vajuvad maailma pealt maailma \u00fcmbert j\u00e4\u00e4b sisemine aimdus vaikiv ja habras ettevaatlik liig inimlik [&hellip;]<\/p>\n","protected":false},"featured_media":2182,"comment_status":"open","ping_status":"closed","template":"","meta":[],"product_brand":[],"product_cat":[23],"product_tag":[],"class_list":{"0":"post-2181","1":"product","2":"type-product","3":"status-publish","4":"has-post-thumbnail","6":"product_cat-luule","8":"first","9":"instock","10":"taxable","11":"shipping-taxable","12":"purchasable","13":"product-type-simple"},"_links":{"self":[{"href":"https:\/\/fil.ee\/uus\/wp-json\/wp\/v2\/product\/2181","targetHints":{"allow":["GET"]}}],"collection":[{"href":"https:\/\/fil.ee\/uus\/wp-json\/wp\/v2\/product"}],"about":[{"href":"https:\/\/fil.ee\/uus\/wp-json\/wp\/v2\/types\/product"}],"replies":[{"embeddable":true,"href":"https:\/\/fil.ee\/uus\/wp-json\/wp\/v2\/comments?post=2181"}],"wp:featuredmedia":[{"embeddable":true,"href":"https:\/\/fil.ee\/uus\/wp-json\/wp\/v2\/media\/2182"}],"wp:attachment":[{"href":"https:\/\/fil.ee\/uus\/wp-json\/wp\/v2\/media?parent=2181"}],"wp:term":[{"taxonomy":"product_brand","embeddable":true,"href":"https:\/\/fil.ee\/uus\/wp-json\/wp\/v2\/product_brand?post=2181"},{"taxonomy":"product_cat","embeddable":true,"href":"https:\/\/fil.ee\/uus\/wp-json\/wp\/v2\/product_cat?post=2181"},{"taxonomy":"product_tag","embeddable":true,"href":"https:\/\/fil.ee\/uus\/wp-json\/wp\/v2\/product_tag?post=2181"}],"curies":[{"name":"wp","href":"https:\/\/api.w.org\/{rel}","templated":true}]}}