{"id":2179,"date":"2023-11-16T13:28:29","date_gmt":"2023-11-16T11:28:29","guid":{"rendered":"https:\/\/fil.ee\/uus\/?post_type=product&#038;p=2179"},"modified":"2025-07-15T22:49:53","modified_gmt":"2025-07-15T19:49:53","slug":"kajakalinnad","status":"publish","type":"product","link":"https:\/\/fil.ee\/uus\/toode\/kajakalinnad\/","title":{"rendered":"Kajakalinnad"},"content":{"rendered":"<p style=\"text-align: justify;\">16. novembril 2023. aastal ilmus meie kirjastuselt uus luuleraamat, Triinu Kree &#8220;Kajakalinnad&#8221;. Raamat on pehmete kaante ja mustvalge sisuga. Raamatu m\u00f5\u00f5dud on 148&#215;210 mm, maht 104 lehek\u00fclge. Toimetas Heli Hallik, k\u00fcljendas Vallo Hallik ja kaaned kujundas Joosep Spirka<\/p>\n<p style=\"text-align: justify;\"><strong>Raamatu tutvustus:<br \/>\n<\/strong>\u201eKajakalinnad&#8221; on kirglik k\u00f5nelus elu peidetud hetkedest kuni \u00fchiskonnakriitiliste teemadeni \u2013 k\u00f5ik seob kokku keelem\u00e4ngulisus ja vaatlus l\u00e4bi huumoriprisma. Autor flirdib absurdi ning s\u00fcrrealismiga ja nendib, et ilmselt ei saagi ta kunagi p\u00e4ris valmis, just nagu Tallinn \u00dclemiste vanakese legendis.<\/p>\n<p style=\"text-align: justify;\">Raamatusse sisse vaadata saab <a href=\"https:\/\/fil.ee\/sisu\/Kajaklinnad_esimesed_15lk.pdf\">siit<\/a>.<\/p>\n","protected":false},"excerpt":{"rendered":"<p>16. novembril 2023. aastal ilmus meie kirjastuselt uus luuleraamat, Triinu Kree &#8220;Kajakalinnad&#8221;. Raamat on pehmete kaante ja mustvalge sisuga. Raamatu m\u00f5\u00f5dud on 148&#215;210 mm, maht 104 lehek\u00fclge. Toimetas Heli Hallik, k\u00fcljendas Vallo Hallik ja kaaned kujundas Joosep Spirka Raamatu tutvustus: \u201eKajakalinnad&#8221; on kirglik k\u00f5nelus elu peidetud hetkedest kuni \u00fchiskonnakriitiliste teemadeni \u2013 k\u00f5ik seob kokku keelem\u00e4ngulisus [&hellip;]<\/p>\n","protected":false},"featured_media":2180,"comment_status":"open","ping_status":"closed","template":"","meta":[],"product_brand":[],"product_cat":[23],"product_tag":[],"class_list":{"0":"post-2179","1":"product","2":"type-product","3":"status-publish","4":"has-post-thumbnail","6":"product_cat-luule","8":"first","9":"instock","10":"taxable","11":"shipping-taxable","12":"purchasable","13":"product-type-simple"},"_links":{"self":[{"href":"https:\/\/fil.ee\/uus\/wp-json\/wp\/v2\/product\/2179","targetHints":{"allow":["GET"]}}],"collection":[{"href":"https:\/\/fil.ee\/uus\/wp-json\/wp\/v2\/product"}],"about":[{"href":"https:\/\/fil.ee\/uus\/wp-json\/wp\/v2\/types\/product"}],"replies":[{"embeddable":true,"href":"https:\/\/fil.ee\/uus\/wp-json\/wp\/v2\/comments?post=2179"}],"wp:featuredmedia":[{"embeddable":true,"href":"https:\/\/fil.ee\/uus\/wp-json\/wp\/v2\/media\/2180"}],"wp:attachment":[{"href":"https:\/\/fil.ee\/uus\/wp-json\/wp\/v2\/media?parent=2179"}],"wp:term":[{"taxonomy":"product_brand","embeddable":true,"href":"https:\/\/fil.ee\/uus\/wp-json\/wp\/v2\/product_brand?post=2179"},{"taxonomy":"product_cat","embeddable":true,"href":"https:\/\/fil.ee\/uus\/wp-json\/wp\/v2\/product_cat?post=2179"},{"taxonomy":"product_tag","embeddable":true,"href":"https:\/\/fil.ee\/uus\/wp-json\/wp\/v2\/product_tag?post=2179"}],"curies":[{"name":"wp","href":"https:\/\/api.w.org\/{rel}","templated":true}]}}