{"id":2172,"date":"2023-11-09T07:54:05","date_gmt":"2023-11-09T05:54:05","guid":{"rendered":"https:\/\/fil.ee\/uus\/?post_type=product&#038;p=2172"},"modified":"2025-11-04T20:05:00","modified_gmt":"2025-11-04T18:05:00","slug":"koprad-ja-saladuslik-puuvili","status":"publish","type":"product","link":"https:\/\/fil.ee\/uus\/toode\/koprad-ja-saladuslik-puuvili\/","title":{"rendered":"Koprad ja saladuslik puuvili"},"content":{"rendered":"<p style=\"text-align: justify;\">9. novembril 2023. aastal ilmus meie kirjastuselt uus lasteraamat, Irina Kuli\u0161 &#8220;Koprad ja saladuslik puuvili&#8221;. Raamat on k\u00f5vade kaante ja v\u00e4rvilise sisuga. Raamatu m\u00f5\u00f5dud on 161&#215;206 mm, maht 48 lehek\u00fclge. T\u00f5lkis Heli Hallik, toimetas Irene \u00d5mblus, illustreeris Irina Kuli\u0161, k\u00fcljendas ja kaaned kujundas Vallo Hallik<\/p>\n<p style=\"text-align: justify;\"><strong>Raamatu tutvustus:<br \/>\n<\/strong>Koprad elavad j\u00f5e \u00e4\u00e4res ja k\u00e4ivad metsas harva \u2013 neil pole aega. Uudishimulik koprapoeg tahtis aga n\u00e4ha, kes metsas elavad, missugused on seened ja kus kasvavad maitsvad marjad. Ta proovis k\u00f5ike, s\u00f5brunes usina siili ja nobeda oravaga, tutvus targa rongaga, puutus kokku pahurate metssigadega, kuulas k\u00e4distavat harakat, v\u00f5itles k\u00f5ige hirmsama metsloomaga ning sai teada palju uut.<\/p>\n<p>Raamatusse sisse vaadata saab <a href=\"https:\/\/fil.ee\/sisu\/Koprad_ja_saladuslik_puuvili_esimesed_15lk.pdf\">siit<\/a>.<\/p>\n","protected":false},"excerpt":{"rendered":"<p>9. novembril 2023. aastal ilmus meie kirjastuselt uus lasteraamat, Irina Kuli\u0161 &#8220;Koprad ja saladuslik puuvili&#8221;. Raamat on k\u00f5vade kaante ja v\u00e4rvilise sisuga. Raamatu m\u00f5\u00f5dud on 161&#215;206 mm, maht 48 lehek\u00fclge. T\u00f5lkis Heli Hallik, toimetas Irene \u00d5mblus, illustreeris Irina Kuli\u0161, k\u00fcljendas ja kaaned kujundas Vallo Hallik Raamatu tutvustus: Koprad elavad j\u00f5e \u00e4\u00e4res ja k\u00e4ivad metsas harva [&hellip;]<\/p>\n","protected":false},"featured_media":2173,"comment_status":"open","ping_status":"closed","template":"","meta":[],"product_brand":[],"product_cat":[22],"product_tag":[],"class_list":{"0":"post-2172","1":"product","2":"type-product","3":"status-publish","4":"has-post-thumbnail","6":"product_cat-lastele","8":"first","9":"instock","10":"taxable","11":"shipping-taxable","12":"purchasable","13":"product-type-simple"},"_links":{"self":[{"href":"https:\/\/fil.ee\/uus\/wp-json\/wp\/v2\/product\/2172","targetHints":{"allow":["GET"]}}],"collection":[{"href":"https:\/\/fil.ee\/uus\/wp-json\/wp\/v2\/product"}],"about":[{"href":"https:\/\/fil.ee\/uus\/wp-json\/wp\/v2\/types\/product"}],"replies":[{"embeddable":true,"href":"https:\/\/fil.ee\/uus\/wp-json\/wp\/v2\/comments?post=2172"}],"wp:featuredmedia":[{"embeddable":true,"href":"https:\/\/fil.ee\/uus\/wp-json\/wp\/v2\/media\/2173"}],"wp:attachment":[{"href":"https:\/\/fil.ee\/uus\/wp-json\/wp\/v2\/media?parent=2172"}],"wp:term":[{"taxonomy":"product_brand","embeddable":true,"href":"https:\/\/fil.ee\/uus\/wp-json\/wp\/v2\/product_brand?post=2172"},{"taxonomy":"product_cat","embeddable":true,"href":"https:\/\/fil.ee\/uus\/wp-json\/wp\/v2\/product_cat?post=2172"},{"taxonomy":"product_tag","embeddable":true,"href":"https:\/\/fil.ee\/uus\/wp-json\/wp\/v2\/product_tag?post=2172"}],"curies":[{"name":"wp","href":"https:\/\/api.w.org\/{rel}","templated":true}]}}