{"id":2168,"date":"2023-11-09T07:41:51","date_gmt":"2023-11-09T05:41:51","guid":{"rendered":"https:\/\/fil.ee\/uus\/?post_type=product&#038;p=2168"},"modified":"2025-07-15T22:48:25","modified_gmt":"2025-07-15T19:48:25","slug":"joulu-ja-talveluuletused-lastele","status":"publish","type":"product","link":"https:\/\/fil.ee\/uus\/toode\/joulu-ja-talveluuletused-lastele\/","title":{"rendered":"J\u00f5ulu- ja talveluuletused lastele"},"content":{"rendered":"<p>9. novembril 2023. aastal ilmus meie kirjastuselt uus lasteeraamat, Erle M\u00e4gi &#8220;J\u00f5ulu- ja talveluuletused lastele&#8221;. Raamat on k\u00f5vade kaante ja v\u00e4rvilise sisuga. Raamatu m\u00f5\u00f5dud on 148&#215;210 mm, maht 32 lehek\u00fclge. Toimetas Heli Hallik, illustreeris Jana Valge, k\u00fcljendas ja kaaned kujundas Vallo Hallik<\/p>\n<p><strong>Raamatu tutvustus:<br \/>\n<\/strong>TERE ARMAS LUGEJA!<br \/>\nJ\u00d5ULUAEG ON VAHVA JA KIIRE AEG. IGA P\u00c4EV ADVENDIAJAL TOOB J\u00d5ULUVANA SAABUMISE AINA L\u00c4HEMALE. TEGEMIST ON \u00c4KITSELT N\u00d5NDA PALJU, ET UNUNEDA V\u00d5IB K\u00d5IGE OLULISEM \u2013 J\u00d5ULUVANA R\u00d5\u00d5MUSTAMINE. KIRJUTASIN SELLELE M\u00d5ELDES RAAMATU, MIS ON T\u00d5ELISEKS ABILISEKS TERVELE PERELE. SELLES PISIKESES LUULEKOGUMIKUS ON J\u00d5ULULUULETUSI IGALE MAITSELE. ISEGI KUTSIKAS LEIAB SIIT TRIKI, KUIDAS J\u00d5ULUVANA \u00dcLLATADA:<\/p>\n<p>KUI J\u00d5ULUPUU SAAB EHITUD,<br \/>\nME KOER NII R\u00d5\u00d5MUS N\u00c4IB<br \/>\nNING TERVET PERET R\u00d5\u00d5MUSTAB \u2013<br \/>\nTA KAHEL K\u00c4PAL K\u00c4IB!<\/p>\n<p>Raamatusse sisse vaadata saab <a href=\"https:\/\/fil.ee\/sisu\/Joulu-_ja_talveluuletused_lastele_esimesed_15lk.pdf\">siit<\/a>.<\/p>\n","protected":false},"excerpt":{"rendered":"<p>9. novembril 2023. aastal ilmus meie kirjastuselt uus lasteeraamat, Erle M\u00e4gi &#8220;J\u00f5ulu- ja talveluuletused lastele&#8221;. Raamat on k\u00f5vade kaante ja v\u00e4rvilise sisuga. Raamatu m\u00f5\u00f5dud on 148&#215;210 mm, maht 32 lehek\u00fclge. Toimetas Heli Hallik, illustreeris Jana Valge, k\u00fcljendas ja kaaned kujundas Vallo Hallik Raamatu tutvustus: TERE ARMAS LUGEJA! J\u00d5ULUAEG ON VAHVA JA KIIRE AEG. IGA P\u00c4EV [&hellip;]<\/p>\n","protected":false},"featured_media":2169,"comment_status":"open","ping_status":"closed","template":"","meta":[],"product_brand":[],"product_cat":[22,23],"product_tag":[],"class_list":{"0":"post-2168","1":"product","2":"type-product","3":"status-publish","4":"has-post-thumbnail","6":"product_cat-lastele","7":"product_cat-luule","9":"first","10":"instock","11":"taxable","12":"shipping-taxable","13":"purchasable","14":"product-type-simple"},"_links":{"self":[{"href":"https:\/\/fil.ee\/uus\/wp-json\/wp\/v2\/product\/2168","targetHints":{"allow":["GET"]}}],"collection":[{"href":"https:\/\/fil.ee\/uus\/wp-json\/wp\/v2\/product"}],"about":[{"href":"https:\/\/fil.ee\/uus\/wp-json\/wp\/v2\/types\/product"}],"replies":[{"embeddable":true,"href":"https:\/\/fil.ee\/uus\/wp-json\/wp\/v2\/comments?post=2168"}],"wp:featuredmedia":[{"embeddable":true,"href":"https:\/\/fil.ee\/uus\/wp-json\/wp\/v2\/media\/2169"}],"wp:attachment":[{"href":"https:\/\/fil.ee\/uus\/wp-json\/wp\/v2\/media?parent=2168"}],"wp:term":[{"taxonomy":"product_brand","embeddable":true,"href":"https:\/\/fil.ee\/uus\/wp-json\/wp\/v2\/product_brand?post=2168"},{"taxonomy":"product_cat","embeddable":true,"href":"https:\/\/fil.ee\/uus\/wp-json\/wp\/v2\/product_cat?post=2168"},{"taxonomy":"product_tag","embeddable":true,"href":"https:\/\/fil.ee\/uus\/wp-json\/wp\/v2\/product_tag?post=2168"}],"curies":[{"name":"wp","href":"https:\/\/api.w.org\/{rel}","templated":true}]}}