{"id":2161,"date":"2023-10-12T16:03:28","date_gmt":"2023-10-12T13:03:28","guid":{"rendered":"https:\/\/fil.ee\/uus\/?post_type=product&#038;p=2161"},"modified":"2025-07-15T22:48:08","modified_gmt":"2025-07-15T19:48:08","slug":"sa-oled-mu-peegel-piibel","status":"publish","type":"product","link":"https:\/\/fil.ee\/uus\/toode\/sa-oled-mu-peegel-piibel\/","title":{"rendered":"Sa oled mu peegel\/piibel"},"content":{"rendered":"<p style=\"text-align: justify;\">12. oktoobril 2023. aastal valmis meie kirjastuselt 2015. aastal ilmunud luuleraamatu Maarika Siim &#8220;Sa oled mu peegel\/piibel&#8221; juurdetr\u00fckk. Raamat on k\u00f5vade kaante ja mustvalge sisuga. Raamatu m\u00f5\u00f5dud on 153&#215;216 mm, maht 208 lehek\u00fclge.<\/p>\n<p style=\"text-align: justify;\"><strong>Raamatu tutvustus:<br \/>\n<\/strong>Kui Sa selle raamatukese kaanepildile vaatad, tunned ennast \u00e4ra! Ja ma ei valeta!<br \/>\nKui Sa sellesse raamatusse sisse vaatad, v\u00f5id tunda imestust, ahastust, armastust, h\u00e4bi, h\u00e4bitust ja aimata, kust king pigistab \u2013 Sul enesel.<br \/>\nV\u00f5i tunned korraga palki silmas \u2013 aga t\u00e4naseni see ei h\u00f5\u00f5runud&#8230; Sa v\u00f5id hakata v\u00f5itlema kuumahoogudega nahavahel, mis t\u00e4hendab, et Sind ei j\u00e4ta k\u00fclmaks vabalt langenud s\u00f5nade sidumine paberile ja luuleraamatuks: SA OLED MU PEEGEL\/PIIBEL.<\/p>\n","protected":false},"excerpt":{"rendered":"<p>12. oktoobril 2023. aastal valmis meie kirjastuselt 2015. aastal ilmunud luuleraamatu Maarika Siim &#8220;Sa oled mu peegel\/piibel&#8221; juurdetr\u00fckk. Raamat on k\u00f5vade kaante ja mustvalge sisuga. Raamatu m\u00f5\u00f5dud on 153&#215;216 mm, maht 208 lehek\u00fclge. Raamatu tutvustus: Kui Sa selle raamatukese kaanepildile vaatad, tunned ennast \u00e4ra! Ja ma ei valeta! Kui Sa sellesse raamatusse sisse vaatad, v\u00f5id [&hellip;]<\/p>\n","protected":false},"featured_media":2162,"comment_status":"open","ping_status":"closed","template":"","meta":[],"product_brand":[],"product_cat":[23],"product_tag":[],"class_list":{"0":"post-2161","1":"product","2":"type-product","3":"status-publish","4":"has-post-thumbnail","6":"product_cat-luule","8":"first","9":"instock","10":"taxable","11":"shipping-taxable","12":"purchasable","13":"product-type-simple"},"_links":{"self":[{"href":"https:\/\/fil.ee\/uus\/wp-json\/wp\/v2\/product\/2161","targetHints":{"allow":["GET"]}}],"collection":[{"href":"https:\/\/fil.ee\/uus\/wp-json\/wp\/v2\/product"}],"about":[{"href":"https:\/\/fil.ee\/uus\/wp-json\/wp\/v2\/types\/product"}],"replies":[{"embeddable":true,"href":"https:\/\/fil.ee\/uus\/wp-json\/wp\/v2\/comments?post=2161"}],"wp:featuredmedia":[{"embeddable":true,"href":"https:\/\/fil.ee\/uus\/wp-json\/wp\/v2\/media\/2162"}],"wp:attachment":[{"href":"https:\/\/fil.ee\/uus\/wp-json\/wp\/v2\/media?parent=2161"}],"wp:term":[{"taxonomy":"product_brand","embeddable":true,"href":"https:\/\/fil.ee\/uus\/wp-json\/wp\/v2\/product_brand?post=2161"},{"taxonomy":"product_cat","embeddable":true,"href":"https:\/\/fil.ee\/uus\/wp-json\/wp\/v2\/product_cat?post=2161"},{"taxonomy":"product_tag","embeddable":true,"href":"https:\/\/fil.ee\/uus\/wp-json\/wp\/v2\/product_tag?post=2161"}],"curies":[{"name":"wp","href":"https:\/\/api.w.org\/{rel}","templated":true}]}}