{"id":2154,"date":"2023-10-04T11:26:38","date_gmt":"2023-10-04T08:26:38","guid":{"rendered":"https:\/\/fil.ee\/uus\/?post_type=product&#038;p=2154"},"modified":"2025-07-15T22:49:20","modified_gmt":"2025-07-15T19:49:20","slug":"uefa-meistrite-liiga-meeskondade-logod-2023-2024-varvimise-ja-teadmiste-raamat","status":"publish","type":"product","link":"https:\/\/fil.ee\/uus\/toode\/uefa-meistrite-liiga-meeskondade-logod-2023-2024-varvimise-ja-teadmiste-raamat\/","title":{"rendered":"UEFA meistrite liiga meeskondade logod 2023-2024. V\u00e4rvimise ja teadmiste raamat"},"content":{"rendered":"<p>2023. aasta 4. oktoobril ilmus meie kirjastuselt heategevus\u00fchingu Hea Tegu tellimusel uus v\u00e4rviraamat \u201cUEFA meistrite liiga meeskondade logod 2023-2024. V\u00e4rvimise ja teadmiste raamat\u201d. Raamat on pehmete kaante ja mustvalge sisuga. Logod on m\u00f5eldud v\u00e4rvimiseks. Raamatu m\u00f5\u00f5dud on 240\u00d7176 mm, maht 16 lehek\u00fclge. Koostas fil, k\u00fcljendas ja kaaned kujundas Vallo Hallik.<\/p>\n<p style=\"text-align: justify;\"><strong>Raamatu tutvustus:<br \/>\n<\/strong>Kas sa teadsid, et &#8230;<br \/>\nturniirilt v\u00f5tab osa 32 meeskonda 15 riigist<br \/>\nsuurim staadion on BORUSSIA DORTMUND\u00b4i 81 365-kohaline<br \/>\nv\u00e4ikseim on 16 144-kohaline ROYAL ANTWERP FC staadion<br \/>\nnoorim osalev klubi asutati 2009. aastal ja see on RB LEIPZIG<br \/>\n2 vanimat klubi asutati 1878. aastal, need on MANCHESTER UNITED ja ARSENAL FC<br \/>\nenim kordi on v\u00f5itnud REAL MADRID CF \u2013 14 korda; 0 v\u00f5itu on koguni 19. meeskonnal<br \/>\noma riigi meistriks on enim kordi tulnud CELTIC FC, koguni 53 korda<\/p>\n<p>Raamatusse sisse vaadata saab <a href=\"https:\/\/fil.ee\/sisu\/meistrite_liiga_-_2023-2024_esimesed_15lk.pdf\">siit<\/a>.<\/p>\n","protected":false},"excerpt":{"rendered":"<p>2023. aasta 4. oktoobril ilmus meie kirjastuselt heategevus\u00fchingu Hea Tegu tellimusel uus v\u00e4rviraamat \u201cUEFA meistrite liiga meeskondade logod 2023-2024. V\u00e4rvimise ja teadmiste raamat\u201d. Raamat on pehmete kaante ja mustvalge sisuga. Logod on m\u00f5eldud v\u00e4rvimiseks. Raamatu m\u00f5\u00f5dud on 240\u00d7176 mm, maht 16 lehek\u00fclge. Koostas fil, k\u00fcljendas ja kaaned kujundas Vallo Hallik. Raamatu tutvustus: Kas sa teadsid, [&hellip;]<\/p>\n","protected":false},"featured_media":2155,"comment_status":"open","ping_status":"closed","template":"","meta":[],"product_brand":[],"product_cat":[22],"product_tag":[],"class_list":{"0":"post-2154","1":"product","2":"type-product","3":"status-publish","4":"has-post-thumbnail","6":"product_cat-lastele","8":"first","9":"instock","10":"sale","11":"taxable","12":"shipping-taxable","13":"purchasable","14":"product-type-simple"},"_links":{"self":[{"href":"https:\/\/fil.ee\/uus\/wp-json\/wp\/v2\/product\/2154","targetHints":{"allow":["GET"]}}],"collection":[{"href":"https:\/\/fil.ee\/uus\/wp-json\/wp\/v2\/product"}],"about":[{"href":"https:\/\/fil.ee\/uus\/wp-json\/wp\/v2\/types\/product"}],"replies":[{"embeddable":true,"href":"https:\/\/fil.ee\/uus\/wp-json\/wp\/v2\/comments?post=2154"}],"wp:featuredmedia":[{"embeddable":true,"href":"https:\/\/fil.ee\/uus\/wp-json\/wp\/v2\/media\/2155"}],"wp:attachment":[{"href":"https:\/\/fil.ee\/uus\/wp-json\/wp\/v2\/media?parent=2154"}],"wp:term":[{"taxonomy":"product_brand","embeddable":true,"href":"https:\/\/fil.ee\/uus\/wp-json\/wp\/v2\/product_brand?post=2154"},{"taxonomy":"product_cat","embeddable":true,"href":"https:\/\/fil.ee\/uus\/wp-json\/wp\/v2\/product_cat?post=2154"},{"taxonomy":"product_tag","embeddable":true,"href":"https:\/\/fil.ee\/uus\/wp-json\/wp\/v2\/product_tag?post=2154"}],"curies":[{"name":"wp","href":"https:\/\/api.w.org\/{rel}","templated":true}]}}