{"id":2150,"date":"2023-08-31T14:09:19","date_gmt":"2023-08-31T11:09:19","guid":{"rendered":"https:\/\/fil.ee\/uus\/?post_type=product&#038;p=2150"},"modified":"2025-07-15T22:49:20","modified_gmt":"2025-07-15T19:49:20","slug":"toredad-lastelood","status":"publish","type":"product","link":"https:\/\/fil.ee\/uus\/toode\/toredad-lastelood\/","title":{"rendered":"Toredad lastelood"},"content":{"rendered":"<p style=\"text-align: justify;\">31. augustil 2023. aastal ilmus meie kirjastuselt uus lasteraamat, Anne Parker &#8220;Toredad lastelood&#8221;. Raamat on k\u00f5vade kaante ja v\u00e4rvilise sisuga. Raamatu m\u00f5\u00f5dud on 148&#215;210 mm, maht 32 lehek\u00fclge. Toimetas Heli Hallik, illustreeris Liina Lippasaar, k\u00fcljendas ja kaaned kujundas Vallo Hallik<\/p>\n<p style=\"text-align: justify;\"><strong>Raamatu tutvustus:<br \/>\n<\/strong>Armsad lapsed!<br \/>\nMa olen kirjutanud teile \u201eToredad lastelood\u201d, et v\u00f5iksite saada r\u00f5\u00f5msaks! Ehk leiate siit enda lemmikloo, mida loete ikka ja j\u00e4lle \u2026<br \/>\nArmastusega Anne<\/p>\n","protected":false},"excerpt":{"rendered":"<p>31. augustil 2023. aastal ilmus meie kirjastuselt uus lasteraamat, Anne Parker &#8220;Toredad lastelood&#8221;. Raamat on k\u00f5vade kaante ja v\u00e4rvilise sisuga. Raamatu m\u00f5\u00f5dud on 148&#215;210 mm, maht 32 lehek\u00fclge. Toimetas Heli Hallik, illustreeris Liina Lippasaar, k\u00fcljendas ja kaaned kujundas Vallo Hallik Raamatu tutvustus: Armsad lapsed! Ma olen kirjutanud teile \u201eToredad lastelood\u201d, et v\u00f5iksite saada r\u00f5\u00f5msaks! Ehk [&hellip;]<\/p>\n","protected":false},"featured_media":2151,"comment_status":"open","ping_status":"closed","template":"","meta":[],"product_brand":[],"product_cat":[22],"product_tag":[],"class_list":{"0":"post-2150","1":"product","2":"type-product","3":"status-publish","4":"has-post-thumbnail","6":"product_cat-lastele","8":"first","9":"instock","10":"taxable","11":"shipping-taxable","12":"purchasable","13":"product-type-simple"},"_links":{"self":[{"href":"https:\/\/fil.ee\/uus\/wp-json\/wp\/v2\/product\/2150","targetHints":{"allow":["GET"]}}],"collection":[{"href":"https:\/\/fil.ee\/uus\/wp-json\/wp\/v2\/product"}],"about":[{"href":"https:\/\/fil.ee\/uus\/wp-json\/wp\/v2\/types\/product"}],"replies":[{"embeddable":true,"href":"https:\/\/fil.ee\/uus\/wp-json\/wp\/v2\/comments?post=2150"}],"wp:featuredmedia":[{"embeddable":true,"href":"https:\/\/fil.ee\/uus\/wp-json\/wp\/v2\/media\/2151"}],"wp:attachment":[{"href":"https:\/\/fil.ee\/uus\/wp-json\/wp\/v2\/media?parent=2150"}],"wp:term":[{"taxonomy":"product_brand","embeddable":true,"href":"https:\/\/fil.ee\/uus\/wp-json\/wp\/v2\/product_brand?post=2150"},{"taxonomy":"product_cat","embeddable":true,"href":"https:\/\/fil.ee\/uus\/wp-json\/wp\/v2\/product_cat?post=2150"},{"taxonomy":"product_tag","embeddable":true,"href":"https:\/\/fil.ee\/uus\/wp-json\/wp\/v2\/product_tag?post=2150"}],"curies":[{"name":"wp","href":"https:\/\/api.w.org\/{rel}","templated":true}]}}