{"id":2147,"date":"2023-08-30T16:23:46","date_gmt":"2023-08-30T13:23:46","guid":{"rendered":"https:\/\/fil.ee\/uus\/?post_type=product&#038;p=2147"},"modified":"2025-07-15T22:49:53","modified_gmt":"2025-07-15T19:49:53","slug":"2147","status":"publish","type":"product","link":"https:\/\/fil.ee\/uus\/toode\/2147\/","title":{"rendered":"T\u00e4hetrall"},"content":{"rendered":"<p>30. augustil 2023. aastal ilmus meie kirjastuselt uus lasteraamat, Erle M\u00e4gi &#8220;T\u00e4hetrall&#8221;. Raamat on k\u00f5vade kaante ja v\u00e4rvilise sisuga. Raamatu m\u00f5\u00f5dud on 148&#215;210 mm, maht 36 lehek\u00fclge. Toimetas Heli Hallik, illustreeris Jana Valge, k\u00fcljendas ja kaaned kujundas Vallo Hallik<\/p>\n<p style=\"text-align: justify;\"><strong>Raamatu tutvustus:<br \/>\n<\/strong>ARMAS MUDILANE!<br \/>\nKUI SINU SOOV ON LUGEDA TR\u00dcKIT\u00c4HTEDEGA TOREDAID L\u00dcHIJUTTE, SIIS HAARA EMMEL KLEIDI\u00c4\u00c4REST JA TEATA R\u00d5\u00d5MSAL H\u00c4\u00c4LEL: \u201eTAHAN JUST SEDA RAAMATUT LUGEDA!\u201d<br \/>\nAHJAA, SELLES RAAMATUS SAAD KA T\u00c4HED V\u00c4LJA \u00d6ELDES PUHTALT NING SELGELT K\u00d5LAMA, NII ET TEIST KORDA OMA SOOVI VANEMATELE \u00dcTLEMA EI PEA. IGA S\u00d5NA L\u00dcHIJUTUS ALGAB SAMA T\u00c4HEGA. T\u00c4IEGA P\u00d5NEV NING VANEMAD V\u00d5IB-OLLA EI PEAGI SULLE K\u00d5NERAVI \u00d5PETAJAT OTSIMA.<br \/>\nHOBUNE HINDREK, KUKK KUIDO, \u00d5LEK\u00d5RS \u00d5ILME, SIILIPOISS SIIM JA PALJUD TEISED TEGELASED OTSIVAD JUBA SINUSUGUST S\u00d5PRA!<br \/>\nM\u00d5NUSAT LUGEMIST!<\/p>\n","protected":false},"excerpt":{"rendered":"<p>30. augustil 2023. aastal ilmus meie kirjastuselt uus lasteraamat, Erle M\u00e4gi &#8220;T\u00e4hetrall&#8221;. Raamat on k\u00f5vade kaante ja v\u00e4rvilise sisuga. Raamatu m\u00f5\u00f5dud on 148&#215;210 mm, maht 36 lehek\u00fclge. Toimetas Heli Hallik, illustreeris Jana Valge, k\u00fcljendas ja kaaned kujundas Vallo Hallik Raamatu tutvustus: ARMAS MUDILANE! KUI SINU SOOV ON LUGEDA TR\u00dcKIT\u00c4HTEDEGA TOREDAID L\u00dcHIJUTTE, SIIS HAARA EMMEL KLEIDI\u00c4\u00c4REST [&hellip;]<\/p>\n","protected":false},"featured_media":2148,"comment_status":"open","ping_status":"closed","template":"","meta":[],"product_brand":[],"product_cat":[22],"product_tag":[],"class_list":{"0":"post-2147","1":"product","2":"type-product","3":"status-publish","4":"has-post-thumbnail","6":"product_cat-lastele","8":"first","9":"instock","10":"taxable","11":"shipping-taxable","12":"purchasable","13":"product-type-simple"},"_links":{"self":[{"href":"https:\/\/fil.ee\/uus\/wp-json\/wp\/v2\/product\/2147","targetHints":{"allow":["GET"]}}],"collection":[{"href":"https:\/\/fil.ee\/uus\/wp-json\/wp\/v2\/product"}],"about":[{"href":"https:\/\/fil.ee\/uus\/wp-json\/wp\/v2\/types\/product"}],"replies":[{"embeddable":true,"href":"https:\/\/fil.ee\/uus\/wp-json\/wp\/v2\/comments?post=2147"}],"wp:featuredmedia":[{"embeddable":true,"href":"https:\/\/fil.ee\/uus\/wp-json\/wp\/v2\/media\/2148"}],"wp:attachment":[{"href":"https:\/\/fil.ee\/uus\/wp-json\/wp\/v2\/media?parent=2147"}],"wp:term":[{"taxonomy":"product_brand","embeddable":true,"href":"https:\/\/fil.ee\/uus\/wp-json\/wp\/v2\/product_brand?post=2147"},{"taxonomy":"product_cat","embeddable":true,"href":"https:\/\/fil.ee\/uus\/wp-json\/wp\/v2\/product_cat?post=2147"},{"taxonomy":"product_tag","embeddable":true,"href":"https:\/\/fil.ee\/uus\/wp-json\/wp\/v2\/product_tag?post=2147"}],"curies":[{"name":"wp","href":"https:\/\/api.w.org\/{rel}","templated":true}]}}