{"id":2142,"date":"2023-08-02T17:53:41","date_gmt":"2023-08-02T14:53:41","guid":{"rendered":"https:\/\/fil.ee\/uus\/?post_type=product&#038;p=2142"},"modified":"2025-07-15T22:47:52","modified_gmt":"2025-07-15T19:47:52","slug":"jaljed","status":"publish","type":"product","link":"https:\/\/fil.ee\/uus\/toode\/jaljed\/","title":{"rendered":"J\u00e4ljed"},"content":{"rendered":"<p>2. augustil 2023. aastal ilmus meie kirjastuselt uus lasteraamat, Laura Rakaselg &#8220;J\u00e4ljed&#8221;. Raamat on pehmete kaante ja v\u00e4rvilise sisuga. Raamatu m\u00f5\u00f5dud on 148&#215;210 mm, maht 24 lehek\u00fclge. Illustreeris Laura Rakaselg, k\u00fcljendas ja kaaned kujundas Vallo Hallik<\/p>\n<p><strong>Raamatu tutvustus:<br \/>\n<\/strong>Looduses viibides kohtame tihti loomaj\u00e4lgi, aga ei tea kellele need kuuluvad. Kas peaksime kartma v\u00f5i hoopis nendele j\u00e4rgnema? Raamatust leiab 20 erineva Eestis elava looma k\u00e4paj\u00e4lje. Osad neist v\u00f5ivad juba olla tuttavad, aga kindlasti leidub ka avastamisr\u00f5\u00f5mu.<\/p>\n<p>Raamatusse sisse vaatamiseks kl\u00f5psa <a href=\"https:\/\/fil.ee\/sisu\/Jaljed_esimesed15lk.pdf\">siia.<\/a><\/p>\n","protected":false},"excerpt":{"rendered":"<p>2. augustil 2023. aastal ilmus meie kirjastuselt uus lasteraamat, Laura Rakaselg &#8220;J\u00e4ljed&#8221;. Raamat on pehmete kaante ja v\u00e4rvilise sisuga. Raamatu m\u00f5\u00f5dud on 148&#215;210 mm, maht 24 lehek\u00fclge. Illustreeris Laura Rakaselg, k\u00fcljendas ja kaaned kujundas Vallo Hallik Raamatu tutvustus: Looduses viibides kohtame tihti loomaj\u00e4lgi, aga ei tea kellele need kuuluvad. Kas peaksime kartma v\u00f5i hoopis nendele [&hellip;]<\/p>\n","protected":false},"featured_media":2143,"comment_status":"open","ping_status":"closed","template":"","meta":[],"product_brand":[],"product_cat":[22],"product_tag":[],"class_list":{"0":"post-2142","1":"product","2":"type-product","3":"status-publish","4":"has-post-thumbnail","6":"product_cat-lastele","8":"first","9":"instock","10":"taxable","11":"shipping-taxable","12":"purchasable","13":"product-type-simple"},"_links":{"self":[{"href":"https:\/\/fil.ee\/uus\/wp-json\/wp\/v2\/product\/2142","targetHints":{"allow":["GET"]}}],"collection":[{"href":"https:\/\/fil.ee\/uus\/wp-json\/wp\/v2\/product"}],"about":[{"href":"https:\/\/fil.ee\/uus\/wp-json\/wp\/v2\/types\/product"}],"replies":[{"embeddable":true,"href":"https:\/\/fil.ee\/uus\/wp-json\/wp\/v2\/comments?post=2142"}],"wp:featuredmedia":[{"embeddable":true,"href":"https:\/\/fil.ee\/uus\/wp-json\/wp\/v2\/media\/2143"}],"wp:attachment":[{"href":"https:\/\/fil.ee\/uus\/wp-json\/wp\/v2\/media?parent=2142"}],"wp:term":[{"taxonomy":"product_brand","embeddable":true,"href":"https:\/\/fil.ee\/uus\/wp-json\/wp\/v2\/product_brand?post=2142"},{"taxonomy":"product_cat","embeddable":true,"href":"https:\/\/fil.ee\/uus\/wp-json\/wp\/v2\/product_cat?post=2142"},{"taxonomy":"product_tag","embeddable":true,"href":"https:\/\/fil.ee\/uus\/wp-json\/wp\/v2\/product_tag?post=2142"}],"curies":[{"name":"wp","href":"https:\/\/api.w.org\/{rel}","templated":true}]}}