{"id":2134,"date":"2023-07-26T23:23:28","date_gmt":"2023-07-26T20:23:28","guid":{"rendered":"https:\/\/fil.ee\/uus\/?post_type=product&#038;p=2134"},"modified":"2025-07-15T22:49:20","modified_gmt":"2025-07-15T19:49:20","slug":"mitte-minu-poeg","status":"publish","type":"product","link":"https:\/\/fil.ee\/uus\/toode\/mitte-minu-poeg\/","title":{"rendered":"Mitte minu poeg"},"content":{"rendered":"<p style=\"text-align: justify;\">27. juulil 2023. aastal ilmus meie kirjastuselt uus raamat, Silja Vaher &#8220;Mitte minu poeg&#8221;. Raamat on pehmete kaante ja mustvalge sisuga. Raamatu m\u00f5\u00f5dud on 130&#215;200 mm, maht 304 lehek\u00fclge. Toimetas Irene \u00d5mblus, k\u00fcljendas ja kaaned kujundas Jaan Lehismets<\/p>\n<p style=\"text-align: justify;\"><strong>Raamatu tutvustus:<br \/>\n<\/strong>Seksuaalkuriteod on \u00fched j\u00f5hkraimad peitkuriteod, mille ulatusest pole politseil aimugi. Hakates uurima \u00fche inimese kadumist, komistatakse hoopis raskematele kuritegudele. Erinevad keerdk\u00e4igud ja ootamatud s\u00fcndmused viivad uurijad kummalistesse kohtadesse. Kas kurjategijad p\u00e4\u00e4sevad puhtalt v\u00f5i saavad teenitud karistuse, selgub alles viimastel lehek\u00fclgedel.<\/p>\n<p>Raamatusse sisse vaatamiseks kl\u00f5psa <a href=\"https:\/\/fil.ee\/sisu\/Mitte_minu_poeg_1-15.pdf\">siia<\/a>.<\/p>\n","protected":false},"excerpt":{"rendered":"<p>27. juulil 2023. aastal ilmus meie kirjastuselt uus raamat, Silja Vaher &#8220;Mitte minu poeg&#8221;. Raamat on pehmete kaante ja mustvalge sisuga. Raamatu m\u00f5\u00f5dud on 130&#215;200 mm, maht 304 lehek\u00fclge. Toimetas Irene \u00d5mblus, k\u00fcljendas ja kaaned kujundas Jaan Lehismets Raamatu tutvustus: Seksuaalkuriteod on \u00fched j\u00f5hkraimad peitkuriteod, mille ulatusest pole politseil aimugi. Hakates uurima \u00fche inimese kadumist, [&hellip;]<\/p>\n","protected":false},"featured_media":2135,"comment_status":"open","ping_status":"closed","template":"","meta":[],"product_brand":[],"product_cat":[19,21],"product_tag":[],"class_list":{"0":"post-2134","1":"product","2":"type-product","3":"status-publish","4":"has-post-thumbnail","6":"product_cat-ilukirjandus","7":"product_cat-kriminaalromaan","9":"first","10":"instock","11":"taxable","12":"shipping-taxable","13":"purchasable","14":"product-type-simple"},"_links":{"self":[{"href":"https:\/\/fil.ee\/uus\/wp-json\/wp\/v2\/product\/2134","targetHints":{"allow":["GET"]}}],"collection":[{"href":"https:\/\/fil.ee\/uus\/wp-json\/wp\/v2\/product"}],"about":[{"href":"https:\/\/fil.ee\/uus\/wp-json\/wp\/v2\/types\/product"}],"replies":[{"embeddable":true,"href":"https:\/\/fil.ee\/uus\/wp-json\/wp\/v2\/comments?post=2134"}],"wp:featuredmedia":[{"embeddable":true,"href":"https:\/\/fil.ee\/uus\/wp-json\/wp\/v2\/media\/2135"}],"wp:attachment":[{"href":"https:\/\/fil.ee\/uus\/wp-json\/wp\/v2\/media?parent=2134"}],"wp:term":[{"taxonomy":"product_brand","embeddable":true,"href":"https:\/\/fil.ee\/uus\/wp-json\/wp\/v2\/product_brand?post=2134"},{"taxonomy":"product_cat","embeddable":true,"href":"https:\/\/fil.ee\/uus\/wp-json\/wp\/v2\/product_cat?post=2134"},{"taxonomy":"product_tag","embeddable":true,"href":"https:\/\/fil.ee\/uus\/wp-json\/wp\/v2\/product_tag?post=2134"}],"curies":[{"name":"wp","href":"https:\/\/api.w.org\/{rel}","templated":true}]}}