{"id":2110,"date":"2023-06-20T11:01:07","date_gmt":"2023-06-20T08:01:07","guid":{"rendered":"https:\/\/fil.ee\/uus\/?post_type=product&#038;p=2110"},"modified":"2025-07-15T22:47:52","modified_gmt":"2025-07-15T19:47:52","slug":"tundepuhang","status":"publish","type":"product","link":"https:\/\/fil.ee\/uus\/toode\/tundepuhang\/","title":{"rendered":"Tundepuhang"},"content":{"rendered":"<p style=\"text-align: justify;\">20. juunil 2023. aastal ilmus meie kirjastuselt uus luuleraamat, Martin Assin &#8220;Tundepuhang&#8221;. Raamat on pehmete kaante ja mustvalge sisuga. Raamatu m\u00f5\u00f5dud on 148&#215;210 mm, maht 96 lehek\u00fclge. Toimetas Heli Hallik, illustreerisid Krislin Jalakas, k\u00fcljendas ja kaaned kujundas Vallo Hallik<\/p>\n<p style=\"text-align: justify;\"><strong>Raamatu tutvustus:<br \/>\n<\/strong>Minu tundepuhang algas 2016. aastal, kui ma sain aru, et midagi on valesti. Arvasin alguses, et olen peast hull v\u00f5i lihtsalt end segi kamminud ja deemonitega v\u00f5idelnud, aga siis tuli j\u00e4rsku midagi, mis muutis mu maailma ja elu. Ma hakkasin kirjutama luuletusi. Alguses pisikesi ja hiljem suuremaid ning siis, aastaid hiljem, umbes 2022. aastal hakkasin ma kirjutama just seda raamatut, mida Sa k\u00e4es hoiad.<\/p>\n<p>Raamatusse sisse vaatamiseks kl\u00f5psa siia: <a href=\"https:\/\/fil.ee\/sisu\/Tundepuhang_esimesed_15lk.pdf\">https:\/\/fil.ee\/sisu\/Tundepuhang_esimesed_15lk.pdf\u00a0<\/a><\/p>\n<p>&nbsp;<\/p>\n","protected":false},"excerpt":{"rendered":"<p>20. juunil 2023. aastal ilmus meie kirjastuselt uus luuleraamat, Martin Assin &#8220;Tundepuhang&#8221;. Raamat on pehmete kaante ja mustvalge sisuga. Raamatu m\u00f5\u00f5dud on 148&#215;210 mm, maht 96 lehek\u00fclge. Toimetas Heli Hallik, illustreerisid Krislin Jalakas, k\u00fcljendas ja kaaned kujundas Vallo Hallik Raamatu tutvustus: Minu tundepuhang algas 2016. aastal, kui ma sain aru, et midagi on valesti. Arvasin [&hellip;]<\/p>\n","protected":false},"featured_media":2111,"comment_status":"open","ping_status":"closed","template":"","meta":[],"product_brand":[],"product_cat":[19,23],"product_tag":[],"class_list":{"0":"post-2110","1":"product","2":"type-product","3":"status-publish","4":"has-post-thumbnail","6":"product_cat-ilukirjandus","7":"product_cat-luule","9":"first","10":"instock","11":"taxable","12":"shipping-taxable","13":"purchasable","14":"product-type-simple"},"_links":{"self":[{"href":"https:\/\/fil.ee\/uus\/wp-json\/wp\/v2\/product\/2110","targetHints":{"allow":["GET"]}}],"collection":[{"href":"https:\/\/fil.ee\/uus\/wp-json\/wp\/v2\/product"}],"about":[{"href":"https:\/\/fil.ee\/uus\/wp-json\/wp\/v2\/types\/product"}],"replies":[{"embeddable":true,"href":"https:\/\/fil.ee\/uus\/wp-json\/wp\/v2\/comments?post=2110"}],"wp:featuredmedia":[{"embeddable":true,"href":"https:\/\/fil.ee\/uus\/wp-json\/wp\/v2\/media\/2111"}],"wp:attachment":[{"href":"https:\/\/fil.ee\/uus\/wp-json\/wp\/v2\/media?parent=2110"}],"wp:term":[{"taxonomy":"product_brand","embeddable":true,"href":"https:\/\/fil.ee\/uus\/wp-json\/wp\/v2\/product_brand?post=2110"},{"taxonomy":"product_cat","embeddable":true,"href":"https:\/\/fil.ee\/uus\/wp-json\/wp\/v2\/product_cat?post=2110"},{"taxonomy":"product_tag","embeddable":true,"href":"https:\/\/fil.ee\/uus\/wp-json\/wp\/v2\/product_tag?post=2110"}],"curies":[{"name":"wp","href":"https:\/\/api.w.org\/{rel}","templated":true}]}}