{"id":2105,"date":"2023-06-08T02:17:29","date_gmt":"2023-06-07T23:17:29","guid":{"rendered":"https:\/\/fil.ee\/uus\/?post_type=product&#038;p=2105"},"modified":"2024-04-04T20:04:14","modified_gmt":"2024-04-04T17:04:14","slug":"peaaegu-kaksikud","status":"publish","type":"product","link":"https:\/\/fil.ee\/uus\/toode\/peaaegu-kaksikud\/","title":{"rendered":"Peaaegu kaksikud"},"content":{"rendered":"<p>8. juunil 2023. aastal ilmus meie kirjastuselt uus lasteraamat, Helle K\u00f5rgend &#8220;Peaaegu kaksikud&#8221;. Raamat on k\u00f5vade kaante ja v\u00e4rvilise sisuga. Raamatu m\u00f5\u00f5dud on 148&#215;210 mm, maht 64 lehek\u00fclge. Toimetas Heli Hallik, illustreerisid Malle Ploompuu ja Helle K\u00f5rgend, k\u00fcljendas ja kaaned kujundas Jaan Lehismets<\/p>\n<p><strong>Raamatu tutvustus:<br \/>\n<\/strong>&#8220;Aga emme \u00fctles, et nuku juuksed ei kasva tagasi,&#8221; ei tahtnud Malle h\u00e4sti vedu v\u00f5tta, &#8220;kui sa oma nukul juuksed \u00e4ra l\u00f5ikad, siis j\u00e4\u00e4b ta ju kiilakaks.&#8221; &#8220;Ega ma siis k\u00f5iki juukseid \u00e4ra ei l\u00f5ika. Ainult natukene,&#8221; \u00f5igustas Helle.<br \/>\n***<br \/>\n\u00dches v\u00e4ikeses Eesti linnas elasid kord \u00f5ed Helle ja Malle. Neil oli tore koos kasvada. Igav oli neil v\u00e4ga harva, ikka leidus p\u00f5nevaid tegemisi. Kas aga k\u00f5ik sujus alati nii, nagu t\u00fcdrukud lootsid? Seda saab teada, kui raamat avada ja seda lugeda.<br \/>\n***<br \/>\nPildid on joonistanud suureks kasvanud raamatukangelased.<\/p>\n<p>Raamatusse sisse vaatamiseks kl\u00f5psa <a href=\"https:\/\/fil.ee\/sisu\/Peaaegu_kaksikud_esimesed_15lk.pdf\">siia.<\/a><\/p>\n","protected":false},"excerpt":{"rendered":"<p>8. juunil 2023. aastal ilmus meie kirjastuselt uus lasteraamat, Helle K\u00f5rgend &#8220;Peaaegu kaksikud&#8221;. Raamat on k\u00f5vade kaante ja v\u00e4rvilise sisuga. Raamatu m\u00f5\u00f5dud on 148&#215;210 mm, maht 64 lehek\u00fclge. Toimetas Heli Hallik, illustreerisid Malle Ploompuu ja Helle K\u00f5rgend, k\u00fcljendas ja kaaned kujundas Jaan Lehismets Raamatu tutvustus: &#8220;Aga emme \u00fctles, et nuku juuksed ei kasva tagasi,&#8221; ei [&hellip;]<\/p>\n","protected":false},"featured_media":2106,"comment_status":"open","ping_status":"closed","template":"","meta":[],"product_brand":[],"product_cat":[22],"product_tag":[],"class_list":{"0":"post-2105","1":"product","2":"type-product","3":"status-publish","4":"has-post-thumbnail","6":"product_cat-lastele","8":"first","9":"instock","10":"taxable","11":"shipping-taxable","12":"purchasable","13":"product-type-simple"},"_links":{"self":[{"href":"https:\/\/fil.ee\/uus\/wp-json\/wp\/v2\/product\/2105","targetHints":{"allow":["GET"]}}],"collection":[{"href":"https:\/\/fil.ee\/uus\/wp-json\/wp\/v2\/product"}],"about":[{"href":"https:\/\/fil.ee\/uus\/wp-json\/wp\/v2\/types\/product"}],"replies":[{"embeddable":true,"href":"https:\/\/fil.ee\/uus\/wp-json\/wp\/v2\/comments?post=2105"}],"wp:featuredmedia":[{"embeddable":true,"href":"https:\/\/fil.ee\/uus\/wp-json\/wp\/v2\/media\/2106"}],"wp:attachment":[{"href":"https:\/\/fil.ee\/uus\/wp-json\/wp\/v2\/media?parent=2105"}],"wp:term":[{"taxonomy":"product_brand","embeddable":true,"href":"https:\/\/fil.ee\/uus\/wp-json\/wp\/v2\/product_brand?post=2105"},{"taxonomy":"product_cat","embeddable":true,"href":"https:\/\/fil.ee\/uus\/wp-json\/wp\/v2\/product_cat?post=2105"},{"taxonomy":"product_tag","embeddable":true,"href":"https:\/\/fil.ee\/uus\/wp-json\/wp\/v2\/product_tag?post=2105"}],"curies":[{"name":"wp","href":"https:\/\/api.w.org\/{rel}","templated":true}]}}